{"id":40,"date":"2016-12-07T19:56:05","date_gmt":"2016-12-07T18:56:05","guid":{"rendered":"http:\/\/cultureshake.ph-karlsruhe.de\/cusha\/?page_id=40"},"modified":"2019-05-30T15:10:58","modified_gmt":"2019-05-30T13:10:58","slug":"ueber-uns","status":"publish","type":"page","link":"https:\/\/cultureshake.ph-karlsruhe.de\/cusha\/sl\/ueber-uns\/","title":{"rendered":"O nas"},"content":{"rendered":"<p>Konzorcij zdru\u017euje projektne partnerje iz \u0161tirih evropskih dr\u017eav, in sicer Nem\u010dije, \u0160vedske, Slovenije in Zdru\u017eenega kraljestva. Eden od temeljnih ciljev projekta je zgraditi most med teorijo in prakso v didaktiki in prav slednje se odra\u017ea tudi v sestavi projektnih pratnerjev. Sodelovanje dveh univerz (slovenske in nem\u0161ke), dveh \u0161ol in ene kulturne ustanove zagotavlja prenos znanja.<br \/>\nMehr \u00fcber die Projektpartner und die Institutionen:<\/p>\n<ul>\n<li><a href=\"https:\/\/cultureshake.ph-karlsruhe.de\/cusha\/ueber-uns\/team\/ph-karlsruhe\/\">Pedago\u0161ka univerza Karlsruhe (koordinator projekta)<\/a><\/li>\n<li><a href=\"https:\/\/cultureshake.ph-karlsruhe.de\/cusha\/ueber-uns\/team\/friedrich-woehler-gymnasium-singen\/\" target=\"_blank\" rel=\"noopener noreferrer\">gimnazija Friedrich-W\u00f6hler Gymnasium Singen<\/a><\/li>\n<li><a href=\"https:\/\/cultureshake.ph-karlsruhe.de\/cusha\/ueber-uns\/team\/shakespeare-birthplace-trust-sbt\/\" target=\"_blank\" rel=\"noopener noreferrer\">organizacija Shakespeare Birthplace Trust<\/a><\/li>\n<li><a href=\"https:\/\/cultureshake.ph-karlsruhe.de\/cusha\/ueber-uns\/team\/stiftelsen-english-school-gothenburg\/\">angle\u0161ka \u0161ola v Gothenburgu The English School of Gothenburg<\/a><\/li>\n<li><a href=\"https:\/\/cultureshake.ph-karlsruhe.de\/cusha\/ueber-uns\/team\/universitaet-primorska\/\" target=\"_blank\" rel=\"noopener noreferrer\">Univerza na Primorskem<\/a><\/li>\n<\/ul>\n<p><\/p>","protected":false},"excerpt":{"rendered":"<p>Konzorcij zdru\u017euje projektne partnerje iz \u0161tirih evropskih dr\u017eav, in sicer Nem\u010dije, \u0160vedske, Slovenije in Zdru\u017eenega kraljestva. Eden od temeljnih ciljev projekta je zgraditi most med teorijo in prakso v didaktiki in prav slednje se odra\u017ea tudi v sestavi projektnih pratnerjev.<\/p>\n<p><span class=\"ellipsis\">&hellip;<\/span><\/p>\n<div class=\"read-more\"><a href=\"https:\/\/cultureshake.ph-karlsruhe.de\/cusha\/sl\/ueber-uns\/\">Ve\u010d &#8250;<\/a><\/div>\n<p><!-- end of .read-more --><\/p>\n","protected":false},"author":1,"featured_media":0,"parent":0,"menu_order":1,"comment_status":"closed","ping_status":"closed","template":"","meta":{"footnotes":""},"class_list":["post-40","page","type-page","status-publish","hentry"],"_links":{"self":[{"href":"https:\/\/cultureshake.ph-karlsruhe.de\/cusha\/sl\/wp-json\/wp\/v2\/pages\/40","targetHints":{"allow":["GET"]}}],"collection":[{"href":"https:\/\/cultureshake.ph-karlsruhe.de\/cusha\/sl\/wp-json\/wp\/v2\/pages"}],"about":[{"href":"https:\/\/cultureshake.ph-karlsruhe.de\/cusha\/sl\/wp-json\/wp\/v2\/types\/page"}],"author":[{"embeddable":true,"href":"https:\/\/cultureshake.ph-karlsruhe.de\/cusha\/sl\/wp-json\/wp\/v2\/users\/1"}],"replies":[{"embeddable":true,"href":"https:\/\/cultureshake.ph-karlsruhe.de\/cusha\/sl\/wp-json\/wp\/v2\/comments?post=40"}],"version-history":[{"count":19,"href":"https:\/\/cultureshake.ph-karlsruhe.de\/cusha\/sl\/wp-json\/wp\/v2\/pages\/40\/revisions"}],"predecessor-version":[{"id":729,"href":"https:\/\/cultureshake.ph-karlsruhe.de\/cusha\/sl\/wp-json\/wp\/v2\/pages\/40\/revisions\/729"}],"wp:attachment":[{"href":"https:\/\/cultureshake.ph-karlsruhe.de\/cusha\/sl\/wp-json\/wp\/v2\/media?parent=40"}],"curies":[{"name":"wp","href":"https:\/\/api.w.org\/{rel}","templated":true}]}}