{"id":388,"date":"2017-07-03T09:51:35","date_gmt":"2017-07-03T07:51:35","guid":{"rendered":"http:\/\/cultureshake.ph-karlsruhe.de\/cusha\/?page_id=388"},"modified":"2019-10-28T20:05:15","modified_gmt":"2019-10-28T19:05:15","slug":"intellectual-output-3-peer-unterrichtsmaterial","status":"publish","type":"page","link":"https:\/\/cultureshake.ph-karlsruhe.de\/cusha\/sl\/produkte\/intellectual-output-3-peer-unterrichtsmaterial\/","title":{"rendered":"Intelektualni rezultat 3: Koncept za razvoj skupnega u\u010dnega gradiva"},"content":{"rendered":"<p>Cilj intelektualnega rezultata 3, &#8220;Koncept za razvoj vzajemnega u\u010dnega materiala za u\u010ditelje&#8221;, je bil zagotoviti u\u010diteljem koncept in navodila po korakih ter nadaljnje ideje o tem, kako aktivirati u\u010dence, da pripravijo materialne in u\u010dne na\u010drte za svoje skupine.<\/p>\n<style>\n#tabcust {\n  border-collapse: collapse;\n  width: 100%;\n  text-align: center;\n  vertical-align: middle;\n  border: 2px solid black;\n}\n<\/style>\n<table id=\"tabcust\">\n<tr>\n<td width=\"75%\">Concept for the Development of Peer Teaching Material<\/td>\n<td width=\"25%\"><a href=\"https:\/\/cultureshake.ph-karlsruhe.de\/wordpress\/wp-content\/IOs\/IO3_English-FINAL.pdf\" target=\"_blank\" rel=\"noopener noreferrer\"><img decoding=\"async\" src=\"https:\/\/cultureshake.ph-karlsruhe.de\/wordpress\/wp-content\/uploads\/2019\/10\/Download_CS.png\"><\/a><\/td>\n<\/tr>\n<tr>\n<td width=\"75%\">Ein Konzept f\u00fcr die Entwicklung von Peer Unterrichtsmaterialien<\/td>\n<td width=\"25%\"><a href=\"https:\/\/cultureshake.ph-karlsruhe.de\/wordpress\/wp-content\/IOs\/IO3_Deutsch-FINAL.pdf\" target=\"_blank\" rel=\"noopener noreferrer\"><img decoding=\"async\" src=\"https:\/\/cultureshake.ph-karlsruhe.de\/wordpress\/wp-content\/uploads\/2019\/10\/Download_CS.png\"><\/a><\/td>\n<\/tr>\n<tr>\n<td width=\"75%\">Elev-till-elev undervisnings material<\/td>\n<td width=\"25%\"><a href=\"https:\/\/cultureshake.ph-karlsruhe.de\/wordpress\/wp-content\/IOs\/IO3_Swedish-FINAL.pdf\" target=\"_blank\" rel=\"noopener noreferrer\"><img decoding=\"async\" src=\"https:\/\/cultureshake.ph-karlsruhe.de\/wordpress\/wp-content\/uploads\/2019\/10\/Download_CS.png\"><\/a><\/td>\n<\/tr>\n<\/table>\n<h4>Activity Sheet<\/h4>\n<table id=\"tabcust\">\n<tr>\n<th width=\"75%\">Peer teaching activity sheet template<\/th>\n<th width=\"25%\"><a href=\"https:\/\/cultureshake.ph-karlsruhe.de\/wordpress\/wp-content\/uploads\/2019\/10\/IO3_Peer-teaching-activity-sheet-TEMPLATE.docx\" target=\"_blank\" rel=\"noopener noreferrer\"><img decoding=\"async\" src=\"https:\/\/cultureshake.ph-karlsruhe.de\/wordpress\/wp-content\/uploads\/2019\/10\/Download_CS.png\"><\/a><\/th>\n<\/tr>\n<\/table>\n<h4>Snappy Versions<\/h4>\n<table id=\"tabcust\">\n<tr>\n<th width=\"75%\">A Midsummer Night&#8217;s Dream<\/th>\n<th widht=\"25%\"><a href=\"https:\/\/www.shakespeare.org.uk\/education\/teaching-resources\/snappy-shakespeare-msnd\/\" target=\"_blank\" rel=\"noopener noreferrer\"><img decoding=\"async\" src=\"https:\/\/cultureshake.ph-karlsruhe.de\/wordpress\/wp-content\/uploads\/2019\/10\/Link_CS.png\"><\/a><\/th>\n<\/tr>\n<tr>\n<th>The Tempest<\/th>\n<th><a href=\"https:\/\/www.shakespeare.org.uk\/education\/teaching-resources\/efl-snappy-script-tempest\/\" target=\"_blank\" rel=\"noopener noreferrer\"><img decoding=\"async\" src=\"https:\/\/cultureshake.ph-karlsruhe.de\/wordpress\/wp-content\/uploads\/2019\/10\/Link_CS.png\"><\/a><\/th>\n<\/tr>\n<\/table>\n<h4>A Midsummer Night&#8217;s Dream<\/h4>\n<table id=\"tabcust\">\n<tr>\n<th width=\"75%\">A Midsummer Night&#8217;s Dream &#8211; Lesson plan pairs and colouring (6-8 years)<\/th>\n<th width=\"25%\"><a href=\"https:\/\/cultureshake.ph-karlsruhe.de\/wordpress\/wp-content\/uploads\/2019\/10\/IO3_Lesson-plan-pairs-and-colouring-6-8-years.docx\" target=\"_blank\" rel=\"noopener noreferrer\"><img decoding=\"async\" src=\"https:\/\/cultureshake.ph-karlsruhe.de\/wordpress\/wp-content\/uploads\/2019\/10\/Download_CS.png\"><\/a><\/th>\n<\/tr>\n<tr>\n<th>A Midsummer Night&#8217;s Dream &#8211; Colouring sheet words &#038; instructions<\/th>\n<th><a href=\"https:\/\/cultureshake.ph-karlsruhe.de\/wordpress\/wp-content\/uploads\/2019\/10\/IO3_Colouring-sheet-words-instructions.pdf\" target=\"_blank\" rel=\"noopener noreferrer\"><img decoding=\"async\" src=\"https:\/\/cultureshake.ph-karlsruhe.de\/wordpress\/wp-content\/uploads\/2019\/10\/Download_CS.png\"><\/a><\/th>\n<\/tr>\n<tr>\n<th>A Midsummer Night&#8217;s Dream &#8211; Colouring sheet 1<\/th>\n<th><a href=\"https:\/\/cultureshake.ph-karlsruhe.de\/wordpress\/wp-content\/uploads\/2019\/10\/IO3_Colouring-Sheet-1.png\" target=\"_blank\" rel=\"noopener noreferrer\"><img decoding=\"async\" src=\"https:\/\/cultureshake.ph-karlsruhe.de\/wordpress\/wp-content\/uploads\/2019\/10\/Download_CS.png\"><\/a><\/th>\n<\/tr>\n<tr>\n<th>A Midsummer Night&#8217;s Dream &#8211; Colouring sheet 2<\/th>\n<th><a href=\"https:\/\/cultureshake.ph-karlsruhe.de\/wordpress\/wp-content\/uploads\/2019\/10\/IO3_Colouring-Sheet-2.jpg\" target=\"_blank\" rel=\"noopener noreferrer\"><img decoding=\"async\" src=\"https:\/\/cultureshake.ph-karlsruhe.de\/wordpress\/wp-content\/uploads\/2019\/10\/Download_CS.png\"><\/a><\/th>\n<\/tr>\n<tr>\n<th>A Midsummer Night&#8217;s Dream &#8211; CUSHA Lesson Template<\/th>\n<th><a href=\"https:\/\/cultureshake.ph-karlsruhe.de\/wordpress\/wp-content\/uploads\/2019\/10\/IO3_CUSHA_Lesson_Template_MSND.docx\" target=\"_blank\" rel=\"noopener noreferrer\"><img decoding=\"async\" src=\"https:\/\/cultureshake.ph-karlsruhe.de\/wordpress\/wp-content\/uploads\/2019\/10\/Download_CS.png\"><\/a><\/th>\n<\/tr>\n<\/table>\n<h4>The Tempest<\/h4>\n<table id=\"tabcust\">\n<tr>\n<th width=\"75%\">The Tempest &#8211; Lesson Plan (14-18 years)<\/th>\n<th width=\"25%\"><a href=\"https:\/\/cultureshake.ph-karlsruhe.de\/wordpress\/wp-content\/uploads\/2019\/10\/IO3_Lesson-Plan-The-Tempest-14-18-years.docx\" target=\"_blank\" rel=\"noopener noreferrer\"><img decoding=\"async\" src=\"https:\/\/cultureshake.ph-karlsruhe.de\/wordpress\/wp-content\/uploads\/2019\/10\/Download_CS.png\"><\/a><\/th>\n<\/tr>\n<tr>\n<th>The Tempest &#8211; The Tempest Re-ordering Lines exercise<\/th>\n<th><a href=\"https:\/\/cultureshake.ph-karlsruhe.de\/wordpress\/wp-content\/uploads\/2019\/10\/IO3_The-Tempest-re-ordering-lines.docx\" target=\"_blank\" rel=\"noopener noreferrer\"><img decoding=\"async\" src=\"https:\/\/cultureshake.ph-karlsruhe.de\/wordpress\/wp-content\/uploads\/2019\/10\/Download_CS.png\"><\/a><\/th>\n<\/tr>\n<\/table>\n<h4>Additional material<\/h4>\n<table id=\"tabcust\">\n<tr>\n<th width=\"75%\">General &#8211; Peer teaching activity sheet (Alexandra, Stella, Tahereh, Anna)<\/th>\n<th width=\"25%\"><a href=\"https:\/\/cultureshake.ph-karlsruhe.de\/wordpress\/wp-content\/uploads\/2019\/10\/IO3_Peer-teaching-activity-sheet-Alexandra-Stella-Tahereh-and-Anna.docx\" target=\"_blank\" rel=\"noopener noreferrer\"><img decoding=\"async\" src=\"https:\/\/cultureshake.ph-karlsruhe.de\/wordpress\/wp-content\/uploads\/2019\/10\/Download_CS.png\"><\/a><\/th>\n<\/tr>\n<tr>\n<th>General &#8211; The Bard of Avon worksheet<\/th>\n<th><a href=\"https:\/\/cultureshake.ph-karlsruhe.de\/wordpress\/wp-content\/uploads\/2019\/10\/IO3_The-Bard-of-Avon-Worksheet.docx\" target=\"_blank\" rel=\"noopener noreferrer\"><img decoding=\"async\" src=\"https:\/\/cultureshake.ph-karlsruhe.de\/wordpress\/wp-content\/uploads\/2019\/10\/Download_CS.png\"><\/a><\/th>\n<\/tr>\n<tr>\n<th>Lesson Plan Word Puzzles (8-11 years)<\/th>\n<th><a href=\"https:\/\/cultureshake.ph-karlsruhe.de\/wordpress\/wp-content\/uploads\/2019\/10\/IO3_Lesson-Plan-Word-Puzzles-8-11-years.docx\" target=\"_blank\" rel=\"noopener noreferrer\"><img decoding=\"async\" src=\"https:\/\/cultureshake.ph-karlsruhe.de\/wordpress\/wp-content\/uploads\/2019\/10\/Download_CS.png\"><\/a><\/th>\n<\/tr>\n<tr>\n<th>Shakespeare Word Puzzles (Gaby, Qade, Victoria, Mara)<\/th>\n<th><a href=\"https:\/\/cultureshake.ph-karlsruhe.de\/wordpress\/wp-content\/uploads\/2019\/10\/IO3_Shakespeare-Word-Puzzles-Gaby-Qade-Victoria-and-Mara.docx\" target=\"_blank\" rel=\"noopener noreferrer\"><img decoding=\"async\" src=\"https:\/\/cultureshake.ph-karlsruhe.de\/wordpress\/wp-content\/uploads\/2019\/10\/Download_CS.png\"><\/a><\/th>\n<\/tr>\n<tr>\n<th>Shakespeare Word Puzzles Answers (Gaby, Qade, Victoria, Mara)<\/th>\n<th><a href=\"https:\/\/cultureshake.ph-karlsruhe.de\/wordpress\/wp-content\/uploads\/2019\/10\/IO3_Shakespeare-Word-Puzzle-Answers-Gaby-Qade-Victoria-and-Mara.docx\" target=\"_blank\" rel=\"noopener noreferrer\"><img decoding=\"async\" src=\"https:\/\/cultureshake.ph-karlsruhe.de\/wordpress\/wp-content\/uploads\/2019\/10\/Download_CS.png\"><\/a><\/th>\n<\/tr>\n<tr>\n<th>Shakespeare Pairs Game (Gaby, Qade, Victoria, Mara)<\/th>\n<th><a href=\"https:\/\/cultureshake.ph-karlsruhe.de\/wordpress\/wp-content\/uploads\/2019\/10\/IO3_Shakespeare-Pairs-Game-Gaby-Qade-Victoria-and-Mara.docx\" target=\"_blank\" rel=\"noopener noreferrer\"><img decoding=\"async\" src=\"https:\/\/cultureshake.ph-karlsruhe.de\/wordpress\/wp-content\/uploads\/2019\/10\/Download_CS.png\"><\/a><\/th>\n<\/tr>\n<tr>\n<th>General &#8211; Worksheet Shakespeare or not?<\/th>\n<th><a href=\"https:\/\/cultureshake.ph-karlsruhe.de\/wordpress\/wp-content\/uploads\/2019\/10\/IO3_CUSHA_WS_S_or_not_final_version.docx\" target=\"_blank\" rel=\"noopener noreferrer\"><img decoding=\"async\" src=\"https:\/\/cultureshake.ph-karlsruhe.de\/wordpress\/wp-content\/uploads\/2019\/10\/Download_CS.png\"><\/a><\/th>\n<\/tr>\n<tr>\n<th>General &#8211; Worksheet Shakespeare or not? Solutions<\/th>\n<th><a href=\"https:\/\/cultureshake.ph-karlsruhe.de\/wordpress\/wp-content\/uploads\/2019\/10\/IO3_CUSHA_WS_S_or_not_Solutions.docx\" target=\"_blank\" rel=\"noopener noreferrer\"><img decoding=\"async\" src=\"https:\/\/cultureshake.ph-karlsruhe.de\/wordpress\/wp-content\/uploads\/2019\/10\/Download_CS.png\"><\/a><\/th>\n<\/tr>\n<tr>\n<th>Hamlet &#8211; Peer teaching activity sheet (Leon, Samuel, Bedir, Philipp)<\/th>\n<th><a href=\"https:\/\/cultureshake.ph-karlsruhe.de\/wordpress\/wp-content\/uploads\/2019\/10\/IO3_Peer-teaching-activity-sheet-Leon-Samuel-Bedir-Phillip.docx\" target=\"_blank\" rel=\"noopener noreferrer\"><img decoding=\"async\" src=\"https:\/\/cultureshake.ph-karlsruhe.de\/wordpress\/wp-content\/uploads\/2019\/10\/Download_CS.png\"><\/a><\/th>\n<\/tr>\n<tr>\n<th>Romeo and Juliet &#8211; Peer teaching activity sheet (Daniel, Simon, Kamyar, Marius)<\/th>\n<th><a href=\"https:\/\/cultureshake.ph-karlsruhe.de\/wordpress\/wp-content\/uploads\/2019\/10\/IO3_Peer.teaching.template_-Daniel_Simon_Kamyar_Marius.docx\" target=\"_blank\" rel=\"noopener noreferrer\"><img decoding=\"async\" src=\"https:\/\/cultureshake.ph-karlsruhe.de\/wordpress\/wp-content\/uploads\/2019\/10\/Download_CS.png\"><\/a><\/th>\n<\/tr>\n<tr>\n<th>Romeo and Juliet &#8211; CUSHA Powerpoint<\/th>\n<th><a href=\"https:\/\/cultureshake.ph-karlsruhe.de\/wordpress\/wp-content\/uploads\/2019\/10\/IO3_CUSHA_Powerpoint_Romeo_and_Juliet.pdf\" target=\"_blank\" rel=\"noopener noreferrer\"><img decoding=\"async\" src=\"https:\/\/cultureshake.ph-karlsruhe.de\/wordpress\/wp-content\/uploads\/2019\/10\/Download_CS.png\"><\/a><\/th>\n<\/tr>\n<tr>\n<th>Romeo and Juliet &#8211; Lesson template<\/th>\n<th><a href=\"https:\/\/cultureshake.ph-karlsruhe.de\/wordpress\/wp-content\/uploads\/2019\/10\/IO3_CUSHA_Lesson_Template_Romeo_and_Juliet.docx\" target=\"_blank\" rel=\"noopener noreferrer\"><img decoding=\"async\" src=\"https:\/\/cultureshake.ph-karlsruhe.de\/wordpress\/wp-content\/uploads\/2019\/10\/Download_CS.png\"><\/a><\/th>\n<\/tr>\n<tr>\n<th>Romeo and Juliet &#8211; Picture Puzzle Solution<\/th>\n<th><a href=\"https:\/\/cultureshake.ph-karlsruhe.de\/wordpress\/wp-content\/uploads\/2019\/10\/IO3_CUSHA_Picture_Puzzle_Solution_Romeo_and_Juliet.pdf\" target=\"_blank\" rel=\"noopener noreferrer\"><img decoding=\"async\" src=\"https:\/\/cultureshake.ph-karlsruhe.de\/wordpress\/wp-content\/uploads\/2019\/10\/Download_CS.png\"><\/a><\/th>\n<\/tr>\n<tr>\n<th>Romeo and Juliet &#8211; Poetry and Film<\/th>\n<th><a href=\"https:\/\/cultureshake.ph-karlsruhe.de\/wordpress\/wp-content\/uploads\/2019\/10\/IO3_CUSHA_Poetry_and_Film.docx\" target=\"_blank\" rel=\"noopener noreferrer\"><img decoding=\"async\" src=\"https:\/\/cultureshake.ph-karlsruhe.de\/wordpress\/wp-content\/uploads\/2019\/10\/Download_CS.png\"><\/a><\/th>\n<\/tr>\n<\/table>\n<h4>Filmski posnetki<\/h4>\n<table id=\"tabcust\">\n<tr>\n<th width=\"75%\">A Midsummer Night&#8217;s Dream &#8211; prizor 1<\/th>\n<th width=\"25%\"><a href=\"https:\/\/cultureshake.ph-karlsruhe.de\/wordpress\/wp-content\/video\/MSND_Scene_1.mp4\" target=\"_blank\" rel=\"noopener noreferrer\"><img decoding=\"async\" src=\"https:\/\/cultureshake.ph-karlsruhe.de\/wordpress\/wp-content\/uploads\/2019\/10\/Download_CS.png\"><\/a><\/th>\n<\/tr>\n<tr>\n<th>A Midsummer Night&#8217;s Dream &#8211; prizor 2<\/th>\n<th><a href=\"https:\/\/cultureshake.ph-karlsruhe.de\/wordpress\/wp-content\/video\/MSND_Scene_2.mp4\" target=\"_blank\" rel=\"noopener noreferrer\"><img decoding=\"async\" src=\"https:\/\/cultureshake.ph-karlsruhe.de\/wordpress\/wp-content\/uploads\/2019\/10\/Download_CS.png\"><\/a><\/th>\n<\/tr>\n<\/table>\n<p><\/p>","protected":false},"excerpt":{"rendered":"<p>Cilj intelektualnega rezultata 3, &#8220;Koncept za razvoj vzajemnega u\u010dnega materiala za u\u010ditelje&#8221;, je bil zagotoviti u\u010diteljem koncept in navodila po korakih ter nadaljnje ideje o tem, kako aktivirati u\u010dence, da pripravijo materialne in u\u010dne na\u010drte za svoje skupine.<\/p>\n<style>\n#tabcust {\n  border-collapse: collapse;<\/style>\n<p><span class=\"ellipsis\">&hellip;<\/span><\/p>\n<div class=\"read-more\"><a href=\"https:\/\/cultureshake.ph-karlsruhe.de\/cusha\/sl\/produkte\/intellectual-output-3-peer-unterrichtsmaterial\/\">Ve\u010d &#8250;<\/a><\/div>\n<p><!-- end of .read-more --><\/p>\n","protected":false},"author":1,"featured_media":0,"parent":377,"menu_order":3,"comment_status":"closed","ping_status":"closed","template":"","meta":{"footnotes":""},"class_list":["post-388","page","type-page","status-publish","hentry"],"_links":{"self":[{"href":"https:\/\/cultureshake.ph-karlsruhe.de\/cusha\/sl\/wp-json\/wp\/v2\/pages\/388","targetHints":{"allow":["GET"]}}],"collection":[{"href":"https:\/\/cultureshake.ph-karlsruhe.de\/cusha\/sl\/wp-json\/wp\/v2\/pages"}],"about":[{"href":"https:\/\/cultureshake.ph-karlsruhe.de\/cusha\/sl\/wp-json\/wp\/v2\/types\/page"}],"author":[{"embeddable":true,"href":"https:\/\/cultureshake.ph-karlsruhe.de\/cusha\/sl\/wp-json\/wp\/v2\/users\/1"}],"replies":[{"embeddable":true,"href":"https:\/\/cultureshake.ph-karlsruhe.de\/cusha\/sl\/wp-json\/wp\/v2\/comments?post=388"}],"version-history":[{"count":17,"href":"https:\/\/cultureshake.ph-karlsruhe.de\/cusha\/sl\/wp-json\/wp\/v2\/pages\/388\/revisions"}],"predecessor-version":[{"id":1023,"href":"https:\/\/cultureshake.ph-karlsruhe.de\/cusha\/sl\/wp-json\/wp\/v2\/pages\/388\/revisions\/1023"}],"up":[{"embeddable":true,"href":"https:\/\/cultureshake.ph-karlsruhe.de\/cusha\/sl\/wp-json\/wp\/v2\/pages\/377"}],"wp:attachment":[{"href":"https:\/\/cultureshake.ph-karlsruhe.de\/cusha\/sl\/wp-json\/wp\/v2\/media?parent=388"}],"curies":[{"name":"wp","href":"https:\/\/api.w.org\/{rel}","templated":true}]}}