{"id":380,"date":"2017-07-03T09:08:15","date_gmt":"2017-07-03T07:08:15","guid":{"rendered":"http:\/\/cultureshake.ph-karlsruhe.de\/cusha\/?page_id=380"},"modified":"2019-10-24T13:20:48","modified_gmt":"2019-10-24T11:20:48","slug":"intellectual-output-1-methodenkompedium","status":"publish","type":"page","link":"https:\/\/cultureshake.ph-karlsruhe.de\/cusha\/sl\/produkte\/intellectual-output-1-methodenkompedium\/","title":{"rendered":"Intelektualni rezultat 1: Metodolo\u0161ki priro\u010dnik za u\u010ditelje: Shakespeare v razredu 21. stoletja"},"content":{"rendered":"<p>Intelektualni rezultat 1, \u00bbVodnik po metodah za u\u010ditelje: Shakespeare v u\u010dilnici 21. stoletja\u00ab, je bil ustvarjen za u\u010ditelje, ki bi radi vklju\u010dili Shakespeara v svoje pou\u010devanje jezikov ali v ve\u010djezi\u010dno u\u010dilnico, vendar ne vedo, kje naj za\u010dnejo. Ta vodnik po metodah pojasnjuje, zakaj je &#8220;delati&#8221; Shakespearja z u\u010denci jezikov koristno in kako je lahko za vse u\u010dence koristno, vklju\u010dno s tistimi, ki imajo ve\u010djezi\u010dno ozadje.<\/p>\n<style>\n#tabcust {\n  border-collapse: collapse;\n  width: 100%;\n  text-align: center;\n  vertical-align: middle;\n  border: 2px solid black;\n}\n<\/style>\n<table id=\"tabcust\">\n<tr>\n<td width=\"75%\">Shakespeare in the 21st-Century Classroom &#8211; A Method Guide<\/td>\n<td width=\"25%\"><a href=\"https:\/\/cultureshake.ph-karlsruhe.de\/wordpress\/wp-content\/IOs\/IO1_English-FINAL.pdf\" target=\"_blank\" rel=\"noopener noreferrer\"><img decoding=\"async\" src=\"https:\/\/cultureshake.ph-karlsruhe.de\/wordpress\/wp-content\/uploads\/2019\/10\/Download_CS.png\"><\/a><\/td>\n<\/tr>\n<tr>\n<td width=\"75%\">Shakespeare im Unterricht des 21. Jahrhunderts &#8211; Ein Methodenkompendium f\u00fcr Lehrer<\/td>\n<td width=\"25%\"><a href=\"https:\/\/cultureshake.ph-karlsruhe.de\/wordpress\/wp-content\/IOs\/IO1_Deutsch-FINAL.pdf\" target=\"_blank\" rel=\"noopener noreferrer\"><img decoding=\"async\" src=\"https:\/\/cultureshake.ph-karlsruhe.de\/wordpress\/wp-content\/uploads\/2019\/10\/Download_CS.png\"><\/a><\/td>\n<\/tr>\n<tr>\n<td width=\"75%\">Shakespeare i 2000-talets klassrum &#8211; En metodguide f\u00f6r l\u00e4rare<\/td>\n<td width=\"25%\"><a href=\"https:\/\/cultureshake.ph-karlsruhe.de\/wordpress\/wp-content\/IOs\/IO1_Swedish-FINAL.pdf\" target=\"_blank\" rel=\"noopener noreferrer\"><img decoding=\"async\" src=\"https:\/\/cultureshake.ph-karlsruhe.de\/wordpress\/wp-content\/uploads\/2019\/10\/Download_CS.png\"><\/a><\/td>\n<\/tr>\n<tr>\n<td width=\"75%\">Shakespeare v u\u010dilnici 21. stoletja &#8211; Priro\u010dnik za u\u010ditelje<\/td>\n<td width=\"25%\"><a href=\"https:\/\/cultureshake.ph-karlsruhe.de\/wordpress\/wp-content\/IOs\/IO1_Slovene-FINAL.pdf\" target=\"_blank\" rel=\"noopener noreferrer\"><img decoding=\"async\" src=\"https:\/\/cultureshake.ph-karlsruhe.de\/wordpress\/wp-content\/uploads\/2019\/10\/Download_CS.png\"><\/a><\/td>\n<\/tr>\n<\/table>\n<h4>Dejavnosti v u\u010dilnici<\/h4>\n<table id=\"tabcust\">\n<tr>\n<td width=\"75%\">Rehearsing in Shakespeare&#8217;s Theatre &#8211; Cue Scripts<\/td>\n<td width=\"25%\"><a href=\"https:\/\/cultureshake.ph-karlsruhe.de\/wordpress\/wp-content\/uploads\/2019\/10\/Rehearsing-in-Shakespeares-Theatre-Cue-Scripts-final.pdf\" target=\"_blank\" rel=\"noopener noreferrer\"><img decoding=\"async\" src=\"https:\/\/cultureshake.ph-karlsruhe.de\/wordpress\/wp-content\/uploads\/2019\/10\/Download_CS.png\"><\/a><\/td>\n<\/tr>\n<tr>\n<td width=\"75%\">A Midsummer Night&#8217;s Dream &#8211; Soundscape<\/td>\n<td width=\"25%\"><a href=\"https:\/\/cultureshake.ph-karlsruhe.de\/wordpress\/wp-content\/uploads\/2019\/10\/MSND-Soundscape-final-min.pdf\" target=\"_blank\" rel=\"noopener noreferrer\"><img decoding=\"async\" src=\"https:\/\/cultureshake.ph-karlsruhe.de\/wordpress\/wp-content\/uploads\/2019\/10\/Download_CS.png\"><\/a><\/td>\n<\/tr>\n<tr>\n<td width=\"75%\">A Midsummer Night&#8217;s Dream &#8211; Magical Creatures<\/td>\n<td width=\"25%\"><a href=\"https:\/\/cultureshake.ph-karlsruhe.de\/wordpress\/wp-content\/uploads\/2019\/10\/MSND-Magical-Creatures-min.pdf\" target=\"_blank\" rel=\"noopener noreferrer\"><img decoding=\"async\" src=\"https:\/\/cultureshake.ph-karlsruhe.de\/wordpress\/wp-content\/uploads\/2019\/10\/Download_CS.png\"><\/a><\/td>\n<\/tr>\n<tr>\n<td width=\"75%\">A Midsummer Night&#8217;s Dream &#8211; Language Politics<\/td>\n<td width=\"25%\"><a href=\"https:\/\/cultureshake.ph-karlsruhe.de\/wordpress\/wp-content\/uploads\/2019\/10\/MSND-Language-Politics-final-min.pdf\" target=\"_blank\" rel=\"noopener noreferrer\"><img decoding=\"async\" src=\"https:\/\/cultureshake.ph-karlsruhe.de\/wordpress\/wp-content\/uploads\/2019\/10\/Download_CS.png\"><\/a><\/td>\n<\/tr>\n<tr>\n<td width=\"75%\">A Midsummer Night&#8217;s Dream &#8211; Fairy Battle<\/td>\n<td width=\"25%\"><a href=\"https:\/\/cultureshake.ph-karlsruhe.de\/wordpress\/wp-content\/uploads\/2019\/10\/MSND-Fairy-Battle-min.pdf\" target=\"_blank\" rel=\"noopener noreferrer\"><img decoding=\"async\" src=\"https:\/\/cultureshake.ph-karlsruhe.de\/wordpress\/wp-content\/uploads\/2019\/10\/Download_CS.png\"><\/a><\/td>\n<\/tr>\n<tr>\n<td width=\"75%\">A Midsummer Night&#8217;s Dream &#8211; Cue Script Demetrius and Helena<\/td>\n<td width=\"25%\"><a href=\"https:\/\/cultureshake.ph-karlsruhe.de\/wordpress\/wp-content\/uploads\/2019\/10\/MSND-Cue-Script-Demetrius-and-Helena-final.pdf\" target=\"_blank\" rel=\"noopener noreferrer\"><img decoding=\"async\" src=\"https:\/\/cultureshake.ph-karlsruhe.de\/wordpress\/wp-content\/uploads\/2019\/10\/Download_CS.png\"><\/a><\/td>\n<\/tr>\n<tr>\n<td width=\"75%\">The Tempest &#8211; You Taught Me Language<\/td>\n<td width=\"25%\"><a href=\"https:\/\/cultureshake.ph-karlsruhe.de\/wordpress\/wp-content\/uploads\/2019\/10\/Tempest-You-Taught-Me-Language-final.pdf\" target=\"_blank\" rel=\"noopener noreferrer\"><img decoding=\"async\" src=\"https:\/\/cultureshake.ph-karlsruhe.de\/wordpress\/wp-content\/uploads\/2019\/10\/Download_CS.png\"><\/a><\/td>\n<\/tr>\n<tr>\n<td width=\"75%\">The Tempest &#8211; Home and Exile<\/td>\n<td width=\"25%\"><a href=\"https:\/\/cultureshake.ph-karlsruhe.de\/wordpress\/wp-content\/uploads\/2019\/10\/Tempest-Home-and-Exile-final.pdf\" target=\"_blank\" rel=\"noopener noreferrer\"><img decoding=\"async\" src=\"https:\/\/cultureshake.ph-karlsruhe.de\/wordpress\/wp-content\/uploads\/2019\/10\/Download_CS.png\"><\/a><\/td>\n<\/tr>\n<\/table>\n<p><\/p>","protected":false},"excerpt":{"rendered":"<p>Intelektualni rezultat 1, \u00bbVodnik po metodah za u\u010ditelje: Shakespeare v u\u010dilnici 21. stoletja\u00ab, je bil ustvarjen za u\u010ditelje, ki bi radi vklju\u010dili Shakespeara v svoje pou\u010devanje jezikov ali v ve\u010djezi\u010dno u\u010dilnico, vendar ne vedo, kje naj za\u010dnejo. Ta vodnik po metodah pojasnjuje,<\/p>\n<p><span class=\"ellipsis\">&hellip;<\/span><\/p>\n<div class=\"read-more\"><a href=\"https:\/\/cultureshake.ph-karlsruhe.de\/cusha\/sl\/produkte\/intellectual-output-1-methodenkompedium\/\">Ve\u010d &#8250;<\/a><\/div>\n<p><!-- end of .read-more --><\/p>\n","protected":false},"author":1,"featured_media":0,"parent":377,"menu_order":1,"comment_status":"closed","ping_status":"closed","template":"","meta":{"footnotes":""},"class_list":["post-380","page","type-page","status-publish","hentry"],"_links":{"self":[{"href":"https:\/\/cultureshake.ph-karlsruhe.de\/cusha\/sl\/wp-json\/wp\/v2\/pages\/380","targetHints":{"allow":["GET"]}}],"collection":[{"href":"https:\/\/cultureshake.ph-karlsruhe.de\/cusha\/sl\/wp-json\/wp\/v2\/pages"}],"about":[{"href":"https:\/\/cultureshake.ph-karlsruhe.de\/cusha\/sl\/wp-json\/wp\/v2\/types\/page"}],"author":[{"embeddable":true,"href":"https:\/\/cultureshake.ph-karlsruhe.de\/cusha\/sl\/wp-json\/wp\/v2\/users\/1"}],"replies":[{"embeddable":true,"href":"https:\/\/cultureshake.ph-karlsruhe.de\/cusha\/sl\/wp-json\/wp\/v2\/comments?post=380"}],"version-history":[{"count":25,"href":"https:\/\/cultureshake.ph-karlsruhe.de\/cusha\/sl\/wp-json\/wp\/v2\/pages\/380\/revisions"}],"predecessor-version":[{"id":946,"href":"https:\/\/cultureshake.ph-karlsruhe.de\/cusha\/sl\/wp-json\/wp\/v2\/pages\/380\/revisions\/946"}],"up":[{"embeddable":true,"href":"https:\/\/cultureshake.ph-karlsruhe.de\/cusha\/sl\/wp-json\/wp\/v2\/pages\/377"}],"wp:attachment":[{"href":"https:\/\/cultureshake.ph-karlsruhe.de\/cusha\/sl\/wp-json\/wp\/v2\/media?parent=380"}],"curies":[{"name":"wp","href":"https:\/\/api.w.org\/{rel}","templated":true}]}}