{"id":377,"date":"2017-07-03T09:00:42","date_gmt":"2017-07-03T07:00:42","guid":{"rendered":"http:\/\/cultureshake.ph-karlsruhe.de\/cusha\/?page_id=377"},"modified":"2019-10-29T18:28:04","modified_gmt":"2019-10-29T17:28:04","slug":"produkte","status":"publish","type":"page","link":"https:\/\/cultureshake.ph-karlsruhe.de\/cusha\/sl\/produkte\/","title":{"rendered":"Produkti"},"content":{"rendered":"<p><span style=\"font-weight: 400;\">V \u010dasu trajanja projekta CultureShake bomo pripravili prosto dostopne produkte, ki bodo nalo\u017eeni na tem portalu in bodo na voljo <a href=\"https:\/\/cultureshake.ph-karlsruhe.de\/cusha\/sl\/produkte\/english-downloads\/\">za prenos<\/a>.<br \/>\nIzdelki so na voljo tudi na spletni <a href=\"https:\/\/www.shakespeare.org.uk\/education\/education-projects\/cultureshake\/\" rel=\"noopener noreferrer\" target=\"_blank\">strani SBT<\/a>.<\/p>\n<p>Na voljo bodo slede\u010di produkti:<\/span><\/p>\n<ol>\n<li><span style=\"font-weight: 400;\"><a href=\"https:\/\/cultureshake.ph-karlsruhe.de\/cusha\/sl\/produkte\/intellectual-output-1-methodenkompedium\/\"> Priro\u010dnik za u\u010ditelje: Shakespeare v u\u010dilnici 21. stoletja<\/a> (Lisa Peter, SBT)<\/span><\/li>\n<li><span style=\"font-weight: 400;\"><a href=\"https:\/\/cultureshake.ph-karlsruhe.de\/cusha\/sl\/produkte\/intellectual-output-2-cusha-online-woerterbuch\/\"> Spletni slovar CUSHA<\/a> (Dr. Mojca Kompara, UP)<\/span><\/li>\n<li><span style=\"font-weight: 400;\"><a href=\"https:\/\/cultureshake.ph-karlsruhe.de\/cusha\/sl\/produkte\/intellectual-output-3-peer-unterrichtsmaterial\/\"> Koncept razvoja u\u010dnega gradiva<\/a> (Andrew Potter, ESG)<\/span><\/li>\n<li><span style=\"font-weight: 400;\"><a href=\"https:\/\/cultureshake.ph-karlsruhe.de\/cusha\/sl\/produkte\/intellectual-output-4-handbuch-austausch\/\"> Izmenjava Culture Shake: priro\u010dnik za u\u010ditelje za ve\u010djezi\u010dne in ve\u010dkulturne \u0161olske izmenjave<\/a> (Dr. Annette Deschner, PH)<\/span><\/li>\n<li><span style=\"font-weight: 400;\"><a href=\"https:\/\/cultureshake.ph-karlsruhe.de\/cusha\/sl\/produkte\/intellectual-output-5-lehrerfortbildungsmodul\/\"> Modul za nadaljnje izobra\u017eevanje u\u010diteljev<\/a> (Hildi Rieger, FWG)<\/span><\/li>\n<\/ol>\n<p><\/p>","protected":false},"excerpt":{"rendered":"<p><span style=\"font-weight: 400;\">V \u010dasu trajanja projekta CultureShake bomo pripravili prosto dostopne produkte, ki bodo nalo\u017eeni na tem portalu in bodo na voljo <a href=\"https:\/\/cultureshake.ph-karlsruhe.de\/cusha\/sl\/produkte\/english-downloads\/\">za prenos<\/a>.<br \/>\nIzdelki so na voljo tudi na spletni <a href=\"https:\/\/www.shakespeare.org.uk\/education\/education-projects\/cultureshake\/\" rel=\"noopener noreferrer\" target=\"_blank\">strani SBT<\/a>.<\/span><\/p>\n<p>Na voljo bodo slede\u010di produkti:<\/p>\n<ol>\n<li><span style=\"font-weight: 400;\"><a href=\"https:\/\/cultureshake.ph-karlsruhe.de\/cusha\/sl\/produkte\/intellectual-output-1-methodenkompedium\/\"> Priro\u010dnik za u\u010ditelje: Shakespeare v u\u010dilnici 21.<\/a><\/span><\/li>\n<\/ol>\n<p><span class=\"ellipsis\">&hellip;<\/span><\/p>\n<div class=\"read-more\"><a href=\"https:\/\/cultureshake.ph-karlsruhe.de\/cusha\/sl\/produkte\/\">Ve\u010d &#8250;<\/a><\/div>\n<p><!-- end of .read-more --><\/p>\n","protected":false},"author":1,"featured_media":0,"parent":0,"menu_order":4,"comment_status":"closed","ping_status":"closed","template":"","meta":{"footnotes":""},"class_list":["post-377","page","type-page","status-publish","hentry"],"_links":{"self":[{"href":"https:\/\/cultureshake.ph-karlsruhe.de\/cusha\/sl\/wp-json\/wp\/v2\/pages\/377","targetHints":{"allow":["GET"]}}],"collection":[{"href":"https:\/\/cultureshake.ph-karlsruhe.de\/cusha\/sl\/wp-json\/wp\/v2\/pages"}],"about":[{"href":"https:\/\/cultureshake.ph-karlsruhe.de\/cusha\/sl\/wp-json\/wp\/v2\/types\/page"}],"author":[{"embeddable":true,"href":"https:\/\/cultureshake.ph-karlsruhe.de\/cusha\/sl\/wp-json\/wp\/v2\/users\/1"}],"replies":[{"embeddable":true,"href":"https:\/\/cultureshake.ph-karlsruhe.de\/cusha\/sl\/wp-json\/wp\/v2\/comments?post=377"}],"version-history":[{"count":17,"href":"https:\/\/cultureshake.ph-karlsruhe.de\/cusha\/sl\/wp-json\/wp\/v2\/pages\/377\/revisions"}],"predecessor-version":[{"id":1047,"href":"https:\/\/cultureshake.ph-karlsruhe.de\/cusha\/sl\/wp-json\/wp\/v2\/pages\/377\/revisions\/1047"}],"wp:attachment":[{"href":"https:\/\/cultureshake.ph-karlsruhe.de\/cusha\/sl\/wp-json\/wp\/v2\/media?parent=377"}],"curies":[{"name":"wp","href":"https:\/\/api.w.org\/{rel}","templated":true}]}}