{"id":360,"date":"2017-07-02T18:48:57","date_gmt":"2017-07-02T16:48:57","guid":{"rendered":"http:\/\/cultureshake.ph-karlsruhe.de\/cusha\/?page_id=360"},"modified":"2019-10-23T10:28:12","modified_gmt":"2019-10-23T08:28:12","slug":"lernaktivitaeten","status":"publish","type":"page","link":"https:\/\/cultureshake.ph-karlsruhe.de\/cusha\/sl\/aktivitaeten\/lernaktivitaeten\/","title":{"rendered":"U\u010dne dejavnosti"},"content":{"rendered":"<p>Serija u\u010dnih dejavnosti je sestavljena glede na niz ciljev projekta:<\/p>\n<ul>\n<li>premagati vrzel med teorijo in prakso v zvezi s kulturno vzgojo<\/li>\n<li>spodbujati ve\u010djezi\u010dnost<\/li>\n<li>za izbolj\u0161anje digitalnega u\u010denja<\/li>\n<li>okrepiti u\u010dni profil<\/li>\n<li>razvijati evropsko razse\u017enost v izobra\u017eevanju, zlasti skozi ve\u010djezi\u010dnost<\/li>\n<li>uporabiti nadnacionalno strokovno znanje \u010dlanov projekta<\/li>\n<li>spodbujati najbolj\u0161o uporabo rezultatov, inovativnih izdelkov in procesov<\/li>\n<li>ustvariti trajnostni razvoj sodelovanja med partnerskimi dr\u017eavami in institucijami na podro\u010dju izobra\u017eevanja<\/li>\n<\/ul>\n<p>Dodana vrednost u\u010dnih dejavnosti je zagotovljena z razli\u010dnimi nastavitvami dejavnosti s posebnim poudarkom na delu na temi. U\u010denci lahko sporo\u010dijo svoje ugotovitve v razli\u010dnih nacionalnih okoljih in razmislijo o reakcijah. Rde\u010da nit je ustvarjanje intelektualnega produkta &#8220;Peer Teaching Material&#8221; (O3). U\u010dne dejavnosti u\u010dence ohranjajo s svojim iskanjem, saj ga lahko prilagodijo razli\u010dnim situacijam, do\u017eivijo pristno okolje, preizkusijo in delijo z drugimi. Te u\u010dne dejavnosti presegajo turisti\u010dne zna\u010dilnosti binacionalnih izmenjav, ker u\u010denci na projektu sodelujejo v nadnacionalnih skupinah. Stanovanjski te\u010daji, ki jih zagotavlja Shakespeare Birthplace Trust (SBT), so posebna prednost u\u010dnim dejavnostim, saj u\u010denci sre\u010dajo pristne ljudi, ki se profesionalno ukvarjajo s Shakespearovim \u017eivljenjem in delom na pristni lokaciji Stratford. Med tem, ko delajo in \u017eivijo, se potopita v to, obi\u0161\u010deta arhive in lastno raziskovanje prevodov v materne jezike. To je uokvirjeno z gledali\u0161kimi delavnicami igralcev in u\u010dencev, ki se dru\u017eijo z mednarodno mno\u017eico, ki prihaja v Stratford, mesto Shakespearea.<\/p>\n<ul>\n<li>prva u\u010dna aktivnost v <a href=\"https:\/\/cultureshake.ph-karlsruhe.de\/cusha\/aktivitaeten\/lernaktivitaeten\/singen\/\">Singenu<\/a>, Nem\u010dija (5. 5. &#8211; 5. 5. 2017)<\/li>\n<li>Druga u\u010dna aktivnost v <a href=\"https:\/\/cultureshake.ph-karlsruhe.de\/cusha\/aktivitaeten\/lernaktivitaeten\/english-stratford-upon-avon-2409-29092017\/\">Stratfordu na Avonu<\/a>, (24.9. &#8211; 29.9.2017)<\/li>\n<li>Tretja u\u010dna dejavnost v <a href=\"https:\/\/cultureshake.ph-karlsruhe.de\/cusha\/aktivitaeten\/lernaktivitaeten\/goeteborg-23-29-09-2018\/\">G\u00f6teborgu<\/a> na \u0160vedskem (24.9. &#8211; 29.9.2018)<\/li>\n<\/ul>\n<p><\/p>","protected":false},"excerpt":{"rendered":"<p>Serija u\u010dnih dejavnosti je sestavljena glede na niz ciljev projekta:<\/p>\n<ul>\n<li>premagati vrzel med teorijo in prakso v zvezi s kulturno vzgojo<\/li>\n<li>spodbujati ve\u010djezi\u010dnost<\/li>\n<li>za izbolj\u0161anje digitalnega u\u010denja<\/li>\n<li>okrepiti u\u010dni profil<\/li>\n<li>razvijati evropsko razse\u017enost v izobra\u017eevanju,<\/li>\n<\/ul>\n<p><span class=\"ellipsis\">&hellip;<\/span><\/p>\n<div class=\"read-more\"><a href=\"https:\/\/cultureshake.ph-karlsruhe.de\/cusha\/sl\/aktivitaeten\/lernaktivitaeten\/\">Ve\u010d &#8250;<\/a><\/div>\n<p><!-- end of .read-more --><\/p>\n","protected":false},"author":1,"featured_media":0,"parent":51,"menu_order":0,"comment_status":"closed","ping_status":"closed","template":"","meta":{"footnotes":""},"class_list":["post-360","page","type-page","status-publish","hentry"],"_links":{"self":[{"href":"https:\/\/cultureshake.ph-karlsruhe.de\/cusha\/sl\/wp-json\/wp\/v2\/pages\/360","targetHints":{"allow":["GET"]}}],"collection":[{"href":"https:\/\/cultureshake.ph-karlsruhe.de\/cusha\/sl\/wp-json\/wp\/v2\/pages"}],"about":[{"href":"https:\/\/cultureshake.ph-karlsruhe.de\/cusha\/sl\/wp-json\/wp\/v2\/types\/page"}],"author":[{"embeddable":true,"href":"https:\/\/cultureshake.ph-karlsruhe.de\/cusha\/sl\/wp-json\/wp\/v2\/users\/1"}],"replies":[{"embeddable":true,"href":"https:\/\/cultureshake.ph-karlsruhe.de\/cusha\/sl\/wp-json\/wp\/v2\/comments?post=360"}],"version-history":[{"count":16,"href":"https:\/\/cultureshake.ph-karlsruhe.de\/cusha\/sl\/wp-json\/wp\/v2\/pages\/360\/revisions"}],"predecessor-version":[{"id":925,"href":"https:\/\/cultureshake.ph-karlsruhe.de\/cusha\/sl\/wp-json\/wp\/v2\/pages\/360\/revisions\/925"}],"up":[{"embeddable":true,"href":"https:\/\/cultureshake.ph-karlsruhe.de\/cusha\/sl\/wp-json\/wp\/v2\/pages\/51"}],"wp:attachment":[{"href":"https:\/\/cultureshake.ph-karlsruhe.de\/cusha\/sl\/wp-json\/wp\/v2\/media?parent=360"}],"curies":[{"name":"wp","href":"https:\/\/api.w.org\/{rel}","templated":true}]}}