{"id":280,"date":"2017-03-07T22:28:50","date_gmt":"2017-03-07T21:28:50","guid":{"rendered":"http:\/\/cultureshake.ph-karlsruhe.de\/cusha\/?page_id=280"},"modified":"2019-10-31T09:37:00","modified_gmt":"2019-10-31T08:37:00","slug":"280-2","status":"publish","type":"page","link":"https:\/\/cultureshake.ph-karlsruhe.de\/cusha\/sl\/","title":{"rendered":"Je medkulturni ve\u010djezi\u010dni u\u010dni projekt"},"content":{"rendered":"<p><img loading=\"lazy\" decoding=\"async\" class=\"aligncenter size-full wp-image-279\" src=\"http:\/\/cultureshake.ph-karlsruhe.de\/wordpress\/wp-content\/uploads\/2017\/03\/cusha_landing.jpg\" alt=\"\" width=\"960\" height=\"390\" srcset=\"https:\/\/cultureshake.ph-karlsruhe.de\/wordpress\/wp-content\/uploads\/2017\/03\/cusha_landing.jpg 960w, https:\/\/cultureshake.ph-karlsruhe.de\/wordpress\/wp-content\/uploads\/2017\/03\/cusha_landing-300x122.jpg 300w, https:\/\/cultureshake.ph-karlsruhe.de\/wordpress\/wp-content\/uploads\/2017\/03\/cusha_landing-768x312.jpg 768w, https:\/\/cultureshake.ph-karlsruhe.de\/wordpress\/wp-content\/uploads\/2017\/03\/cusha_landing-100x41.jpg 100w, https:\/\/cultureshake.ph-karlsruhe.de\/wordpress\/wp-content\/uploads\/2017\/03\/cusha_landing-150x61.jpg 150w, https:\/\/cultureshake.ph-karlsruhe.de\/wordpress\/wp-content\/uploads\/2017\/03\/cusha_landing-200x81.jpg 200w, https:\/\/cultureshake.ph-karlsruhe.de\/wordpress\/wp-content\/uploads\/2017\/03\/cusha_landing-450x183.jpg 450w, https:\/\/cultureshake.ph-karlsruhe.de\/wordpress\/wp-content\/uploads\/2017\/03\/cusha_landing-600x244.jpg 600w, https:\/\/cultureshake.ph-karlsruhe.de\/wordpress\/wp-content\/uploads\/2017\/03\/cusha_landing-900x366.jpg 900w\" sizes=\"auto, (max-width: 960px) 100vw, 960px\" \/><\/p>\n<h5><em>CultureShake<\/em> s pomo\u010djo Shakespearovih del v u\u010dni prostor 21. stoletja prina\u0161a ve\u010djezi\u010dno pou\u010devanje. Cilj triletnega raziskovalnega in razvojnega projekta je zdru\u017eiti najnovej\u0161e ugotovitve ve\u010djezi\u010dne didaktike in medkulturne komunikacije, in sicer za potrebe vklju\u010devanja \u0161tudentov iz razli\u010dnih kulturnih in jezikovnih okolij, vklju\u010dno z otroki beguncev.<\/h5>\n<h5>Projekt je financiral Erasmus Plus.<\/h5>\n<p><span style=\"font-weight: 400;\">Ve\u010d o projektnih partnerjih in njihovih institucijah, profilu in zgodovini ustanove najdete v zavihku <a href=\"https:\/\/cultureshake.ph-karlsruhe.de\/cusha\/sl\/ueber-uns\/\">O nas<\/a>. Vse aktivnosti projekta CUSHA, kot so u\u010dne dejavnosti, transnacionalni projektni sestanki in diseminacija projekta, so navedene v razdelku <a href=\"https:\/\/cultureshake.ph-karlsruhe.de\/cusha\/sl\/aktivitaeten\/\">Aktivnosti<\/a>, slike najdete v <a href=\"https:\/\/cultureshake.ph-karlsruhe.de\/cusha\/sl\/galerie\/\">Galeriji<\/a>. V \u010dasu trajanja projekta CultureShake bodo na voljo prosto dostopni <a href=\"https:\/\/cultureshake.ph-karlsruhe.de\/cusha\/sl\/produkte\/\">produkti<\/a>, kot so metodolo\u0161ki vodnik za u\u010ditelje, spletni slovar, gradivo za pou\u010devanje, priro\u010dnik za u\u010ditelje za ve\u010djezi\u010dne in ve\u010dkulturne \u0161olske izmenjave ter modul za nadaljnje izobra\u017eevanje u\u010diteljev.<\/span><\/p>\n<p><span style=\"font-weight: 400;\"><a href=\"http:\/\/cultureshake.ph-karlsruhe.de\/wordpress\/wp-content\/uploads\/2017\/07\/CUSHA-Flyer-en_ger_swe_slo-small.pdf\">Projektni letak<\/a> je na voljo v angle\u0161\u010dini, nem\u0161\u010dini, \u0161ved\u0161\u010dini in sloven\u0161\u010dini, spletna razli\u010dica tudi v <a href=\"http:\/\/cultureshake.ph-karlsruhe.de\/wordpress\/wp-content\/uploads\/2017\/07\/ItalianPanelflat-small.pdf\">italijan\u0161\u010dini<\/a>. <\/span><\/p>","protected":false},"excerpt":{"rendered":"<p><img loading=\"lazy\" decoding=\"async\" class=\"aligncenter size-full wp-image-279\" src=\"http:\/\/cultureshake.ph-karlsruhe.de\/wordpress\/wp-content\/uploads\/2017\/03\/cusha_landing.jpg\" alt=\"\" width=\"960\" height=\"390\" srcset=\"https:\/\/cultureshake.ph-karlsruhe.de\/wordpress\/wp-content\/uploads\/2017\/03\/cusha_landing.jpg 960w, https:\/\/cultureshake.ph-karlsruhe.de\/wordpress\/wp-content\/uploads\/2017\/03\/cusha_landing-300x122.jpg 300w, https:\/\/cultureshake.ph-karlsruhe.de\/wordpress\/wp-content\/uploads\/2017\/03\/cusha_landing-768x312.jpg 768w, https:\/\/cultureshake.ph-karlsruhe.de\/wordpress\/wp-content\/uploads\/2017\/03\/cusha_landing-100x41.jpg 100w, https:\/\/cultureshake.ph-karlsruhe.de\/wordpress\/wp-content\/uploads\/2017\/03\/cusha_landing-150x61.jpg 150w, https:\/\/cultureshake.ph-karlsruhe.de\/wordpress\/wp-content\/uploads\/2017\/03\/cusha_landing-200x81.jpg 200w, https:\/\/cultureshake.ph-karlsruhe.de\/wordpress\/wp-content\/uploads\/2017\/03\/cusha_landing-450x183.jpg 450w, https:\/\/cultureshake.ph-karlsruhe.de\/wordpress\/wp-content\/uploads\/2017\/03\/cusha_landing-600x244.jpg 600w, https:\/\/cultureshake.ph-karlsruhe.de\/wordpress\/wp-content\/uploads\/2017\/03\/cusha_landing-900x366.jpg 900w\" sizes=\"auto, (max-width: 960px) 100vw, 960px\" \/><\/p>\n<p><em>CultureShake<\/em> s pomo\u010djo Shakespearovih del v u\u010dni prostor 21. stoletja prina\u0161a ve\u010djezi\u010dno pou\u010devanje. Cilj triletnega raziskovalnega in razvojnega projekta je zdru\u017eiti najnovej\u0161e ugotovitve ve\u010djezi\u010dne didaktike in medkulturne komunikacije, in sicer za potrebe vklju\u010devanja \u0161tudentov iz razli\u010dnih kulturnih in jezikovnih okolij,<span class=\"ellipsis\">&hellip;<\/span><\/p>\n<div class=\"read-more\"><a href=\"https:\/\/cultureshake.ph-karlsruhe.de\/cusha\/sl\/\">Ve\u010d &#8250;<\/a><\/div>\n<p><!-- end of .read-more --><\/p>\n","protected":false},"author":1,"featured_media":0,"parent":0,"menu_order":0,"comment_status":"closed","ping_status":"closed","template":"full-width-page.php","meta":{"footnotes":""},"class_list":["post-280","page","type-page","status-publish","hentry"],"_links":{"self":[{"href":"https:\/\/cultureshake.ph-karlsruhe.de\/cusha\/sl\/wp-json\/wp\/v2\/pages\/280","targetHints":{"allow":["GET"]}}],"collection":[{"href":"https:\/\/cultureshake.ph-karlsruhe.de\/cusha\/sl\/wp-json\/wp\/v2\/pages"}],"about":[{"href":"https:\/\/cultureshake.ph-karlsruhe.de\/cusha\/sl\/wp-json\/wp\/v2\/types\/page"}],"author":[{"embeddable":true,"href":"https:\/\/cultureshake.ph-karlsruhe.de\/cusha\/sl\/wp-json\/wp\/v2\/users\/1"}],"replies":[{"embeddable":true,"href":"https:\/\/cultureshake.ph-karlsruhe.de\/cusha\/sl\/wp-json\/wp\/v2\/comments?post=280"}],"version-history":[{"count":26,"href":"https:\/\/cultureshake.ph-karlsruhe.de\/cusha\/sl\/wp-json\/wp\/v2\/pages\/280\/revisions"}],"predecessor-version":[{"id":1052,"href":"https:\/\/cultureshake.ph-karlsruhe.de\/cusha\/sl\/wp-json\/wp\/v2\/pages\/280\/revisions\/1052"}],"wp:attachment":[{"href":"https:\/\/cultureshake.ph-karlsruhe.de\/cusha\/sl\/wp-json\/wp\/v2\/media?parent=280"}],"curies":[{"name":"wp","href":"https:\/\/api.w.org\/{rel}","templated":true}]}}