{"id":98,"date":"2016-12-13T23:46:22","date_gmt":"2016-12-13T22:46:22","guid":{"rendered":"http:\/\/cultureshake.ph-karlsruhe.de\/cusha\/?page_id=98"},"modified":"2019-05-30T15:57:33","modified_gmt":"2019-05-30T13:57:33","slug":"kick-off-meeting-in-karlsruhe-12-14-12-2016","status":"publish","type":"page","link":"https:\/\/cultureshake.ph-karlsruhe.de\/cusha\/it\/aktivitaeten\/transnationale-meetings\/kick-off-meeting-in-karlsruhe-12-14-12-2016\/","title":{"rendered":"Riunione di avvio presso l&#8217;Universit\u00e0 di studi educativi di Karlsruhe, Germania 12\u201314 dicembre 2016"},"content":{"rendered":"<p><img loading=\"lazy\" decoding=\"async\" class=\"alignnone size-medium wp-image-142 aligncenter\" src=\"http:\/\/cultureshake.ph-karlsruhe.de\/wordpress\/wp-content\/uploads\/2016\/12\/PH-Winter-300x199.jpg\" alt=\"\" width=\"300\" height=\"199\" srcset=\"https:\/\/cultureshake.ph-karlsruhe.de\/wordpress\/wp-content\/uploads\/2016\/12\/PH-Winter-300x199.jpg 300w, https:\/\/cultureshake.ph-karlsruhe.de\/wordpress\/wp-content\/uploads\/2016\/12\/PH-Winter-768x511.jpg 768w, https:\/\/cultureshake.ph-karlsruhe.de\/wordpress\/wp-content\/uploads\/2016\/12\/PH-Winter-1024x681.jpg 1024w, https:\/\/cultureshake.ph-karlsruhe.de\/wordpress\/wp-content\/uploads\/2016\/12\/PH-Winter-100x66.jpg 100w, https:\/\/cultureshake.ph-karlsruhe.de\/wordpress\/wp-content\/uploads\/2016\/12\/PH-Winter-150x100.jpg 150w, https:\/\/cultureshake.ph-karlsruhe.de\/wordpress\/wp-content\/uploads\/2016\/12\/PH-Winter-200x133.jpg 200w, https:\/\/cultureshake.ph-karlsruhe.de\/wordpress\/wp-content\/uploads\/2016\/12\/PH-Winter-450x299.jpg 450w, https:\/\/cultureshake.ph-karlsruhe.de\/wordpress\/wp-content\/uploads\/2016\/12\/PH-Winter-600x399.jpg 600w, https:\/\/cultureshake.ph-karlsruhe.de\/wordpress\/wp-content\/uploads\/2016\/12\/PH-Winter-900x598.jpg 900w\" sizes=\"auto, (max-width: 300px) 100vw, 300px\" \/><\/p>\n<p>All&#8217;inizio del progetto &#8220;Cultureshake&#8221;, il consorzio si \u00e8 riunito per la prima riunione di pianificazione presso l&#8217;Universit\u00e0 di studi educativi di Karlsruhe. I partner provenienti da tutti i quattro paesi hanno partecipato alla riunione. I seguenti argomenti sono stati discussi:<\/p>\n<ul>\n<li>Gestione della qualit\u00e0<\/li>\n<li>Controllo<\/li>\n<li>Strategia di diffusione<\/li>\n<li>Strategia di monitoraggio<\/li>\n<li>Coordinamento delle attivit\u00e0 del progetto<\/li>\n<li>Modello per la gestione delle parti interessate<\/li>\n<li>Pianificazione degli incontri transnazionali, da 2 a 5<\/li>\n<li>Attivit\u00e0 di organizzazione e pianificazione della formazione 1 e 2<\/li>\n<\/ul>\n<p>Fin dall&#8217;inizio gli esperti del progetto sono stati consultati sui temi di cui sopra. La sig.ra  G\u00f6rke dell&#8217;ufficio di ricerca dell\u2018UE dell\u2019Universit\u00e0 di sudi educativi di Ludwigsburg ha contribuito una presentazione sulla gestione dei progetti Erasmus +. L\u2019intervento \u00e8 stato seguito da una discussione su questioni aperte del consorzio. La sig.ra G\u00f6rke insieme alla sig.ra Grassler e la sig.ra Steiger sono consulenti del team.<\/p>\n<p>Durante gli incontri del progetto il consorzio intende integrare le parti interessate in loco. Per questo durante la prima riunione sono stati presenti l&#8217;Ufficio internazionale e gli studenti dell&#8217;Universit\u00e0 di studi educativi di Karlsruhe. In base alla presentazione della sig.ra Brandt, capo dell&#8217;Ufficio internazionale, e la sig.ra Friedl, responsabile per l\u2019apprendistato all&#8217;estero, ulteriori attivit\u00e0 di diffusione sono state emesse e le strategie sono state integrate nel progetto. Ariane Ros e Anna-Katharina Schmitz, studentesse dell\u2019Universit\u00e0 di studi educativi di Karlsruhe stanno creando un gruppo speciale di studenti sulla piattaforma interna Stud.IP,  in modo che gli studenti possano partecipare al progetto o in seguito al progetto utilizzare i materiali didattici.<br \/>\n&#8220;Cultureshake&#8221; fa parte dello spazio vitale dell\u2019universit\u00e0. All&#8217;ingresso del centro per gli studenti, \u00e8 stata posizionata la targa Erasmus +. Qui la targa \u00e8 visibile a tutti gli studenti, il personale e i visitatori dell&#8217;universit\u00e0. Questo fatto \u00e8 stato celebrato assieme al consorzio durante l&#8217;incontro transnazionale. <\/p>\n<p><img loading=\"lazy\" decoding=\"async\" class=\"aligncenter wp-image-105 size-full\" src=\"http:\/\/cultureshake.ph-karlsruhe.de\/wordpress\/wp-content\/uploads\/2016\/12\/M1-Karlsruhe_02-e1559223676971.jpg\" alt=\"\" width=\"2155\" height=\"2714\" srcset=\"https:\/\/cultureshake.ph-karlsruhe.de\/wordpress\/wp-content\/uploads\/2016\/12\/M1-Karlsruhe_02-e1559223676971.jpg 2155w, https:\/\/cultureshake.ph-karlsruhe.de\/wordpress\/wp-content\/uploads\/2016\/12\/M1-Karlsruhe_02-e1559223676971-238x300.jpg 238w, https:\/\/cultureshake.ph-karlsruhe.de\/wordpress\/wp-content\/uploads\/2016\/12\/M1-Karlsruhe_02-e1559223676971-768x967.jpg 768w, https:\/\/cultureshake.ph-karlsruhe.de\/wordpress\/wp-content\/uploads\/2016\/12\/M1-Karlsruhe_02-e1559223676971-813x1024.jpg 813w, https:\/\/cultureshake.ph-karlsruhe.de\/wordpress\/wp-content\/uploads\/2016\/12\/M1-Karlsruhe_02-e1559223676971-100x126.jpg 100w, https:\/\/cultureshake.ph-karlsruhe.de\/wordpress\/wp-content\/uploads\/2016\/12\/M1-Karlsruhe_02-e1559223676971-150x189.jpg 150w, https:\/\/cultureshake.ph-karlsruhe.de\/wordpress\/wp-content\/uploads\/2016\/12\/M1-Karlsruhe_02-e1559223676971-200x252.jpg 200w, https:\/\/cultureshake.ph-karlsruhe.de\/wordpress\/wp-content\/uploads\/2016\/12\/M1-Karlsruhe_02-e1559223676971-300x378.jpg 300w, https:\/\/cultureshake.ph-karlsruhe.de\/wordpress\/wp-content\/uploads\/2016\/12\/M1-Karlsruhe_02-e1559223676971-450x567.jpg 450w, https:\/\/cultureshake.ph-karlsruhe.de\/wordpress\/wp-content\/uploads\/2016\/12\/M1-Karlsruhe_02-e1559223676971-600x756.jpg 600w, https:\/\/cultureshake.ph-karlsruhe.de\/wordpress\/wp-content\/uploads\/2016\/12\/M1-Karlsruhe_02-e1559223676971-900x1133.jpg 900w\" sizes=\"auto, (max-width: 2155px) 100vw, 2155px\" \/><\/p>\n<p>Le sere dopo intense giornate di lavoro sono state utilizzate dai partner del progetto per incontri sociali, per espandere i contatti, e conoscere le caratteristiche specifiche dei diversi paesi. Una sera tutti i partecipanti si sono recati al tradizionale mercatino natalizio di Karlsruhe: \u201cAwake the pert and nimble spirit of mirth\u201d (Sogno di una notte di mezza estate atto 1, scena 1).<br \/>\n<\/p>","protected":false},"excerpt":{"rendered":"<p><img loading=\"lazy\" decoding=\"async\" class=\"alignnone size-medium wp-image-142 aligncenter\" src=\"http:\/\/cultureshake.ph-karlsruhe.de\/wordpress\/wp-content\/uploads\/2016\/12\/PH-Winter-300x199.jpg\" alt=\"\" width=\"300\" height=\"199\" srcset=\"https:\/\/cultureshake.ph-karlsruhe.de\/wordpress\/wp-content\/uploads\/2016\/12\/PH-Winter-300x199.jpg 300w, https:\/\/cultureshake.ph-karlsruhe.de\/wordpress\/wp-content\/uploads\/2016\/12\/PH-Winter-768x511.jpg 768w, https:\/\/cultureshake.ph-karlsruhe.de\/wordpress\/wp-content\/uploads\/2016\/12\/PH-Winter-1024x681.jpg 1024w, https:\/\/cultureshake.ph-karlsruhe.de\/wordpress\/wp-content\/uploads\/2016\/12\/PH-Winter-100x66.jpg 100w, https:\/\/cultureshake.ph-karlsruhe.de\/wordpress\/wp-content\/uploads\/2016\/12\/PH-Winter-150x100.jpg 150w, https:\/\/cultureshake.ph-karlsruhe.de\/wordpress\/wp-content\/uploads\/2016\/12\/PH-Winter-200x133.jpg 200w, https:\/\/cultureshake.ph-karlsruhe.de\/wordpress\/wp-content\/uploads\/2016\/12\/PH-Winter-450x299.jpg 450w, https:\/\/cultureshake.ph-karlsruhe.de\/wordpress\/wp-content\/uploads\/2016\/12\/PH-Winter-600x399.jpg 600w, https:\/\/cultureshake.ph-karlsruhe.de\/wordpress\/wp-content\/uploads\/2016\/12\/PH-Winter-900x598.jpg 900w\" sizes=\"auto, (max-width: 300px) 100vw, 300px\" \/><\/p>\n<p>All&#8217;inizio del progetto &#8220;Cultureshake&#8221;, il consorzio si \u00e8 riunito per la prima riunione di pianificazione presso l&#8217;Universit\u00e0 di studi educativi di Karlsruhe. I partner provenienti da tutti i quattro paesi hanno partecipato alla riunione. I seguenti argomenti sono stati discussi:<\/p>\n<ul>\n<li>Gestione della qualit\u00e0<\/li>\n<li>Controllo<\/li>\n<li>Strategia di diffusione<\/li>\n<li>Strategia di monitoraggio<\/li>\n<li>Coordinamento delle attivit\u00e0 del progetto<\/li>\n<li>Modello per la gestione delle parti interessate<\/li>\n<li>Pianificazione degli incontri transnazionali,<\/li>\n<\/ul>\n<p><span class=\"ellipsis\">&hellip;<\/span><\/p>\n<div class=\"read-more\"><a href=\"https:\/\/cultureshake.ph-karlsruhe.de\/cusha\/it\/aktivitaeten\/transnationale-meetings\/kick-off-meeting-in-karlsruhe-12-14-12-2016\/\">Leggi altro &#8250;<\/a><\/div>\n<p><!-- end of .read-more --><\/p>\n","protected":false},"author":1,"featured_media":0,"parent":96,"menu_order":0,"comment_status":"closed","ping_status":"closed","template":"","meta":{"footnotes":""},"class_list":["post-98","page","type-page","status-publish","hentry"],"_links":{"self":[{"href":"https:\/\/cultureshake.ph-karlsruhe.de\/cusha\/it\/wp-json\/wp\/v2\/pages\/98","targetHints":{"allow":["GET"]}}],"collection":[{"href":"https:\/\/cultureshake.ph-karlsruhe.de\/cusha\/it\/wp-json\/wp\/v2\/pages"}],"about":[{"href":"https:\/\/cultureshake.ph-karlsruhe.de\/cusha\/it\/wp-json\/wp\/v2\/types\/page"}],"author":[{"embeddable":true,"href":"https:\/\/cultureshake.ph-karlsruhe.de\/cusha\/it\/wp-json\/wp\/v2\/users\/1"}],"replies":[{"embeddable":true,"href":"https:\/\/cultureshake.ph-karlsruhe.de\/cusha\/it\/wp-json\/wp\/v2\/comments?post=98"}],"version-history":[{"count":22,"href":"https:\/\/cultureshake.ph-karlsruhe.de\/cusha\/it\/wp-json\/wp\/v2\/pages\/98\/revisions"}],"predecessor-version":[{"id":740,"href":"https:\/\/cultureshake.ph-karlsruhe.de\/cusha\/it\/wp-json\/wp\/v2\/pages\/98\/revisions\/740"}],"up":[{"embeddable":true,"href":"https:\/\/cultureshake.ph-karlsruhe.de\/cusha\/it\/wp-json\/wp\/v2\/pages\/96"}],"wp:attachment":[{"href":"https:\/\/cultureshake.ph-karlsruhe.de\/cusha\/it\/wp-json\/wp\/v2\/media?parent=98"}],"curies":[{"name":"wp","href":"https:\/\/api.w.org\/{rel}","templated":true}]}}