{"id":873,"date":"2019-10-20T18:41:58","date_gmt":"2019-10-20T16:41:58","guid":{"rendered":"http:\/\/cultureshake.ph-karlsruhe.de\/cusha\/?page_id=873"},"modified":"2019-10-20T18:48:09","modified_gmt":"2019-10-20T16:48:09","slug":"europaeisches-kulturerbejahr-2018","status":"publish","type":"page","link":"https:\/\/cultureshake.ph-karlsruhe.de\/cusha\/it\/aktivitaeten\/europaeisches-kulturerbejahr-2018\/","title":{"rendered":"Anno europeo del patrimonio culturale 2018"},"content":{"rendered":"<p><\/p>\n<h2><span style=\"font-family: Arial, serif;\"><span style=\"font-size: medium;\"><span lang=\"de-DE\"><b>CultureShake \u00e8 stato insignito dell&#8217;Anno europeo del patrimonio culturale<\/b><\/span><\/span><\/span><\/h2>\n<p><img loading=\"lazy\" decoding=\"async\" class=\"aligncenter size-full wp-image-791\" src=\"http:\/\/cultureshake.ph-karlsruhe.de\/wordpress\/wp-content\/uploads\/2019\/10\/CulturalHeritageLabel.jpg\" alt=\"\" width=\"424\" height=\"322\" srcset=\"https:\/\/cultureshake.ph-karlsruhe.de\/wordpress\/wp-content\/uploads\/2019\/10\/CulturalHeritageLabel.jpg 424w, https:\/\/cultureshake.ph-karlsruhe.de\/wordpress\/wp-content\/uploads\/2019\/10\/CulturalHeritageLabel-300x228.jpg 300w, https:\/\/cultureshake.ph-karlsruhe.de\/wordpress\/wp-content\/uploads\/2019\/10\/CulturalHeritageLabel-100x76.jpg 100w, https:\/\/cultureshake.ph-karlsruhe.de\/wordpress\/wp-content\/uploads\/2019\/10\/CulturalHeritageLabel-150x114.jpg 150w, https:\/\/cultureshake.ph-karlsruhe.de\/wordpress\/wp-content\/uploads\/2019\/10\/CulturalHeritageLabel-200x152.jpg 200w\" sizes=\"auto, (max-width: 424px) 100vw, 424px\" \/><\/p>\n<p>Volevo solo fare le valigie di nuovo per passare una settimana con i nostri studenti multilingue tedeschi e svedesi che hanno lavorato con il Trust in due spettacoli di Shakespeare dal 2016, quando \u00e8 arrivata la grande notizia che la settimana del nostro progetto CultureShake \u00e8 coincisa con quella europea La Commissione Europea ha assegnato l&#8217;Anno del Patrimonio Culturale.<\/p>\n<p>L&#8217;obiettivo dell&#8217;Anno europeo del patrimonio culturale \u00e8 incoraggiare un numero maggiore di persone a scoprire e impegnarsi con il patrimonio culturale europeo e a rafforzare il loro senso di appartenenza a uno spazio europeo comune. Il motto dell&#8217;anno \u00e8 &#8220;La nostra eredit\u00e0: dove il passato incontra il futuro&#8221;. Ci\u00f2 si adatta molto bene al nostro progetto di apprendimento finanziato dall&#8217;UE, che si concentra sull&#8217;integrazione del multilinguismo nell&#8217;apprendimento del patrimonio culturale condiviso.<\/p>\n<p><em>Lisa Peter<\/em><\/p>","protected":false},"excerpt":{"rendered":"<\/p>\n<p><span style=\"font-family: Arial, serif;\"><span style=\"font-size: medium;\"><span lang=\"de-DE\"><b>CultureShake \u00e8 stato insignito dell&#8217;Anno europeo del patrimonio culturale<\/b><\/span><\/span><\/span><\/p>\n<p><img loading=\"lazy\" decoding=\"async\" class=\"aligncenter size-full wp-image-791\" src=\"http:\/\/cultureshake.ph-karlsruhe.de\/wordpress\/wp-content\/uploads\/2019\/10\/CulturalHeritageLabel.jpg\" alt=\"\" width=\"424\" height=\"322\" srcset=\"https:\/\/cultureshake.ph-karlsruhe.de\/wordpress\/wp-content\/uploads\/2019\/10\/CulturalHeritageLabel.jpg 424w, https:\/\/cultureshake.ph-karlsruhe.de\/wordpress\/wp-content\/uploads\/2019\/10\/CulturalHeritageLabel-300x228.jpg 300w, https:\/\/cultureshake.ph-karlsruhe.de\/wordpress\/wp-content\/uploads\/2019\/10\/CulturalHeritageLabel-100x76.jpg 100w, https:\/\/cultureshake.ph-karlsruhe.de\/wordpress\/wp-content\/uploads\/2019\/10\/CulturalHeritageLabel-150x114.jpg 150w, https:\/\/cultureshake.ph-karlsruhe.de\/wordpress\/wp-content\/uploads\/2019\/10\/CulturalHeritageLabel-200x152.jpg 200w\" sizes=\"auto, (max-width: 424px) 100vw, 424px\" \/><\/p>\n<p>Volevo solo fare le valigie di nuovo per passare una settimana con i nostri studenti multilingue tedeschi e svedesi che hanno lavorato con il Trust in due spettacoli di Shakespeare dal 2016,<\/p>\n<p><span class=\"ellipsis\">&hellip;<\/span><\/p>\n<div class=\"read-more\"><a href=\"https:\/\/cultureshake.ph-karlsruhe.de\/cusha\/it\/aktivitaeten\/europaeisches-kulturerbejahr-2018\/\">Leggi altro &#8250;<\/a><\/div>\n<p><!-- end of .read-more --><\/p>\n","protected":false},"author":1,"featured_media":0,"parent":51,"menu_order":1,"comment_status":"closed","ping_status":"closed","template":"","meta":{"footnotes":""},"class_list":["post-873","page","type-page","status-publish","hentry"],"_links":{"self":[{"href":"https:\/\/cultureshake.ph-karlsruhe.de\/cusha\/it\/wp-json\/wp\/v2\/pages\/873","targetHints":{"allow":["GET"]}}],"collection":[{"href":"https:\/\/cultureshake.ph-karlsruhe.de\/cusha\/it\/wp-json\/wp\/v2\/pages"}],"about":[{"href":"https:\/\/cultureshake.ph-karlsruhe.de\/cusha\/it\/wp-json\/wp\/v2\/types\/page"}],"author":[{"embeddable":true,"href":"https:\/\/cultureshake.ph-karlsruhe.de\/cusha\/it\/wp-json\/wp\/v2\/users\/1"}],"replies":[{"embeddable":true,"href":"https:\/\/cultureshake.ph-karlsruhe.de\/cusha\/it\/wp-json\/wp\/v2\/comments?post=873"}],"version-history":[{"count":2,"href":"https:\/\/cultureshake.ph-karlsruhe.de\/cusha\/it\/wp-json\/wp\/v2\/pages\/873\/revisions"}],"predecessor-version":[{"id":875,"href":"https:\/\/cultureshake.ph-karlsruhe.de\/cusha\/it\/wp-json\/wp\/v2\/pages\/873\/revisions\/875"}],"up":[{"embeddable":true,"href":"https:\/\/cultureshake.ph-karlsruhe.de\/cusha\/it\/wp-json\/wp\/v2\/pages\/51"}],"wp:attachment":[{"href":"https:\/\/cultureshake.ph-karlsruhe.de\/cusha\/it\/wp-json\/wp\/v2\/media?parent=873"}],"curies":[{"name":"wp","href":"https:\/\/api.w.org\/{rel}","templated":true}]}}