{"id":797,"date":"2019-10-06T18:16:33","date_gmt":"2019-10-06T16:16:33","guid":{"rendered":"http:\/\/cultureshake.ph-karlsruhe.de\/cusha\/?page_id=797"},"modified":"2019-10-28T20:47:16","modified_gmt":"2019-10-28T19:47:16","slug":"multiplier-event-at-the-english-school-of-gothenburg","status":"publish","type":"page","link":"https:\/\/cultureshake.ph-karlsruhe.de\/cusha\/it\/aktivitaeten\/multiplikatorenveranstaltung\/multiplier-event-at-the-english-school-of-gothenburg\/","title":{"rendered":"Evento moltiplicatore presso la scuola inglese di G\u00f6teborg il 2 maggio 2019"},"content":{"rendered":"<p>L&#8217;evento moltiplicatore all&#8217;ESG si \u00e8 tenuto a G\u00f6teborg il 2 maggio 2019. L&#8217;evento \u00e8 stato organizzato per informare gli insegnanti della zona sui risultati intellettuali del progetto CultureShake.<\/p>\n<p>L&#8217;ESG \u00e8 il leader della produzione intellettuale sul materiale didattico tra pari. Quindi questa \u00e8 stata un&#8217;occasione molto speciale per socializzare con i coautori, gli studenti dell&#8217;ESG. Gli studenti hanno sviluppato materiale didattico tra pari per altri studenti. Durante le attivit\u00e0 di apprendimento a Singen, Stratford-upon-Avon e G\u00f6teborg hanno raccolto idee e metodi per i loro prodotti.<\/p>\n<p>Non solo per presentare la teoria, ma anche per metterla in pratica, hanno fornito le loro interpretazioni di The Tempest e A Midsummer Night\u00b4s Dream.<br \/>\nL&#8217;ESG ha preso circa 23 studenti di 9 anni e le versioni brevi degli spettacoli di Shakespeare. Sono stati guidati e diretti dagli studenti di 15 e 16 anni che hanno gi\u00e0 familiarit\u00e0 con le opere teatrali. Si sono esibiti ad un pubblico invitato. I loro genitori adoravano vederli esibirsi e adoravano essere diretti dagli studenti pi\u00f9 grandi, un ottimo antidoto alla paura degli studenti pi\u00f9 grandi. I bambini hanno molte lingue ma i genitori sono rimasti colpiti dal fatto che qui si sono esibiti in un&#8217;altra lingua, l&#8217;inglese shakespeariano.<\/p>\n<p>Abbiamo ricevuto ottimi riscontri dagli studenti pi\u00f9 grandi. <\/p>\n<p><strong>Studente 1<\/strong><br \/>\n\u201eHo conosciuto persone che probabilmente non avrei saputo altrimenti e penso che abbia rafforzato il legame tra i nostri gruppi annuali. So che alcuni ragazzi hanno apprezzato molto le loro battute e ruoli. Penso anche che si siano divertiti a mostrare la performance ai loro genitori. Mi piacerebbe dirigere di nuovo. Sono stato contento del risultato finale.\u201c<\/p>\n<p><strong>Studente 2<\/strong><br \/>\nMi \u00e8 piaciuto lavorare con i bambini e insegnare loro ci\u00f2 che ho imparato durante il progetto CUSHA. Ho anche trovato divertente sviluppare il gioco fin dall&#8217;inizio e vedere le mie idee prendere vita. Ho anche adorato il fatto che tutti (compresi gli altri studenti della scuola) abbiano apprezzato le esibizioni e apprezzato il nostro duro lavoro.\u201c<\/p>\n<p><em>Vuoi dirigere di nuovo?<\/em><br \/>\n&#8220;Decisamente s\u00ec. \u00c8 stato molto divertente e lavorare con i bambini \u00e8 stato fantastico.\u201c<\/p>\n<p><strong>Studente 3<\/strong><br \/>\n\u201ePenso che la cosa migliore di questo piccolo progetto sia stata che tutto questo ha richiesto molto lavoro di gruppo e condivisione. Tutti dovevano lavorare con tutti e questo ci ha portato a conoscerci, a tutti gli studenti pi\u00f9 giovani, agli anziani e persino agli insegnanti. Penso che gli studenti pi\u00f9 giovani siano stati in grado di trovare un modello o qualcuno da guardare agli anziani. Tutti gli anziani sono stati responsabili e hanno dato il buon esempio agli studenti pi\u00f9 giovani, che trovo importante.\u201c <\/p>\n<p><em>Vuoi dirigere di nuovo?<\/em><br \/>\n\u201eS\u00ec, l&#8217;ho trovato interessante e divertente. Mi piacerebbe farlo di nuovo.&#8221;<\/p>\n<style>\n#tabcust {\n  border-collapse: collapse;\n  width: 100%;\n  text-align: center;\n  vertical-align: middle;\n  border: 2px solid black;\n}\n<\/style>\n<table id=\"tabcust\">\n<tr>\n<th width=\"75%\">Volantino per invito all&#8217;evento moltiplicatore<\/th>\n<th width=\"25%\"><a href=\"https:\/\/cultureshake.ph-karlsruhe.de\/wordpress\/wp-content\/uploads\/2019\/10\/ESG_Multiplier_Programme.pdf\" target=\"_blank\" rel=\"noopener noreferrer\"><img decoding=\"async\" src=\"https:\/\/cultureshake.ph-karlsruhe.de\/wordpress\/wp-content\/uploads\/2019\/10\/Download_CS.png\"><\/a><\/th>\n<\/tr>\n<\/table>\n<p>ltiplier Programme<\/a><\/p>","protected":false},"excerpt":{"rendered":"<p>L&#8217;evento moltiplicatore all&#8217;ESG si \u00e8 tenuto a G\u00f6teborg il 2 maggio 2019. L&#8217;evento \u00e8 stato organizzato per informare gli insegnanti della zona sui risultati intellettuali del progetto CultureShake.<\/p>\n<p>L&#8217;ESG \u00e8 il leader della produzione intellettuale sul materiale didattico tra pari.<\/p>\n<p><span class=\"ellipsis\">&hellip;<\/span><\/p>\n<div class=\"read-more\"><a href=\"https:\/\/cultureshake.ph-karlsruhe.de\/cusha\/it\/aktivitaeten\/multiplikatorenveranstaltung\/multiplier-event-at-the-english-school-of-gothenburg\/\">Leggi altro &#8250;<\/a><\/div>\n<p><!-- end of .read-more --><\/p>\n","protected":false},"author":1,"featured_media":0,"parent":759,"menu_order":3,"comment_status":"closed","ping_status":"closed","template":"","meta":{"footnotes":""},"class_list":["post-797","page","type-page","status-publish","hentry"],"_links":{"self":[{"href":"https:\/\/cultureshake.ph-karlsruhe.de\/cusha\/it\/wp-json\/wp\/v2\/pages\/797","targetHints":{"allow":["GET"]}}],"collection":[{"href":"https:\/\/cultureshake.ph-karlsruhe.de\/cusha\/it\/wp-json\/wp\/v2\/pages"}],"about":[{"href":"https:\/\/cultureshake.ph-karlsruhe.de\/cusha\/it\/wp-json\/wp\/v2\/types\/page"}],"author":[{"embeddable":true,"href":"https:\/\/cultureshake.ph-karlsruhe.de\/cusha\/it\/wp-json\/wp\/v2\/users\/1"}],"replies":[{"embeddable":true,"href":"https:\/\/cultureshake.ph-karlsruhe.de\/cusha\/it\/wp-json\/wp\/v2\/comments?post=797"}],"version-history":[{"count":13,"href":"https:\/\/cultureshake.ph-karlsruhe.de\/cusha\/it\/wp-json\/wp\/v2\/pages\/797\/revisions"}],"predecessor-version":[{"id":1027,"href":"https:\/\/cultureshake.ph-karlsruhe.de\/cusha\/it\/wp-json\/wp\/v2\/pages\/797\/revisions\/1027"}],"up":[{"embeddable":true,"href":"https:\/\/cultureshake.ph-karlsruhe.de\/cusha\/it\/wp-json\/wp\/v2\/pages\/759"}],"wp:attachment":[{"href":"https:\/\/cultureshake.ph-karlsruhe.de\/cusha\/it\/wp-json\/wp\/v2\/media?parent=797"}],"curies":[{"name":"wp","href":"https:\/\/api.w.org\/{rel}","templated":true}]}}