{"id":789,"date":"2019-10-06T18:08:13","date_gmt":"2019-10-06T16:08:13","guid":{"rendered":"http:\/\/cultureshake.ph-karlsruhe.de\/cusha\/?page_id=789"},"modified":"2019-10-29T18:28:59","modified_gmt":"2019-10-29T17:28:59","slug":"goeteborg-23-29-09-2018","status":"publish","type":"page","link":"https:\/\/cultureshake.ph-karlsruhe.de\/cusha\/it\/aktivitaeten\/lernaktivitaeten\/goeteborg-23-29-09-2018\/","title":{"rendered":"G\u00f6teborg, 23\/09 \u2013 29\/09\/2018"},"content":{"rendered":"<p>La terza attivit\u00e0 di apprendimento di CultureShake presso la English School Gothenburg (ESG) si \u00e8 svolta dal 23\/09 al 29\/09\/2018.<\/p>\n<p>La Commissione europea ha assegnato a questa attivit\u00e0 di apprendimento CultureShake il marchio dell&#8217;Anno europeo del patrimonio culturale:<\/p>\n<p><img loading=\"lazy\" decoding=\"async\" class=\"aligncenter size-full wp-image-791\" src=\"http:\/\/cultureshake.ph-karlsruhe.de\/wordpress\/wp-content\/uploads\/2019\/10\/CulturalHeritageLabel.jpg\" alt=\"\" width=\"424\" height=\"322\" srcset=\"https:\/\/cultureshake.ph-karlsruhe.de\/wordpress\/wp-content\/uploads\/2019\/10\/CulturalHeritageLabel.jpg 424w, https:\/\/cultureshake.ph-karlsruhe.de\/wordpress\/wp-content\/uploads\/2019\/10\/CulturalHeritageLabel-300x228.jpg 300w, https:\/\/cultureshake.ph-karlsruhe.de\/wordpress\/wp-content\/uploads\/2019\/10\/CulturalHeritageLabel-100x76.jpg 100w, https:\/\/cultureshake.ph-karlsruhe.de\/wordpress\/wp-content\/uploads\/2019\/10\/CulturalHeritageLabel-150x114.jpg 150w, https:\/\/cultureshake.ph-karlsruhe.de\/wordpress\/wp-content\/uploads\/2019\/10\/CulturalHeritageLabel-200x152.jpg 200w\" sizes=\"auto, (max-width: 424px) 100vw, 424px\" \/><\/p>\n<h3><strong>Scopo<\/strong><\/h3>\n<p>Lo scopo di questa attivit\u00e0 di apprendimento era di continuare a lavorare sui prodotti del progetto e finalizzare i risultati intellettuali con il coinvolgimento degli studenti. Questa \u00e8 stata l&#8217;attivit\u00e0 culminante della serie delle precedenti attivit\u00e0 di apprendimento a Singen e Stratford. Dopo aver riflettuto sul contributo e sulle esperienze acquisite dall&#8217;attivit\u00e0 di apprendimento a Stratford, gli studenti hanno discusso e riflettuto nell&#8217;ultima riunione faccia a faccia su come integrare i metodi sviluppati nel loro &#8220;Materiale didattico tra pari&#8221;. Il materiale didattico sviluppato dopo la seconda attivit\u00e0 di apprendimento a Stratford \u00e8 stato testato in classe prima dell&#8217;attivit\u00e0 di apprendimento di G\u00f6teborg. L&#8217;obiettivo di base di questa attivit\u00e0 di apprendimento era coinvolgere gli studenti nella scrittura collaborativa, nella revisione del loro lavoro, nella revisione e nella redazione insieme a esperti, studenti e insegnanti della bozza finale del materiale didattico tra pari.<\/p>\n<h3><strong>Obiettivi del progetto con questo apprendimento<\/strong><\/h3>\n<ul>\n<li>promuovere l&#8217;apprendimento delle lingue e la diversit\u00e0 linguistica<\/li>\n<li>promuovere il multilinguismo<\/li>\n<li>sviluppare la dimensione europea dell&#8217;istruzione, in particolare attraverso l&#8217;attenzione multilingue<\/li>\n<li>promuovere l&#8217;apprendimento interculturale e aprire spazi per la transculturalit\u00e0<\/li>\n<li>sostenere la mobilit\u00e0 tra insegnanti e discenti<\/li>\n<\/ul>\n<h3><strong>Concetto di contenuto<\/strong><\/h3>\n<p>Il concetto di contenuto segue la descrizione dell&#8217;attivit\u00e0 di apprendimento C1 a Singen. Per questa attivit\u00e0 di apprendimento era persino possibile che uno studente rifugiato ricevesse un&#8217;indennit\u00e0 di viaggio. In questo caso il concetto di contenuto ha preso vita perch\u00e9 lo studente rifugiato non si sentiva diverso in questo contesto poich\u00e9 l&#8217;ambiente in Svezia era molto multiculturale.<\/p>\n<p>Preparativi: i partner del progetto avevano gi\u00e0 pianificato le attivit\u00e0 di questa settimana con due anni di anticipo nel corso dell&#8217;inizio del contratto. Dall&#8217;inizio ufficiale del progetto il 01\/09\/2016, la concettualizzazione \u00e8 stata ulteriormente specificata, valutata e migliorata. Durante i preparativi a G\u00f6teborg si sono svolte discussioni con i leader del seminario e l&#8217;esplorazione dell&#8217;ambiente di apprendimento extracurricolare durante il terzo incontro transnazionale del progetto dal 15\/05 al 17\/05\/2018.<\/p>\n<h3><strong>I partecipanti<\/strong><\/h3>\n<p>Gli alunni e gli insegnanti della Stiftelsen English School of Gothenburg (ESG) in Svezia hanno ospitato gli allievi del ginnasio Friedrich-W\u00f6hler (FWG). Le attivit\u00e0 di apprendimento sono state supportate accademicamente dalla dott.ssa Annette Deschner (Universit\u00e0 dell&#8217;Istruzione, Karlsruhe), dalla dott.ssa Mojca Kompara (Universit\u00e0 Primorska di Capodistria in Slovenia) e Lisa Peter (tutor presso lo Shakespeare Birthplace Trust Stratford, Regno Unito).<\/p>\n<h3>Le seguenti attivit\u00e0 si sono svolte durante la settimana.<\/h3>\n<p><em>Domenica 23 settembre 2018<\/em><br \/>\nL&#8217;attivit\u00e0 di apprendimento \u00e8 iniziata con la giornata di viaggio di domenica. A causa del tempo burrascoso ci sono stati voli in ritardo, che hanno preparato il terreno per la nostra avventura di sette giorni incentrata su &#8220;The Tempest&#8221;.<\/p>\n<p><em>Monday, 24 September 2018<\/em><br \/>\nLuned\u00ec mattina siamo arrivati tutti all&#8217;ESG e siamo stati calorosamente accolti dal capo della scuola, Mr. Potter. Gli studenti dell&#8217;ottavo anno hanno offerto ai loro partner un tour scolastico. Dopo questo primo incontro, gli studenti hanno continuato a lavorare sul dizionario online CUSHA. All&#8217;ora di pranzo ci siamo uniti alla comunit\u00e0 scolastica e ci siamo goduti il pasto insieme come nella maggior parte degli altri giorni. Il seminario durante il pomeriggio \u00e8 stato dedicato al lavoro di gruppo sul materiale didattico tra pari. All&#8217;inizio dell&#8217;attivit\u00e0 di apprendimento di G\u00f6teborg gli alunni hanno analizzato le valutazioni dei materiali didattici testati in classe. Nel tardo pomeriggio gli studenti sono stati prelevati dai genitori e dalle famiglie ospitanti per un evento serale. Il consorzio si \u00e8 riunito per un incontro amministrativo.<\/p>\n<p><em>Marted\u00ec 25 settembre 2018<\/em><br \/>\nMarted\u00ec mattina \u00e8 iniziata la sperimentazione del materiale finora sviluppato. Gli studenti del terzo anno sono stati felici di essere stati insegnati dai loro coetanei. Nel pomeriggio sono state valutate le attivit\u00e0 tra pari e sono state programmate le prossime sessioni di insegnamento tra pari. Come attivit\u00e0 serale ha avuto luogo il geocache virtuale &#8220;La nostra eredit\u00e0: dove il passato incontra il futuro&#8221;. Durante l&#8217;attivit\u00e0 serale si \u00e8 svolto il geocache virtuale &#8220;Il nostro patrimonio: dove il passato incontra il futuro&#8221;, in linea con il 2018 come &#8220;Anno europeo del patrimonio culturale&#8221; e il marchio UE assegnato per questa attivit\u00e0 di apprendimento. La Commissione europea ha deciso di assegnare il marchio del patrimonio europeo alla terza attivit\u00e0 di apprendimento di CultureShake. La geocache multilingue sulla connessione tra Shakespeare e il presente e il passato di G\u00f6teborg ha contribuito all&#8217;idea del marchio del patrimonio europeo.<\/p>\n<p><em>Mercoled\u00ec 26 settembre 2018<\/em><br \/>\nLa mattinata \u00e8 iniziata con una sessione sul &#8220;Teatro degli oppressi&#8221; di Boal (ulteriori informazioni su Boal in termini di questo progetto sono disponibili nella produzione intellettuale 4) e sono state riprese per sessioni di gemellaggio elettronico e webinar per l&#8217;ulteriore formazione degli insegnanti nell&#8217;output intellettuale 5. Questa sessione \u00e8 stata seguita da una nel dizionario online CUSHA. Nel pomeriggio gli studenti hanno curato i prodotti del cac virtuale lui e li ha caricati. Le famiglie ospitanti hanno organizzato attivit\u00e0 serali per gli studenti e al consorzio \u00e8 stato offerto un tour indimenticabile attraverso il giardino botanico di G\u00f6teborg.<\/p>\n<p><em>Gioved\u00ec 27 settembre 2018<\/em><br \/>\nGioved\u00ec siamo stati invitati a mostrare, testare e discutere i nostri risultati intellettuali nella nostra scuola di parti interessate \u00d6cker\u00f6 Seglande Gymnasieskola, una scuola secondaria superiore per studenti dai 16 ai 19 anni. Questo ci ha dato l&#8217;opportunit\u00e0 di testare materiale diverso dai risultati intellettuali 1, 3 e 4 con un altro tipo di scuola e studenti pi\u00f9 grandi.<br \/>\nAl mattino le attivit\u00e0 dei giorni precedenti sono state valutate con gli studenti. Sulla base di questo, sono state programmate attivit\u00e0 per il pomeriggio a \u00d6cker\u00f6. Petra Hult\u00e9n, il nostro stakeholder e insegnante di tedesco in questa scuola, ci ha dato un caloroso benvenuto e ci ha fatto conoscere la &#8220;scuola sotto le vele&#8221;. Successivamente, gli studenti e gli esperti CUSHA hanno immerso gli studenti \u00d6cker\u00f6 nei risultati intellettuali di CultureShake. Gli studenti e gli insegnanti di \u00d6cker\u00f6 Seglande Gymnasieskola hanno dato un feedback positivo sui prodotti del progetto: inizialmente l&#8217;approccio didattico e l&#8217;argomento erano molto nuovi per loro, ma poi con maggiori informazioni e input hanno affermato di essere collegati all&#8217;argomento e ai metodi.<\/p>\n<p><em>Venerd\u00ec 28 settembre 2018<\/em><br \/>\nIl feedback di \u00d6cker\u00f6 \u00e8 stato discusso e valutato. Gli studenti hanno lavorato nel feedback sul materiale didattico tra pari. Ci\u00f2 avveniva secondo lo stesso processo di tutta la settimana: gli studenti erano supervisionati dagli esperti della Shakespeare Birthplace Trust, dell&#8217;Universit\u00e0 di Education Karlsruhe e della Primorska University, le guide degli output intellettuali e degli insegnanti.<\/p>\n<p>Nel pomeriggio tutti gli studenti CUSHA hanno incontrato gli studenti dell&#8217;ottavo anno per giocare a bowling. Alla sera, tutti sono stati invitati a una festa di partenza in una delle case della famiglia ospitante.<\/p>\n<p><em>Sabato 20 settembre 2018<\/em><br \/>\nSabato era il nostro giorno di partenza:<\/p>\n<p><strong><em>\u201cCome t\u2019avevo detto, quegli attorierano solo spiriti dell\u2019aria,ed in aria si son tutti dissolti,in un\u2019aria sottile ed impalpabile.\u201d<\/em><\/strong> (The Tempest 4.1.148-150).<\/p>","protected":false},"excerpt":{"rendered":"<p>La terza attivit\u00e0 di apprendimento di CultureShake presso la English School Gothenburg (ESG) si \u00e8 svolta dal 23\/09 al 29\/09\/2018.<\/p>\n<p>La Commissione europea ha assegnato a questa attivit\u00e0 di apprendimento CultureShake il marchio dell&#8217;Anno europeo del patrimonio culturale:<\/p>\n<p><img loading=\"lazy\" decoding=\"async\" class=\"aligncenter size-full wp-image-791\" src=\"http:\/\/cultureshake.ph-karlsruhe.de\/wordpress\/wp-content\/uploads\/2019\/10\/CulturalHeritageLabel.jpg\" alt=\"\" width=\"424\" height=\"322\" srcset=\"https:\/\/cultureshake.ph-karlsruhe.de\/wordpress\/wp-content\/uploads\/2019\/10\/CulturalHeritageLabel.jpg 424w, https:\/\/cultureshake.ph-karlsruhe.de\/wordpress\/wp-content\/uploads\/2019\/10\/CulturalHeritageLabel-300x228.jpg 300w, https:\/\/cultureshake.ph-karlsruhe.de\/wordpress\/wp-content\/uploads\/2019\/10\/CulturalHeritageLabel-100x76.jpg 100w, https:\/\/cultureshake.ph-karlsruhe.de\/wordpress\/wp-content\/uploads\/2019\/10\/CulturalHeritageLabel-150x114.jpg 150w, https:\/\/cultureshake.ph-karlsruhe.de\/wordpress\/wp-content\/uploads\/2019\/10\/CulturalHeritageLabel-200x152.jpg 200w\" sizes=\"auto, (max-width: 424px) 100vw, 424px\" \/><\/p>\n<p><strong>Scopo<\/strong><\/p>\n<p>Lo scopo di questa attivit\u00e0 di apprendimento era di continuare a lavorare sui prodotti del progetto e finalizzare i risultati intellettuali con il coinvolgimento degli studenti.<\/p>\n<p><span class=\"ellipsis\">&hellip;<\/span><\/p>\n<div class=\"read-more\"><a href=\"https:\/\/cultureshake.ph-karlsruhe.de\/cusha\/it\/aktivitaeten\/lernaktivitaeten\/goeteborg-23-29-09-2018\/\">Leggi altro &#8250;<\/a><\/div>\n<p><!-- end of .read-more --><\/p>\n","protected":false},"author":1,"featured_media":0,"parent":360,"menu_order":3,"comment_status":"closed","ping_status":"closed","template":"","meta":{"footnotes":""},"class_list":["post-789","page","type-page","status-publish","hentry"],"_links":{"self":[{"href":"https:\/\/cultureshake.ph-karlsruhe.de\/cusha\/it\/wp-json\/wp\/v2\/pages\/789","targetHints":{"allow":["GET"]}}],"collection":[{"href":"https:\/\/cultureshake.ph-karlsruhe.de\/cusha\/it\/wp-json\/wp\/v2\/pages"}],"about":[{"href":"https:\/\/cultureshake.ph-karlsruhe.de\/cusha\/it\/wp-json\/wp\/v2\/types\/page"}],"author":[{"embeddable":true,"href":"https:\/\/cultureshake.ph-karlsruhe.de\/cusha\/it\/wp-json\/wp\/v2\/users\/1"}],"replies":[{"embeddable":true,"href":"https:\/\/cultureshake.ph-karlsruhe.de\/cusha\/it\/wp-json\/wp\/v2\/comments?post=789"}],"version-history":[{"count":11,"href":"https:\/\/cultureshake.ph-karlsruhe.de\/cusha\/it\/wp-json\/wp\/v2\/pages\/789\/revisions"}],"predecessor-version":[{"id":1048,"href":"https:\/\/cultureshake.ph-karlsruhe.de\/cusha\/it\/wp-json\/wp\/v2\/pages\/789\/revisions\/1048"}],"up":[{"embeddable":true,"href":"https:\/\/cultureshake.ph-karlsruhe.de\/cusha\/it\/wp-json\/wp\/v2\/pages\/360"}],"wp:attachment":[{"href":"https:\/\/cultureshake.ph-karlsruhe.de\/cusha\/it\/wp-json\/wp\/v2\/media?parent=789"}],"curies":[{"name":"wp","href":"https:\/\/api.w.org\/{rel}","templated":true}]}}