{"id":775,"date":"2019-10-06T17:16:39","date_gmt":"2019-10-06T15:16:39","guid":{"rendered":"http:\/\/cultureshake.ph-karlsruhe.de\/cusha\/?page_id=775"},"modified":"2019-10-26T13:38:18","modified_gmt":"2019-10-26T11:38:18","slug":"multiplier-event-at-the-university-of-primorska-march-23th-2019","status":"publish","type":"page","link":"https:\/\/cultureshake.ph-karlsruhe.de\/cusha\/it\/aktivitaeten\/multiplikatorenveranstaltung\/multiplier-event-at-the-university-of-primorska-march-23th-2019\/","title":{"rendered":"Evento moltiplicatore all&#8217;Universit\u00e0 di Primorska, 23 marzo 2019"},"content":{"rendered":"<p>In tutti e quattro i paesi partecipanti al progetto CultureShake si sono svolti eventi moltiplicatori. L&#8217;evento moltiplicatore di CultureShake in Slovenia \u00e8 stato ospitato dall&#8217;Universit\u00e0 di Primorska nel marzo 2019. All&#8217;evento hanno partecipato ospiti nazionali e internazionali. Erano esperti nella ricerca linguistica, ma c&#8217;erano anche praticanti e studenti. Questi ultimi erano principalmente interessati ai risultati del progetto.<\/p>\n<p>All&#8217;inizio della giornata i partecipanti sono stati accolti e introdotti all&#8217;origine e alla portata del progetto, compresi gli argomenti, le priorit\u00e0 e i principali white paper e documenti sull&#8217;istruzione dell&#8217;UE. Nel pomeriggio sono state presentate tutte le uscite intellettuali. I risultati del progetto sono stati ben accolti e seguiti da discussioni e suggerimenti per il trasferimento ad altri campi dell&#8217;educazione. Durante il pranzo e le pause caff\u00e8 sono stati mostrati materiali del progetto come biografie linguistiche ed esempi di cultura locale. I partecipanti hanno espresso un forte interesse per un follow-up e per tenersi in contatto. Al termine dell&#8217;incontro si \u00e8 tenuta la reception con una sessione di poster. \u00c8 stato inoltre preparato un seminario ed erano presenti anche esperti della societ\u00e0 di software Amebis. Nell&#8217;evento moltiplicatore il partecipante ha avuto l&#8217;opportunit\u00e0 di testare il dizionario online. I partecipanti sono rimasti colpiti dagli approcci, materiali e idee innovativi del progetto.<\/p>\n<style>\n#tabcust {\n  border-collapse: collapse;\n  width: 100%;\n  text-align: center;\n  vertical-align: middle;\n  border: 2px solid black;\n}\n<\/style>\n<table id=\"tabcust\">\n<tr>\n<th width=\"75%\">Multiplier Event Programme<\/th>\n<th width=\"25%\"><a href=\"https:\/\/cultureshake.ph-karlsruhe.de\/wordpress\/wp-content\/uploads\/2019\/10\/E1_Building%20Cultural%20Bridges_Program.pdf\" target=\"_blank\" rel=\"noopener noreferrer\"><img decoding=\"async\" src=\"https:\/\/cultureshake.ph-karlsruhe.de\/wordpress\/wp-content\/uploads\/2019\/10\/Download_CS.png\"><\/a><\/th>\n<\/tr>\n<tr>\n<th>Multiplier Presentation: Building Cultural Bridges<\/th>\n<th><a href=\"https:\/\/cultureshake.ph-karlsruhe.de\/wordpress\/wp-content\/uploads\/2019\/10\/E1_Building%20bridges_presentation.pdf\" target=\"_blank\" rel=\"noopener noreferrer\"><img decoding=\"async\" src=\"https:\/\/cultureshake.ph-karlsruhe.de\/wordpress\/wp-content\/uploads\/2019\/10\/Download_CS.png\"><\/a><\/th>\n<\/tr>\n<tr>\n<th>Multiplier Presentation: CUSHA Dictionary<\/th>\n<th><a href=\"https:\/\/cultureshake.ph-karlsruhe.de\/wordpress\/wp-content\/uploads\/2019\/10\/E1_CUSHA_DICTIONARY.pdf\" target=\"_blank\" rel=\"noopener noreferrer\"><img decoding=\"async\" src=\"https:\/\/cultureshake.ph-karlsruhe.de\/wordpress\/wp-content\/uploads\/2019\/10\/Download_CS.png\"><\/a><\/th>\n<\/tr>\n<\/table>\n<p><\/p>","protected":false},"excerpt":{"rendered":"<p>In tutti e quattro i paesi partecipanti al progetto CultureShake si sono svolti eventi moltiplicatori. L&#8217;evento moltiplicatore di CultureShake in Slovenia \u00e8 stato ospitato dall&#8217;Universit\u00e0 di Primorska nel marzo 2019. All&#8217;evento hanno partecipato ospiti nazionali e internazionali. Erano esperti nella ricerca linguistica,<\/p>\n<p><span class=\"ellipsis\">&hellip;<\/span><\/p>\n<div class=\"read-more\"><a href=\"https:\/\/cultureshake.ph-karlsruhe.de\/cusha\/it\/aktivitaeten\/multiplikatorenveranstaltung\/multiplier-event-at-the-university-of-primorska-march-23th-2019\/\">Leggi altro &#8250;<\/a><\/div>\n<p><!-- end of .read-more --><\/p>\n","protected":false},"author":1,"featured_media":0,"parent":759,"menu_order":0,"comment_status":"closed","ping_status":"closed","template":"","meta":{"footnotes":""},"class_list":["post-775","page","type-page","status-publish","hentry"],"_links":{"self":[{"href":"https:\/\/cultureshake.ph-karlsruhe.de\/cusha\/it\/wp-json\/wp\/v2\/pages\/775","targetHints":{"allow":["GET"]}}],"collection":[{"href":"https:\/\/cultureshake.ph-karlsruhe.de\/cusha\/it\/wp-json\/wp\/v2\/pages"}],"about":[{"href":"https:\/\/cultureshake.ph-karlsruhe.de\/cusha\/it\/wp-json\/wp\/v2\/types\/page"}],"author":[{"embeddable":true,"href":"https:\/\/cultureshake.ph-karlsruhe.de\/cusha\/it\/wp-json\/wp\/v2\/users\/1"}],"replies":[{"embeddable":true,"href":"https:\/\/cultureshake.ph-karlsruhe.de\/cusha\/it\/wp-json\/wp\/v2\/comments?post=775"}],"version-history":[{"count":10,"href":"https:\/\/cultureshake.ph-karlsruhe.de\/cusha\/it\/wp-json\/wp\/v2\/pages\/775\/revisions"}],"predecessor-version":[{"id":981,"href":"https:\/\/cultureshake.ph-karlsruhe.de\/cusha\/it\/wp-json\/wp\/v2\/pages\/775\/revisions\/981"}],"up":[{"embeddable":true,"href":"https:\/\/cultureshake.ph-karlsruhe.de\/cusha\/it\/wp-json\/wp\/v2\/pages\/759"}],"wp:attachment":[{"href":"https:\/\/cultureshake.ph-karlsruhe.de\/cusha\/it\/wp-json\/wp\/v2\/media?parent=775"}],"curies":[{"name":"wp","href":"https:\/\/api.w.org\/{rel}","templated":true}]}}