{"id":765,"date":"2019-10-06T17:02:39","date_gmt":"2019-10-06T15:02:39","guid":{"rendered":"http:\/\/cultureshake.ph-karlsruhe.de\/cusha\/?page_id=765"},"modified":"2019-10-23T11:01:19","modified_gmt":"2019-10-23T09:01:19","slug":"5-transnationales-projekttreffen","status":"publish","type":"page","link":"https:\/\/cultureshake.ph-karlsruhe.de\/cusha\/it\/aktivitaeten\/transnationale-meetings\/5-transnationales-projekttreffen\/","title":{"rendered":"5 \u00b0 incontro transnazionale del progetto"},"content":{"rendered":"<p><\/p>\n<h1>presso l&#8217;Universit\u00e0 degli Studi di Karlsruhe dal 03\/06 al 07\/06\/2019<\/h1>\n<p>L&#8217;incontro conclusivo del progetto &#8220;CultureShake&#8221; si \u00e8 svolto a Karlsruhe. Il luned\u00ec e il venerd\u00ec erano programmati come giorni di viaggio.<\/p>\n<p>Sono stati discussi e trattati i seguenti argomenti:<\/p>\n<ul>\n<li>Attivit\u00e0 di diffusione<\/li>\n<li>Ciclo di diffusione<\/li>\n<li>Sito web<\/li>\n<li>Gestione delle parti interessate<\/li>\n<li>Impatto (incluso il riferimento all&#8217;esercizio di impatto della quarta riunione del progetto transnazionale)<\/li>\n<li>Risultati intellettuali: garanzia di qualit\u00e0, problemi e processi di traduzione, layout<\/li>\n<li>Controlla lo strumento di mobilit\u00e0<\/li>\n<li>Discussione e comprensione Domande sulla relazione finale<\/li>\n<li>Discussione sui risultati del progetto<\/li>\n<li>Concetto di sostenibilit\u00e0<\/li>\n<li>Aggiorna il piano di progetto con le date per le chiamate di recupero<\/li>\n<\/ul>\n<p>Per quanto riguarda le attivit\u00e0 di diffusione e divulgazione, abbiamo valutato che i nostri risultati hanno superato gli obiettivi dichiarati nella proposta di progetto, poich\u00e9 abbiamo raggiunto pi\u00f9 persone rispetto a quelle inizialmente previste. Il piano di diffusione elaborato all&#8217;inizio del progetto \u00e8 stato efficace in quanto ci ha aiutato nel corso del progetto a raggiungere i nostri obiettivi.<\/p>\n<p>Secondo l&#8217;esercizio dell&#8217;impatto (che pu\u00f2 essere trovato <a href=\"https:\/\/www.kmk-pad.org\/fileadmin\/Dateien\/download\/v_na\/03_Durchfuehrung\/KA_2\/Impact__Exercise_Workshop.pdf\" target=\"_\" rel=\"noopener noreferrer\">qui<\/a>) abbiamo misurato un forte impatto del progetto sulle istituzioni. Dopo la chiusura del progetto, i partner del progetto sono ancora invitati ai colloqui, che verranno visualizzati nella sezione notizie, diffusione e galleria sul sito web del progetto per tenere informate le persone interessate.<\/p>\n<p>Con la gestione delle parti interessate abbiamo dichiarato di aver mobilitato reti regionali, nazionali e internazionali. A seguito di questi obiettivi, l&#8217;ultimo giorno dell&#8217;incontro \u00e8 stato dedicato all&#8217;incontro con le parti interessate in loco, come un rappresentante del RPI (Centro di educazione religiosa) di Karlsruhe, studenti e personale dell&#8217;Universit\u00e0 dell&#8217;istruzione.<\/p>","protected":false},"excerpt":{"rendered":"<\/p>\n<p>presso l&#8217;Universit\u00e0 degli Studi di Karlsruhe dal 03\/06 al 07\/06\/2019<\/p>\n<p>L&#8217;incontro conclusivo del progetto &#8220;CultureShake&#8221; si \u00e8 svolto a Karlsruhe. Il luned\u00ec e il venerd\u00ec erano programmati come giorni di viaggio.<\/p>\n<p>Sono stati discussi e trattati i seguenti argomenti:<\/p>\n<ul>\n<li>Attivit\u00e0 di diffusione<\/li>\n<li>Ciclo di diffusione<\/li>\n<li>Sito web<\/li>\n<li>Gestione delle parti interessate<\/li>\n<li>Impatto (incluso il riferimento all&#8217;esercizio di impatto della quarta riunione del progetto transnazionale)<\/li>\n<li>Risultati intellettuali: garanzia di qualit\u00e0,<\/li>\n<\/ul>\n<p><span class=\"ellipsis\">&hellip;<\/span><\/p>\n<div class=\"read-more\"><a href=\"https:\/\/cultureshake.ph-karlsruhe.de\/cusha\/it\/aktivitaeten\/transnationale-meetings\/5-transnationales-projekttreffen\/\">Leggi altro &#8250;<\/a><\/div>\n<p><!-- end of .read-more --><\/p>\n","protected":false},"author":1,"featured_media":0,"parent":96,"menu_order":5,"comment_status":"closed","ping_status":"closed","template":"","meta":{"footnotes":""},"class_list":["post-765","page","type-page","status-publish","hentry"],"_links":{"self":[{"href":"https:\/\/cultureshake.ph-karlsruhe.de\/cusha\/it\/wp-json\/wp\/v2\/pages\/765","targetHints":{"allow":["GET"]}}],"collection":[{"href":"https:\/\/cultureshake.ph-karlsruhe.de\/cusha\/it\/wp-json\/wp\/v2\/pages"}],"about":[{"href":"https:\/\/cultureshake.ph-karlsruhe.de\/cusha\/it\/wp-json\/wp\/v2\/types\/page"}],"author":[{"embeddable":true,"href":"https:\/\/cultureshake.ph-karlsruhe.de\/cusha\/it\/wp-json\/wp\/v2\/users\/1"}],"replies":[{"embeddable":true,"href":"https:\/\/cultureshake.ph-karlsruhe.de\/cusha\/it\/wp-json\/wp\/v2\/comments?post=765"}],"version-history":[{"count":6,"href":"https:\/\/cultureshake.ph-karlsruhe.de\/cusha\/it\/wp-json\/wp\/v2\/pages\/765\/revisions"}],"predecessor-version":[{"id":929,"href":"https:\/\/cultureshake.ph-karlsruhe.de\/cusha\/it\/wp-json\/wp\/v2\/pages\/765\/revisions\/929"}],"up":[{"embeddable":true,"href":"https:\/\/cultureshake.ph-karlsruhe.de\/cusha\/it\/wp-json\/wp\/v2\/pages\/96"}],"wp:attachment":[{"href":"https:\/\/cultureshake.ph-karlsruhe.de\/cusha\/it\/wp-json\/wp\/v2\/media?parent=765"}],"curies":[{"name":"wp","href":"https:\/\/api.w.org\/{rel}","templated":true}]}}