{"id":74,"date":"2016-12-07T22:21:06","date_gmt":"2016-12-07T21:21:06","guid":{"rendered":"http:\/\/cultureshake.ph-karlsruhe.de\/cusha\/?page_id=74"},"modified":"2017-08-10T10:12:32","modified_gmt":"2017-08-10T08:12:32","slug":"universitaet-primorska","status":"publish","type":"page","link":"https:\/\/cultureshake.ph-karlsruhe.de\/cusha\/it\/ueber-uns\/universitaet-primorska\/","title":{"rendered":"Facolt\u00e0 di Matematica, scienze naturali e tecnologie dell&#8217;informazione (UP FAMNIT)"},"content":{"rendered":"<p><\/p>\n<h3>La facolt\u00e0<\/h3>\n<p>La Facolt\u00e0 di Matematica, scienze naturali e tecnologie dell&#8217;informazione (UP FAMNIT) dell&#8217;Universit\u00e0 del Litorale \u00e8 stata fondata nel 2006. Offre corsi per tutti e tre i livelli d\u2019istruzione e svolge attivit\u00e0 di ricerca nel campo della matematica, dell\u2019informatica e delle scienze dell\u2019informazione e delle scienze naturali.<\/p>\n<h3>Attivit\u00e0 di ricerca<\/h3>\n<p>La Facolt\u00e0 lavora a stretto contatto con l\u2019Istituto Andrej Maru\u0161i\u010d dell&#8217;Universit\u00e0 del Litorale (UP IAM), dove attualmente la maggior parte del personale accademico di UP FAMNIT svolge attivit\u00e0 di ricerca. Le attivit\u00e0 di base della Facolt\u00e0 sono l\u2019istruzione e la ricerca, mentre la Facolt\u00e0 \u00e8 anche l&#8217;organizzatore e co-organizzatore di rinomate conferenze internazionali e altre riunioni scientifiche. La Facolt\u00e0 \u00e8 attiva nel campo internazionale dell&#8217;istruzione terziaria e della ricerca, ed ha stabilito una vasta rete di contatti di ricerca con rinomate universit\u00e0 straniere. Bisogna sottolineare che il gruppo di ricerca UP FAMNIT \u00e8 uno dei quattro gruppi principali di ricerca nel campo della teoria algebrica dei grafi al mondo. Gli altri tre gruppi si trovano in Cina, Australia e Corea del Sud. Grazie a questo la Facolt\u00e0 ha contribuito a posizionare l&#8217;Universit\u00e0 del Litorale sul mappamondo d\u2019istituzioni di ricerca pi\u00f9 rinomate al mondo.<\/p>\n<h3>Lezioni per il pubblico<\/h3>\n<p>La Facolt\u00e0 svolge anche laboratori e lezioni rivolte al pubblico (Escursioni nell\u2019universo della matematica, Serate biologiche), corsi estivi e campi (campo estivo La matematica \u00e8 cool, Corso estivo della matematica finanziaria, Campo di Scienze Naturali), nonch\u00e9 lezioni e laboratori destinati in primo luogo nelle scuole secondarie ed ai ragazzi delle ultime classi delle scuole primarie (Orada \u2013 laboratorio d\u2019informatica).<\/p>\n<h3>CUSHA e FAMNIT<\/h3>\n<p>La parte slovena del progetto Culture Shake \u00e8 gestita dalla dottoressa <a href=\"mailto: mojca.kompara@famnit.upr.si\">Mojca Kompara<\/a>, docente presso l&#8217;Universit\u00e0 del Litorale, che si dedica alla lessicografia dal 2006, quando ha pubblicato il suo primo dizionari di abbreviazioni. Mojca \u00e8 un\u2019esperta di lessicografia. Nell&#8217;ambito del progetto Cultura Shake \u00e8 responsabile per la preparazione del dizionario terminologico di Shakespeare.<\/p>","protected":false},"excerpt":{"rendered":"<\/p>\n<p>La facolt\u00e0<\/p>\n<p>La Facolt\u00e0 di Matematica, scienze naturali e tecnologie dell&#8217;informazione (UP FAMNIT) dell&#8217;Universit\u00e0 del Litorale \u00e8 stata fondata nel 2006. Offre corsi per tutti e tre i livelli d\u2019istruzione e svolge attivit\u00e0 di ricerca nel campo della matematica,<\/p>\n<p><span class=\"ellipsis\">&hellip;<\/span><\/p>\n<div class=\"read-more\"><a href=\"https:\/\/cultureshake.ph-karlsruhe.de\/cusha\/it\/ueber-uns\/universitaet-primorska\/\">Leggi altro &#8250;<\/a><\/div>\n<p><!-- end of .read-more --><\/p>\n","protected":false},"author":1,"featured_media":0,"parent":40,"menu_order":5,"comment_status":"closed","ping_status":"closed","template":"","meta":{"footnotes":""},"class_list":["post-74","page","type-page","status-publish","hentry"],"_links":{"self":[{"href":"https:\/\/cultureshake.ph-karlsruhe.de\/cusha\/it\/wp-json\/wp\/v2\/pages\/74","targetHints":{"allow":["GET"]}}],"collection":[{"href":"https:\/\/cultureshake.ph-karlsruhe.de\/cusha\/it\/wp-json\/wp\/v2\/pages"}],"about":[{"href":"https:\/\/cultureshake.ph-karlsruhe.de\/cusha\/it\/wp-json\/wp\/v2\/types\/page"}],"author":[{"embeddable":true,"href":"https:\/\/cultureshake.ph-karlsruhe.de\/cusha\/it\/wp-json\/wp\/v2\/users\/1"}],"replies":[{"embeddable":true,"href":"https:\/\/cultureshake.ph-karlsruhe.de\/cusha\/it\/wp-json\/wp\/v2\/comments?post=74"}],"version-history":[{"count":12,"href":"https:\/\/cultureshake.ph-karlsruhe.de\/cusha\/it\/wp-json\/wp\/v2\/pages\/74\/revisions"}],"predecessor-version":[{"id":572,"href":"https:\/\/cultureshake.ph-karlsruhe.de\/cusha\/it\/wp-json\/wp\/v2\/pages\/74\/revisions\/572"}],"up":[{"embeddable":true,"href":"https:\/\/cultureshake.ph-karlsruhe.de\/cusha\/it\/wp-json\/wp\/v2\/pages\/40"}],"wp:attachment":[{"href":"https:\/\/cultureshake.ph-karlsruhe.de\/cusha\/it\/wp-json\/wp\/v2\/media?parent=74"}],"curies":[{"name":"wp","href":"https:\/\/api.w.org\/{rel}","templated":true}]}}