{"id":72,"date":"2016-12-07T22:19:54","date_gmt":"2016-12-07T21:19:54","guid":{"rendered":"http:\/\/cultureshake.ph-karlsruhe.de\/cusha\/?page_id=72"},"modified":"2019-03-28T18:47:32","modified_gmt":"2019-03-28T17:47:32","slug":"stiftelsen-english-school-gothenburg","status":"publish","type":"page","link":"https:\/\/cultureshake.ph-karlsruhe.de\/cusha\/it\/ueber-uns\/stiftelsen-english-school-gothenburg\/","title":{"rendered":"scuola inglese di G\u00f6teborg The English School of Gothenburg"},"content":{"rendered":"<p><img loading=\"lazy\" decoding=\"async\" class=\"aligncenter wp-image-264 size-full\" src=\"http:\/\/cultureshake.ph-karlsruhe.de\/wordpress\/wp-content\/uploads\/2017\/03\/ESG_photo.png\" alt=\"\" width=\"522\" height=\"295\" srcset=\"https:\/\/cultureshake.ph-karlsruhe.de\/wordpress\/wp-content\/uploads\/2017\/03\/ESG_photo.png 522w, https:\/\/cultureshake.ph-karlsruhe.de\/wordpress\/wp-content\/uploads\/2017\/03\/ESG_photo-300x170.png 300w, https:\/\/cultureshake.ph-karlsruhe.de\/wordpress\/wp-content\/uploads\/2017\/03\/ESG_photo-100x57.png 100w, https:\/\/cultureshake.ph-karlsruhe.de\/wordpress\/wp-content\/uploads\/2017\/03\/ESG_photo-150x85.png 150w, https:\/\/cultureshake.ph-karlsruhe.de\/wordpress\/wp-content\/uploads\/2017\/03\/ESG_photo-200x113.png 200w, https:\/\/cultureshake.ph-karlsruhe.de\/wordpress\/wp-content\/uploads\/2017\/03\/ESG_photo-450x254.png 450w\" sizes=\"auto, (max-width: 522px) 100vw, 522px\" \/><\/p>\n<p>La scuola English School Gothenburg (ESG), si trova nella parte occidentale della citt\u00e0, dove si \u00e8 spostata agli inizi degli anni &#8217;90. La scuola ha recentemente completato un importante programma di costruzione che ha prodotto un ambiente di apprendimento moderno con un eccellente nuova tecnologia. Siamo una &#8220;friskola&#8221; svedese, il che significa che manteniamo l\u2019indipendenza essendo soggetti alle leggi e curriculum svedesi. La scuola \u00e8 finanziata con fondi pubblici per questo non la scuola non \u00e8 a pagamento.<\/p>\n<p>La ESG \u00e8 una scuola piccola e accogliente. I bambini possono iniziare a frequentare la nostra scuola all&#8217;et\u00e0 di tre anni e rimanere con noi fino a sedici anni. Ci sono fino a quarantaquattro bambini in un gruppo per anno, il che significa che il personale conosce tutti i bambini a livello personale. La scuola raggiunge ottimi risultati negli studi, il che riflette il duro lavoro degli studenti e degli insegnanti e l&#8217;atmosfera studiosa e la calma che regna nella scuola. Gli studenti ci lasciano con una eccellente conoscenza dell\u2019inglese, ma hanno anche una buonissima conoscenza dello svedese e di almeno un&#8217;altra lingua. Il nostro obiettivo \u00e8 che gli studenti finiscano gli studi come individui bilingue, il che pu\u00f2 consentire a loro di studiare e lavorare in futuro in lingua svedese o inglese e sviluppare buone abitudini di studio per farlo.<\/p>\n<p>Le famiglie provengono da tutto il mondo. Tra il personale ci sono almeno 20 nazionalit\u00e0 e tra le famiglie ci sono pi\u00f9 di quaranta nazionalit\u00e0 e lingue. Si tratta di un sano mix di culture e religioni che funziona molto bene.<\/p>\n<p><a href=\"http:\/\/www.theenglishschool.se\" target=\"_blank\" rel=\"noopener noreferrer\">Leggete di pi\u00f9 sulla ESG<\/a><\/p>\n<h3>CUSHA alla ESG<\/h3>\n<p>Dodici studenti del sesto anno della ESG parteciperanno ad uno scambio con gli studenti della scuola Friedrich W\u00f6hler Gymnasium di Singen, Germania. All&#8217;interno del progetto CUSHA, la ESG \u00e8 responsabile per la fase di laboratorio a G\u00f6teborg (autunno 2018) e per la produzione di risultati intellettuali del progetto.<br \/>\nIl team coinvolto nel progetto ESG \u00e8 composto da <a href=\"mailto:A.Potter@theenglishschool.se\">Andrew Potter<\/a> (Preside del ESG, amministratore del progetto) Vivian Hunt (responsabile per ICT) <a href=\"mailto:C.Skoglund@theenglishschool.se\">Clare Skoglund<\/a> (insegnante senior) e <a href=\"mailto:C.Bye@theenglishschool.se\">Chloe Bye<\/a> (insegnante).<\/p>","protected":false},"excerpt":{"rendered":"<p><img loading=\"lazy\" decoding=\"async\" class=\"aligncenter wp-image-264 size-full\" src=\"http:\/\/cultureshake.ph-karlsruhe.de\/wordpress\/wp-content\/uploads\/2017\/03\/ESG_photo.png\" alt=\"\" width=\"522\" height=\"295\" srcset=\"https:\/\/cultureshake.ph-karlsruhe.de\/wordpress\/wp-content\/uploads\/2017\/03\/ESG_photo.png 522w, https:\/\/cultureshake.ph-karlsruhe.de\/wordpress\/wp-content\/uploads\/2017\/03\/ESG_photo-300x170.png 300w, https:\/\/cultureshake.ph-karlsruhe.de\/wordpress\/wp-content\/uploads\/2017\/03\/ESG_photo-100x57.png 100w, https:\/\/cultureshake.ph-karlsruhe.de\/wordpress\/wp-content\/uploads\/2017\/03\/ESG_photo-150x85.png 150w, https:\/\/cultureshake.ph-karlsruhe.de\/wordpress\/wp-content\/uploads\/2017\/03\/ESG_photo-200x113.png 200w, https:\/\/cultureshake.ph-karlsruhe.de\/wordpress\/wp-content\/uploads\/2017\/03\/ESG_photo-450x254.png 450w\" sizes=\"auto, (max-width: 522px) 100vw, 522px\" \/><\/p>\n<p>La scuola English School Gothenburg (ESG), si trova nella parte occidentale della citt\u00e0, dove si \u00e8 spostata agli inizi degli anni &#8217;90. La scuola ha recentemente completato un importante programma di costruzione che ha prodotto un ambiente di apprendimento moderno con un eccellente nuova tecnologia.<\/p>\n<p><span class=\"ellipsis\">&hellip;<\/span><\/p>\n<div class=\"read-more\"><a href=\"https:\/\/cultureshake.ph-karlsruhe.de\/cusha\/it\/ueber-uns\/stiftelsen-english-school-gothenburg\/\">Leggi altro &#8250;<\/a><\/div>\n<p><!-- end of .read-more --><\/p>\n","protected":false},"author":1,"featured_media":0,"parent":40,"menu_order":4,"comment_status":"closed","ping_status":"closed","template":"","meta":{"footnotes":""},"class_list":["post-72","page","type-page","status-publish","hentry"],"_links":{"self":[{"href":"https:\/\/cultureshake.ph-karlsruhe.de\/cusha\/it\/wp-json\/wp\/v2\/pages\/72","targetHints":{"allow":["GET"]}}],"collection":[{"href":"https:\/\/cultureshake.ph-karlsruhe.de\/cusha\/it\/wp-json\/wp\/v2\/pages"}],"about":[{"href":"https:\/\/cultureshake.ph-karlsruhe.de\/cusha\/it\/wp-json\/wp\/v2\/types\/page"}],"author":[{"embeddable":true,"href":"https:\/\/cultureshake.ph-karlsruhe.de\/cusha\/it\/wp-json\/wp\/v2\/users\/1"}],"replies":[{"embeddable":true,"href":"https:\/\/cultureshake.ph-karlsruhe.de\/cusha\/it\/wp-json\/wp\/v2\/comments?post=72"}],"version-history":[{"count":22,"href":"https:\/\/cultureshake.ph-karlsruhe.de\/cusha\/it\/wp-json\/wp\/v2\/pages\/72\/revisions"}],"predecessor-version":[{"id":708,"href":"https:\/\/cultureshake.ph-karlsruhe.de\/cusha\/it\/wp-json\/wp\/v2\/pages\/72\/revisions\/708"}],"up":[{"embeddable":true,"href":"https:\/\/cultureshake.ph-karlsruhe.de\/cusha\/it\/wp-json\/wp\/v2\/pages\/40"}],"wp:attachment":[{"href":"https:\/\/cultureshake.ph-karlsruhe.de\/cusha\/it\/wp-json\/wp\/v2\/media?parent=72"}],"curies":[{"name":"wp","href":"https:\/\/api.w.org\/{rel}","templated":true}]}}