{"id":54,"date":"2016-12-07T20:02:20","date_gmt":"2016-12-07T19:02:20","guid":{"rendered":"http:\/\/cultureshake.ph-karlsruhe.de\/cusha\/?page_id=54"},"modified":"2017-11-27T12:26:14","modified_gmt":"2017-11-27T11:26:14","slug":"galerie","status":"publish","type":"page","link":"https:\/\/cultureshake.ph-karlsruhe.de\/cusha\/it\/galerie\/","title":{"rendered":"Galleria"},"content":{"rendered":"<p><\/p>\n<ul>\n<li><span style=\"font-weight: 400;\"><a href=\"https:\/\/cultureshake.ph-karlsruhe.de\/cusha\/it\/galerie\/iccs-konferenz-klingenthal\/\"> Foto della Conferenza ICCS Klingenthal, 10-14\/10\/2016\u00a0<\/a><br \/>\n<\/span>Ogni secondo anno la <a href=\"http:\/\/www.iccsweb.org\/\">ICCS<\/a> &amp; <a href=\"http:\/\/www.cogree.com\/\">CoGREE<\/a> organizza un colloquio a Klingenthal vicino a Strasburgo. L&#8217;obiettivo dell&#8217;evento \u00e8 quello di conoscere gli attuali sviluppi delle attivit\u00e0 educative del Consiglio d&#8217;Europa e di discutere come collegare le nostre attivit\u00e0. Peter Schreiner (<a href=\"https:\/\/www.comenius.de\/english\/\">Comenius Institut<\/a>) ha invitato il progetto CultureShake a contribuire alla dimensione culturale e linguistica del colloquio<\/li>\n<li><a href=\"https:\/\/cultureshake.ph-karlsruhe.de\/cusha\/it\/galerie\/kick-off-meeting-in-karlsruhe-12-14-12-2016\/\"><span style=\"font-weight: 400;\"> Foto dell&#8217;incontro kick-off CultureShake all&#8217;Universit\u00e0 di Karlsruhe, 12-14\/12\/2016<\/span><\/a><\/li>\n<li><span style=\"font-weight: 400;\"> Foto della nostra prima attivit\u00e0 di apprendimento a Singen, Germania, 7-13\/05\/2017<\/span><\/li>\n<li><span style=\"font-weight: 400;\"> Foto della seconda riunione transnazionale del progetto a Stratford-upon-Avon, 10-12\/07\/2017<\/span><\/li>\n<\/ul>\n<p><\/p>","protected":false},"excerpt":{"rendered":"<\/p>\n<ul>\n<li><span style=\"font-weight: 400;\"><a href=\"https:\/\/cultureshake.ph-karlsruhe.de\/cusha\/it\/galerie\/iccs-konferenz-klingenthal\/\"> Foto della Conferenza ICCS Klingenthal, 10-14\/10\/2016\u00a0<\/a><br \/>\n<\/span>Ogni secondo anno la <a href=\"http:\/\/www.iccsweb.org\/\">ICCS<\/a> &amp; <a href=\"http:\/\/www.cogree.com\/\">CoGREE<\/a> organizza un colloquio a Klingenthal vicino a Strasburgo. L&#8217;obiettivo dell&#8217;evento \u00e8 quello di conoscere gli attuali sviluppi delle attivit\u00e0 educative del Consiglio d&#8217;Europa e di discutere come collegare le nostre attivit\u00e0.<\/li>\n<\/ul>\n<p><span class=\"ellipsis\">&hellip;<\/span><\/p>\n<div class=\"read-more\"><a href=\"https:\/\/cultureshake.ph-karlsruhe.de\/cusha\/it\/galerie\/\">Leggi altro &#8250;<\/a><\/div>\n<p><!-- end of .read-more --><\/p>\n","protected":false},"author":1,"featured_media":0,"parent":0,"menu_order":5,"comment_status":"closed","ping_status":"closed","template":"","meta":{"footnotes":""},"class_list":["post-54","page","type-page","status-publish","hentry"],"_links":{"self":[{"href":"https:\/\/cultureshake.ph-karlsruhe.de\/cusha\/it\/wp-json\/wp\/v2\/pages\/54","targetHints":{"allow":["GET"]}}],"collection":[{"href":"https:\/\/cultureshake.ph-karlsruhe.de\/cusha\/it\/wp-json\/wp\/v2\/pages"}],"about":[{"href":"https:\/\/cultureshake.ph-karlsruhe.de\/cusha\/it\/wp-json\/wp\/v2\/types\/page"}],"author":[{"embeddable":true,"href":"https:\/\/cultureshake.ph-karlsruhe.de\/cusha\/it\/wp-json\/wp\/v2\/users\/1"}],"replies":[{"embeddable":true,"href":"https:\/\/cultureshake.ph-karlsruhe.de\/cusha\/it\/wp-json\/wp\/v2\/comments?post=54"}],"version-history":[{"count":15,"href":"https:\/\/cultureshake.ph-karlsruhe.de\/cusha\/it\/wp-json\/wp\/v2\/pages\/54\/revisions"}],"predecessor-version":[{"id":600,"href":"https:\/\/cultureshake.ph-karlsruhe.de\/cusha\/it\/wp-json\/wp\/v2\/pages\/54\/revisions\/600"}],"wp:attachment":[{"href":"https:\/\/cultureshake.ph-karlsruhe.de\/cusha\/it\/wp-json\/wp\/v2\/media?parent=54"}],"curies":[{"name":"wp","href":"https:\/\/api.w.org\/{rel}","templated":true}]}}