{"id":530,"date":"2017-07-18T10:05:57","date_gmt":"2017-07-18T08:05:57","guid":{"rendered":"http:\/\/cultureshake.ph-karlsruhe.de\/cusha\/?page_id=530"},"modified":"2019-10-23T10:55:43","modified_gmt":"2019-10-23T08:55:43","slug":"2-transnationales-projekttreffen","status":"publish","type":"page","link":"https:\/\/cultureshake.ph-karlsruhe.de\/cusha\/it\/aktivitaeten\/transnationale-meetings\/2-transnationales-projekttreffen\/","title":{"rendered":"2 \u00b0 incontro di progetto transnazionale"},"content":{"rendered":"<p><\/p>\n<h1>presso lo Shakespeare Birthplace Trust di Stratford-upon-Avon dal 10\/07 al 12\/07\/2017<\/h1>\n<p>&nbsp;<\/p>\n<p>Durante questo incontro transnazionale sono stati elaborati i seguenti argomenti del progetto Erasmus +:<\/p>\n<ul>\n<li style=\"list-style-type: none;\"><\/li>\n<li>Revisione della relazione sullo stato di avanzamento<\/li>\n<li>Valutazione dell&#8217;attivit\u00e0 di apprendimento 1<\/li>\n<li>Completamento dell&#8217;attivit\u00e0 di apprendimento 2<\/li>\n<li>Monitoraggio<\/li>\n<li>Attivit\u00e0 di diffusione<\/li>\n<li>Urto<\/li>\n<li>Gestione delle parti interessate<\/li>\n<li>Pianificazione messa a punto della riunione del progetto 3<\/li>\n<\/ul>\n<p>&nbsp;<\/p>\n<p>Le sale conferenze dello Shakespeare Birthplace Trust emanano uno spirito particolare: le finestre di vetro di John Hutton mostrano le raffigurazioni dei personaggi di Shakespeare e compongono la facciata con vista sulla casa natale e sul giardino in cui Shakespeare \u00e8 interpretato e cantato.<\/p>\n<p><img loading=\"lazy\" decoding=\"async\" class=\"alignleft wp-image-525\" src=\"http:\/\/cultureshake.ph-karlsruhe.de\/wordpress\/wp-content\/uploads\/2017\/07\/Glasfenster_Meeting_900.jpg\" alt=\"\" width=\"707\" height=\"531\" srcset=\"https:\/\/cultureshake.ph-karlsruhe.de\/wordpress\/wp-content\/uploads\/2017\/07\/Glasfenster_Meeting_900.jpg 900w, https:\/\/cultureshake.ph-karlsruhe.de\/wordpress\/wp-content\/uploads\/2017\/07\/Glasfenster_Meeting_900-300x225.jpg 300w, https:\/\/cultureshake.ph-karlsruhe.de\/wordpress\/wp-content\/uploads\/2017\/07\/Glasfenster_Meeting_900-768x576.jpg 768w, https:\/\/cultureshake.ph-karlsruhe.de\/wordpress\/wp-content\/uploads\/2017\/07\/Glasfenster_Meeting_900-100x75.jpg 100w, https:\/\/cultureshake.ph-karlsruhe.de\/wordpress\/wp-content\/uploads\/2017\/07\/Glasfenster_Meeting_900-150x113.jpg 150w, https:\/\/cultureshake.ph-karlsruhe.de\/wordpress\/wp-content\/uploads\/2017\/07\/Glasfenster_Meeting_900-200x150.jpg 200w, https:\/\/cultureshake.ph-karlsruhe.de\/wordpress\/wp-content\/uploads\/2017\/07\/Glasfenster_Meeting_900-450x338.jpg 450w, https:\/\/cultureshake.ph-karlsruhe.de\/wordpress\/wp-content\/uploads\/2017\/07\/Glasfenster_Meeting_900-600x450.jpg 600w\" sizes=\"auto, (max-width: 707px) 100vw, 707px\" \/><img loading=\"lazy\" decoding=\"async\" class=\"alignright wp-image-527\" src=\"http:\/\/cultureshake.ph-karlsruhe.de\/wordpress\/wp-content\/uploads\/2017\/07\/SBT-Garden_900.jpg\" alt=\"\" width=\"751\" height=\"529\" srcset=\"https:\/\/cultureshake.ph-karlsruhe.de\/wordpress\/wp-content\/uploads\/2017\/07\/SBT-Garden_900.jpg 900w, https:\/\/cultureshake.ph-karlsruhe.de\/wordpress\/wp-content\/uploads\/2017\/07\/SBT-Garden_900-300x211.jpg 300w, https:\/\/cultureshake.ph-karlsruhe.de\/wordpress\/wp-content\/uploads\/2017\/07\/SBT-Garden_900-768x541.jpg 768w, https:\/\/cultureshake.ph-karlsruhe.de\/wordpress\/wp-content\/uploads\/2017\/07\/SBT-Garden_900-100x70.jpg 100w, https:\/\/cultureshake.ph-karlsruhe.de\/wordpress\/wp-content\/uploads\/2017\/07\/SBT-Garden_900-150x106.jpg 150w, https:\/\/cultureshake.ph-karlsruhe.de\/wordpress\/wp-content\/uploads\/2017\/07\/SBT-Garden_900-200x141.jpg 200w, https:\/\/cultureshake.ph-karlsruhe.de\/wordpress\/wp-content\/uploads\/2017\/07\/SBT-Garden_900-450x317.jpg 450w, https:\/\/cultureshake.ph-karlsruhe.de\/wordpress\/wp-content\/uploads\/2017\/07\/SBT-Garden_900-600x423.jpg 600w\" sizes=\"auto, (max-width: 751px) 100vw, 751px\" \/><\/p>\n<p>Quando si contemplano sguardi che vagano per la stanza durante le sessioni in cerca di risposte, ci si ritrova spazzati via nella Foresta di Arden; un tappeto disegnato da Tibor Reich e nel frattempo parte del patrimonio nazionale.<\/p>\n<p><img loading=\"lazy\" decoding=\"async\" class=\"size-full wp-image-524 aligncenter\" src=\"http:\/\/cultureshake.ph-karlsruhe.de\/wordpress\/wp-content\/uploads\/2017\/07\/Forest-of-Arden_900.jpg\" alt=\"\" width=\"900\" height=\"675\" srcset=\"https:\/\/cultureshake.ph-karlsruhe.de\/wordpress\/wp-content\/uploads\/2017\/07\/Forest-of-Arden_900.jpg 900w, https:\/\/cultureshake.ph-karlsruhe.de\/wordpress\/wp-content\/uploads\/2017\/07\/Forest-of-Arden_900-300x225.jpg 300w, https:\/\/cultureshake.ph-karlsruhe.de\/wordpress\/wp-content\/uploads\/2017\/07\/Forest-of-Arden_900-768x576.jpg 768w, https:\/\/cultureshake.ph-karlsruhe.de\/wordpress\/wp-content\/uploads\/2017\/07\/Forest-of-Arden_900-100x75.jpg 100w, https:\/\/cultureshake.ph-karlsruhe.de\/wordpress\/wp-content\/uploads\/2017\/07\/Forest-of-Arden_900-150x113.jpg 150w, https:\/\/cultureshake.ph-karlsruhe.de\/wordpress\/wp-content\/uploads\/2017\/07\/Forest-of-Arden_900-200x150.jpg 200w, https:\/\/cultureshake.ph-karlsruhe.de\/wordpress\/wp-content\/uploads\/2017\/07\/Forest-of-Arden_900-450x338.jpg 450w, https:\/\/cultureshake.ph-karlsruhe.de\/wordpress\/wp-content\/uploads\/2017\/07\/Forest-of-Arden_900-600x450.jpg 600w\" sizes=\"auto, (max-width: 900px) 100vw, 900px\" \/><\/p>\n<p>Questo \u00e8 dove Shakespeare \u00e8 vivo e riunisce il mondo attraverso la sua arte. Il pi\u00f9 delle volte, le file di bambini che partecipano a seminari o spettacoli sul posto si intrecciano nelle nostre discussioni sul budget e sulla gestione del tempo.<\/p>\n<p><img loading=\"lazy\" decoding=\"async\" class=\"aligncenter size-full wp-image-523\" src=\"http:\/\/cultureshake.ph-karlsruhe.de\/wordpress\/wp-content\/uploads\/2017\/07\/Afghanistan_900.jpg\" alt=\"\" width=\"900\" height=\"1200\" srcset=\"https:\/\/cultureshake.ph-karlsruhe.de\/wordpress\/wp-content\/uploads\/2017\/07\/Afghanistan_900.jpg 900w, https:\/\/cultureshake.ph-karlsruhe.de\/wordpress\/wp-content\/uploads\/2017\/07\/Afghanistan_900-225x300.jpg 225w, https:\/\/cultureshake.ph-karlsruhe.de\/wordpress\/wp-content\/uploads\/2017\/07\/Afghanistan_900-768x1024.jpg 768w, https:\/\/cultureshake.ph-karlsruhe.de\/wordpress\/wp-content\/uploads\/2017\/07\/Afghanistan_900-100x133.jpg 100w, https:\/\/cultureshake.ph-karlsruhe.de\/wordpress\/wp-content\/uploads\/2017\/07\/Afghanistan_900-150x200.jpg 150w, https:\/\/cultureshake.ph-karlsruhe.de\/wordpress\/wp-content\/uploads\/2017\/07\/Afghanistan_900-200x267.jpg 200w, https:\/\/cultureshake.ph-karlsruhe.de\/wordpress\/wp-content\/uploads\/2017\/07\/Afghanistan_900-300x400.jpg 300w, https:\/\/cultureshake.ph-karlsruhe.de\/wordpress\/wp-content\/uploads\/2017\/07\/Afghanistan_900-450x600.jpg 450w, https:\/\/cultureshake.ph-karlsruhe.de\/wordpress\/wp-content\/uploads\/2017\/07\/Afghanistan_900-600x800.jpg 600w\" sizes=\"auto, (max-width: 900px) 100vw, 900px\" \/><\/p>\n<p>Attraverso CultureShake il multilinguismo e le diverse lingue dei dipendenti sono diventati un argomento nell&#8217;archivio della SBT. Tra gli altri sviluppi, \u00e8 stato creato un blog su varie traduzioni. I libri necessari per l&#8217;archiviazione multilingue del progetto erano gi\u00e0 stati sistemati con cura. Madeleine Cox e Victoria Joynes ci guidano attraverso l&#8217;archivio e hanno risvegliato secoli passati alla vita tra le spine dei libri. Familiarit\u00e0 con ogni dettaglio che ci hanno mostrato i risultati di libri come una foglia di pianta da un foglio del 17 \u00b0 secolo che era stato lasciato tra le pagine come segnalibro.<\/p>\n<p><img loading=\"lazy\" decoding=\"async\" class=\"aligncenter size-full wp-image-526\" src=\"http:\/\/cultureshake.ph-karlsruhe.de\/wordpress\/wp-content\/uploads\/2017\/07\/Gr\u00fcnlilie_900.jpg\" alt=\"\" width=\"900\" height=\"900\" srcset=\"https:\/\/cultureshake.ph-karlsruhe.de\/wordpress\/wp-content\/uploads\/2017\/07\/Gr\u00fcnlilie_900.jpg 900w, https:\/\/cultureshake.ph-karlsruhe.de\/wordpress\/wp-content\/uploads\/2017\/07\/Gr\u00fcnlilie_900-150x150.jpg 150w, https:\/\/cultureshake.ph-karlsruhe.de\/wordpress\/wp-content\/uploads\/2017\/07\/Gr\u00fcnlilie_900-300x300.jpg 300w, https:\/\/cultureshake.ph-karlsruhe.de\/wordpress\/wp-content\/uploads\/2017\/07\/Gr\u00fcnlilie_900-768x768.jpg 768w, https:\/\/cultureshake.ph-karlsruhe.de\/wordpress\/wp-content\/uploads\/2017\/07\/Gr\u00fcnlilie_900-100x100.jpg 100w, https:\/\/cultureshake.ph-karlsruhe.de\/wordpress\/wp-content\/uploads\/2017\/07\/Gr\u00fcnlilie_900-200x200.jpg 200w, https:\/\/cultureshake.ph-karlsruhe.de\/wordpress\/wp-content\/uploads\/2017\/07\/Gr\u00fcnlilie_900-450x450.jpg 450w, https:\/\/cultureshake.ph-karlsruhe.de\/wordpress\/wp-content\/uploads\/2017\/07\/Gr\u00fcnlilie_900-600x600.jpg 600w\" sizes=\"auto, (max-width: 900px) 100vw, 900px\" \/><\/p>\n<p>&nbsp;<\/p>\n<p>Alla fine dell&#8217;incontro abbiamo detto addii sotto l&#8217;albero dell&#8217;immaginazione.<\/p>\n<p><img loading=\"lazy\" decoding=\"async\" class=\"wp-image-528 size-full\" src=\"http:\/\/cultureshake.ph-karlsruhe.de\/wordpress\/wp-content\/uploads\/2017\/07\/Shakespeare-Tree_900.jpg\" alt=\"\" width=\"900\" height=\"675\" srcset=\"https:\/\/cultureshake.ph-karlsruhe.de\/wordpress\/wp-content\/uploads\/2017\/07\/Shakespeare-Tree_900.jpg 900w, https:\/\/cultureshake.ph-karlsruhe.de\/wordpress\/wp-content\/uploads\/2017\/07\/Shakespeare-Tree_900-300x225.jpg 300w, https:\/\/cultureshake.ph-karlsruhe.de\/wordpress\/wp-content\/uploads\/2017\/07\/Shakespeare-Tree_900-768x576.jpg 768w, https:\/\/cultureshake.ph-karlsruhe.de\/wordpress\/wp-content\/uploads\/2017\/07\/Shakespeare-Tree_900-100x75.jpg 100w, https:\/\/cultureshake.ph-karlsruhe.de\/wordpress\/wp-content\/uploads\/2017\/07\/Shakespeare-Tree_900-150x113.jpg 150w, https:\/\/cultureshake.ph-karlsruhe.de\/wordpress\/wp-content\/uploads\/2017\/07\/Shakespeare-Tree_900-200x150.jpg 200w, https:\/\/cultureshake.ph-karlsruhe.de\/wordpress\/wp-content\/uploads\/2017\/07\/Shakespeare-Tree_900-450x338.jpg 450w, https:\/\/cultureshake.ph-karlsruhe.de\/wordpress\/wp-content\/uploads\/2017\/07\/Shakespeare-Tree_900-600x450.jpg 600w\" sizes=\"auto, (max-width: 900px) 100vw, 900px\" \/><\/p>","protected":false},"excerpt":{"rendered":"<\/p>\n<p>presso lo Shakespeare Birthplace Trust di Stratford-upon-Avon dal 10\/07 al 12\/07\/2017<\/p>\n<p>&nbsp;<\/p>\n<p>Durante questo incontro transnazionale sono stati elaborati i seguenti argomenti del progetto Erasmus +:<\/p>\n<ul>\n<li style=\"list-style-type: none;\"><\/li>\n<li>Revisione della relazione sullo stato di avanzamento<\/li>\n<li>Valutazione dell&#8217;attivit\u00e0 di apprendimento 1<\/li>\n<li>Completamento dell&#8217;attivit\u00e0 di apprendimento 2<\/li>\n<li>Monitoraggio<\/li>\n<li>Attivit\u00e0 di diffusione<\/li>\n<li>Urto<\/li>\n<li>Gestione delle parti interessate<\/li>\n<li>Pianificazione messa a punto della riunione del progetto 3<\/li>\n<\/ul>\n<p>&nbsp;<\/p>\n<p><span class=\"ellipsis\">&hellip;<\/span><\/p>\n<div class=\"read-more\"><a href=\"https:\/\/cultureshake.ph-karlsruhe.de\/cusha\/it\/aktivitaeten\/transnationale-meetings\/2-transnationales-projekttreffen\/\">Leggi altro &#8250;<\/a><\/div>\n<p><!-- end of .read-more --><\/p>\n","protected":false},"author":1,"featured_media":0,"parent":96,"menu_order":2,"comment_status":"closed","ping_status":"closed","template":"","meta":{"footnotes":""},"class_list":["post-530","page","type-page","status-publish","hentry"],"_links":{"self":[{"href":"https:\/\/cultureshake.ph-karlsruhe.de\/cusha\/it\/wp-json\/wp\/v2\/pages\/530","targetHints":{"allow":["GET"]}}],"collection":[{"href":"https:\/\/cultureshake.ph-karlsruhe.de\/cusha\/it\/wp-json\/wp\/v2\/pages"}],"about":[{"href":"https:\/\/cultureshake.ph-karlsruhe.de\/cusha\/it\/wp-json\/wp\/v2\/types\/page"}],"author":[{"embeddable":true,"href":"https:\/\/cultureshake.ph-karlsruhe.de\/cusha\/it\/wp-json\/wp\/v2\/users\/1"}],"replies":[{"embeddable":true,"href":"https:\/\/cultureshake.ph-karlsruhe.de\/cusha\/it\/wp-json\/wp\/v2\/comments?post=530"}],"version-history":[{"count":11,"href":"https:\/\/cultureshake.ph-karlsruhe.de\/cusha\/it\/wp-json\/wp\/v2\/pages\/530\/revisions"}],"predecessor-version":[{"id":928,"href":"https:\/\/cultureshake.ph-karlsruhe.de\/cusha\/it\/wp-json\/wp\/v2\/pages\/530\/revisions\/928"}],"up":[{"embeddable":true,"href":"https:\/\/cultureshake.ph-karlsruhe.de\/cusha\/it\/wp-json\/wp\/v2\/pages\/96"}],"wp:attachment":[{"href":"https:\/\/cultureshake.ph-karlsruhe.de\/cusha\/it\/wp-json\/wp\/v2\/media?parent=530"}],"curies":[{"name":"wp","href":"https:\/\/api.w.org\/{rel}","templated":true}]}}