{"id":49,"date":"2016-12-07T20:00:47","date_gmt":"2016-12-07T19:00:47","guid":{"rendered":"http:\/\/cultureshake.ph-karlsruhe.de\/cusha\/?page_id=49"},"modified":"2024-03-20T10:26:02","modified_gmt":"2024-03-20T09:26:02","slug":"shakespeare-birthplace-trust-sbt","status":"publish","type":"page","link":"https:\/\/cultureshake.ph-karlsruhe.de\/cusha\/it\/ueber-uns\/shakespeare-birthplace-trust-sbt\/","title":{"rendered":"Shakespeare Birthplace Trust, Stratford-upon-Avon (RU)"},"content":{"rendered":"<p><\/p>\n<p class=\"hero-wrapper-info-subtitle\"><img loading=\"lazy\" decoding=\"async\" class=\"size-medium wp-image-125 aligncenter\" src=\"http:\/\/cultureshake.ph-karlsruhe.de\/wordpress\/wp-content\/uploads\/2016\/12\/SBT-\u00a9-Amy-Murrell-2010-168-small-300x199.jpg\" alt=\"\" width=\"300\" height=\"199\" srcset=\"https:\/\/cultureshake.ph-karlsruhe.de\/wordpress\/wp-content\/uploads\/2016\/12\/SBT-\u00a9-Amy-Murrell-2010-168-small-300x199.jpg 300w, https:\/\/cultureshake.ph-karlsruhe.de\/wordpress\/wp-content\/uploads\/2016\/12\/SBT-\u00a9-Amy-Murrell-2010-168-small-100x66.jpg 100w, https:\/\/cultureshake.ph-karlsruhe.de\/wordpress\/wp-content\/uploads\/2016\/12\/SBT-\u00a9-Amy-Murrell-2010-168-small-150x100.jpg 150w, https:\/\/cultureshake.ph-karlsruhe.de\/wordpress\/wp-content\/uploads\/2016\/12\/SBT-\u00a9-Amy-Murrell-2010-168-small-200x133.jpg 200w, https:\/\/cultureshake.ph-karlsruhe.de\/wordpress\/wp-content\/uploads\/2016\/12\/SBT-\u00a9-Amy-Murrell-2010-168-small-450x299.jpg 450w, https:\/\/cultureshake.ph-karlsruhe.de\/wordpress\/wp-content\/uploads\/2016\/12\/SBT-\u00a9-Amy-Murrell-2010-168-small-600x399.jpg 600w, https:\/\/cultureshake.ph-karlsruhe.de\/wordpress\/wp-content\/uploads\/2016\/12\/SBT-\u00a9-Amy-Murrell-2010-168-small.jpg 700w\" sizes=\"auto, (max-width: 300px) 100vw, 300px\" \/><\/p>\n<p class=\"hero-wrapper-info-subtitle\">Il Shakespeare Birthplace Trust \u00e8 un&#8217;organizzazione di beneficenza indipendente che si rivolge al pi\u00f9 importante patrimonio culturale del mondo di Shakespeare situato a Stratford-upon-Avon e incoraggia a rivivere e comprendere le sue opere, la sua vita e il tempo in cui visse, in tutto il mondo.<\/p>\n<h3>La storia<\/h3>\n<p>L\u2019organizzazione Shakespeare Birthplace Trust \u00e8 stata fondata nel 1847, dopo l&#8217;acquisto della casa natale di Shakespeare, che \u00e8 diventata monumento nazionale. L&#8217;organizzazione \u00e8 responsabile del patrimonio culturale di Shakespeare pi\u00f9 importante al mondo, vale a dire le cinque case e giardini ben conservati, che sono direttamente legati a Shakespeare e la sua famiglia di Stratford-upon-Avon.<\/p>\n<p>Insieme le case di Shakespeare formano una destinazione iconica della Gran Bretagna che per secoli attira visitatori da tutto il mondo. Durante la visita guidata delle case vi offriamo la possibilit\u00e0 di immergervi nella vita di Shakespeare, iniziando dalla casa natale che si trova a Henley Street, fino alla sua nuova casa, dove visse nell\u2019et\u00e0 matura e fino alla morte.<\/p>\n<p><a href=\"https:\/\/www.shakespeare.org.uk\/visit\/\">Per saperne di pi\u00f9 sulle case di Shakespeare<\/a><\/p>\n<h3>Collezione mondiale<\/h3>\n<p>Nel centro di tutto c\u2019\u00e8 &#8220;Shakespeare&#8221;, per questo l&#8217;organizzazione pu\u00f2 vantare la pi\u00f9 grande biblioteca Shakespeariana, il museo e gli archivi, che sono aperti al pubblico. Inoltre l\u2019organizzazione vantare una collezione di pi\u00f9 di 1 milione di documenti, 55.000 libri e 12.000 reperti museali. L\u2019organizzazione si occupa anche degli archivi di registrazioni teatrali della Royal Shakespeare Company e dell\u2019ampio archivio di storia locale di Stratford-upon-Avon e del sud di Warwickshire. Le registrazioni risalgono al XII secolo.<\/p>\n<p>Le nostre collezioni sono state definite collezioni d\u2019importanza internazionale, e sono aperte al pubblico nelle nostre case storiche, attraverso il nostro <a href=\"http:\/\/collections.shakespeare.org.uk\/\">catalogo online<\/a> o visitando <a href=\"https:\/\/www.shakespeare.org.uk\/visit\/plan-your-visit\/reading-room\/\">la sala di lettura<\/a> del Centro di Shakespeare a Stratford-upon-Avon.<\/p>\n<p><a href=\"https:\/\/www.shakespeare.org.uk\/explore-shakespeare\/collections\/\">Per saperne di pi\u00f9 sulle nostre collezioni<\/a><\/p>\n<h2><img loading=\"lazy\" decoding=\"async\" class=\"size-medium wp-image-128 alignleft\" src=\"http:\/\/cultureshake.ph-karlsruhe.de\/wordpress\/wp-content\/uploads\/2016\/12\/High_Schools__Unis.2e16d0ba.fill-1200x600-c75-300x150.jpg\" alt=\"\" width=\"300\" height=\"150\" srcset=\"https:\/\/cultureshake.ph-karlsruhe.de\/wordpress\/wp-content\/uploads\/2016\/12\/High_Schools__Unis.2e16d0ba.fill-1200x600-c75-300x150.jpg 300w, https:\/\/cultureshake.ph-karlsruhe.de\/wordpress\/wp-content\/uploads\/2016\/12\/High_Schools__Unis.2e16d0ba.fill-1200x600-c75-768x384.jpg 768w, https:\/\/cultureshake.ph-karlsruhe.de\/wordpress\/wp-content\/uploads\/2016\/12\/High_Schools__Unis.2e16d0ba.fill-1200x600-c75-1024x512.jpg 1024w, https:\/\/cultureshake.ph-karlsruhe.de\/wordpress\/wp-content\/uploads\/2016\/12\/High_Schools__Unis.2e16d0ba.fill-1200x600-c75-100x50.jpg 100w, https:\/\/cultureshake.ph-karlsruhe.de\/wordpress\/wp-content\/uploads\/2016\/12\/High_Schools__Unis.2e16d0ba.fill-1200x600-c75-150x75.jpg 150w, https:\/\/cultureshake.ph-karlsruhe.de\/wordpress\/wp-content\/uploads\/2016\/12\/High_Schools__Unis.2e16d0ba.fill-1200x600-c75-200x100.jpg 200w, https:\/\/cultureshake.ph-karlsruhe.de\/wordpress\/wp-content\/uploads\/2016\/12\/High_Schools__Unis.2e16d0ba.fill-1200x600-c75-450x225.jpg 450w, https:\/\/cultureshake.ph-karlsruhe.de\/wordpress\/wp-content\/uploads\/2016\/12\/High_Schools__Unis.2e16d0ba.fill-1200x600-c75-600x300.jpg 600w, https:\/\/cultureshake.ph-karlsruhe.de\/wordpress\/wp-content\/uploads\/2016\/12\/High_Schools__Unis.2e16d0ba.fill-1200x600-c75-900x450.jpg 900w, https:\/\/cultureshake.ph-karlsruhe.de\/wordpress\/wp-content\/uploads\/2016\/12\/High_Schools__Unis.2e16d0ba.fill-1200x600-c75.jpg 1200w\" sizes=\"auto, (max-width: 300px) 100vw, 300px\" \/><\/h2>\n<h3>Apprendimento per tutti<\/h3>\n<p>L&#8217;organizzazione svolge un programma pluripremiato di fama mondiale di educazione formale e informale e conferenze letterarie, che promuove il rispetto e lo studio di Shakespeare ed il progresso della conoscenza di Shakespeare a livello internazionale. Il Shakespeare Birthplace Trust \u00e8 anche sede dell\u2019associazione Internazionale di Shakespeare (l\u2019International Shakespeare Association), che offre a persone e istituzioni l&#8217;opportunit\u00e0 di partecipare e diffondere la conoscenza su Shakespeare in tutto il mondo. <\/p>\n<p><a href=\"https:\/\/www.shakespeare.org.uk\/education\/\">Per saperne di pi\u00f9 sul SBT<\/a><\/p>\n<h3>Attivit\u00e0 di ricerca<\/h3>\n<p>I nostri dipendenti sono attivi anche nel campo della ricerca e la presentazione di articoli a convegni ed eventi in tutto il mondo. Continuano a preparare nuove pubblicazioni e si impegnano in discussioni accademiche su opere Shakespeariane, la sua vita ed il tempo in cui visse. Il Shakespeare Birthplace Trust \u00e8 anche la sede della Associazione Internazionale di Shakespeare (l\u2019International Shakespeare Association) e svolge un ruolo attivo al Congresso Mondiale di Shakespeare (World Shakespeare Congress).<\/p>\n<p><a href=\"https:\/\/www.shakespeare.org.uk\/education\/research-scholars\/\">Per saperne di pi\u00f9 sull&#8217;attivit\u00e0 di ricerca del organizzazione<\/a><\/p>\n<p><img loading=\"lazy\" decoding=\"async\" class=\"size-medium wp-image-127 aligncenter\" src=\"http:\/\/cultureshake.ph-karlsruhe.de\/wordpress\/wp-content\/uploads\/2016\/12\/About_Us.1e880fbc.fill-1200x600-c75-300x150.jpg\" alt=\"\" width=\"300\" height=\"150\" srcset=\"https:\/\/cultureshake.ph-karlsruhe.de\/wordpress\/wp-content\/uploads\/2016\/12\/About_Us.1e880fbc.fill-1200x600-c75-300x150.jpg 300w, https:\/\/cultureshake.ph-karlsruhe.de\/wordpress\/wp-content\/uploads\/2016\/12\/About_Us.1e880fbc.fill-1200x600-c75-768x384.jpg 768w, https:\/\/cultureshake.ph-karlsruhe.de\/wordpress\/wp-content\/uploads\/2016\/12\/About_Us.1e880fbc.fill-1200x600-c75-1024x512.jpg 1024w, https:\/\/cultureshake.ph-karlsruhe.de\/wordpress\/wp-content\/uploads\/2016\/12\/About_Us.1e880fbc.fill-1200x600-c75-100x50.jpg 100w, https:\/\/cultureshake.ph-karlsruhe.de\/wordpress\/wp-content\/uploads\/2016\/12\/About_Us.1e880fbc.fill-1200x600-c75-150x75.jpg 150w, https:\/\/cultureshake.ph-karlsruhe.de\/wordpress\/wp-content\/uploads\/2016\/12\/About_Us.1e880fbc.fill-1200x600-c75-200x100.jpg 200w, https:\/\/cultureshake.ph-karlsruhe.de\/wordpress\/wp-content\/uploads\/2016\/12\/About_Us.1e880fbc.fill-1200x600-c75-450x225.jpg 450w, https:\/\/cultureshake.ph-karlsruhe.de\/wordpress\/wp-content\/uploads\/2016\/12\/About_Us.1e880fbc.fill-1200x600-c75-600x300.jpg 600w, https:\/\/cultureshake.ph-karlsruhe.de\/wordpress\/wp-content\/uploads\/2016\/12\/About_Us.1e880fbc.fill-1200x600-c75-900x450.jpg 900w, https:\/\/cultureshake.ph-karlsruhe.de\/wordpress\/wp-content\/uploads\/2016\/12\/About_Us.1e880fbc.fill-1200x600-c75.jpg 1200w\" sizes=\"auto, (max-width: 300px) 100vw, 300px\" \/><\/p>\n<p>&nbsp;<\/p>\n<p>Per saperne di pi\u00f9 su chi siamo e che cosa facciamo per condividere Shakespeare con il mondo guardate questo breve video:<\/p>\n<p><!-- Auskommentiert wegen Google Fonts\n<iframe loading=\"lazy\" src=\"https:\/\/www.youtube.com\/embed\/chUkmvZu_Kg\" width=\"725\" height=\"408\" frameborder=\"0\" allowfullscreen=\"allowfullscreen\"><\/iframe>\n--><\/p>\n<p>&nbsp;<\/p>\n<h3>CUSHA nel Shakespeare Birthplace Trust<\/h3>\n<p>La parte progettuale di Stratford che lavora sul progetto Culture Shake viene curata dal gruppo per l&#8217;apprendimento e la collaborazione del Shakespeare Birthplace Trust. <a href=\"mailto:lisa.peter@shakespeare.org.uk\">Lisa Peter<\/a>, docente internazionale sugli studi di Shakespeare ed esperta nell\u2019insegnamento di Shakespeare a coloro che impararono lingue in tutto il mondo, \u00e8 la responsabile del progetto a Stratford ed \u00e8 anche responsabile per la metodologia di gestione <em>Shakespeare in the 21st-Century Classroom<\/em> e per la preparazione del workshop che si svolger\u00e0 nel mese di settembre del 2017 a Stratford.<\/p>\n<p><img loading=\"lazy\" decoding=\"async\" class=\" wp-image-130 alignleft\" src=\"http:\/\/cultureshake.ph-karlsruhe.de\/wordpress\/wp-content\/uploads\/2016\/12\/Headshot-LP-high-res-229x300.jpeg\" alt=\"\" width=\"101\" height=\"132\" srcset=\"https:\/\/cultureshake.ph-karlsruhe.de\/wordpress\/wp-content\/uploads\/2016\/12\/Headshot-LP-high-res-229x300.jpeg 229w, https:\/\/cultureshake.ph-karlsruhe.de\/wordpress\/wp-content\/uploads\/2016\/12\/Headshot-LP-high-res-768x1008.jpeg 768w, https:\/\/cultureshake.ph-karlsruhe.de\/wordpress\/wp-content\/uploads\/2016\/12\/Headshot-LP-high-res-781x1024.jpeg 781w, https:\/\/cultureshake.ph-karlsruhe.de\/wordpress\/wp-content\/uploads\/2016\/12\/Headshot-LP-high-res-100x131.jpeg 100w, https:\/\/cultureshake.ph-karlsruhe.de\/wordpress\/wp-content\/uploads\/2016\/12\/Headshot-LP-high-res-150x197.jpeg 150w, https:\/\/cultureshake.ph-karlsruhe.de\/wordpress\/wp-content\/uploads\/2016\/12\/Headshot-LP-high-res-200x262.jpeg 200w, https:\/\/cultureshake.ph-karlsruhe.de\/wordpress\/wp-content\/uploads\/2016\/12\/Headshot-LP-high-res-300x394.jpeg 300w, https:\/\/cultureshake.ph-karlsruhe.de\/wordpress\/wp-content\/uploads\/2016\/12\/Headshot-LP-high-res-450x590.jpeg 450w, https:\/\/cultureshake.ph-karlsruhe.de\/wordpress\/wp-content\/uploads\/2016\/12\/Headshot-LP-high-res-600x787.jpeg 600w, https:\/\/cultureshake.ph-karlsruhe.de\/wordpress\/wp-content\/uploads\/2016\/12\/Headshot-LP-high-res-900x1181.jpeg 900w, https:\/\/cultureshake.ph-karlsruhe.de\/wordpress\/wp-content\/uploads\/2016\/12\/Headshot-LP-high-res.jpeg 1244w\" sizes=\"auto, (max-width: 101px) 100vw, 101px\" \/><\/p>\n<p>Nel contesto dell\u2019insegnamento nell\u2019ambito dell&#8217;organizzazione Lisa presta particolare attenzione ai gruppi internazionali la cui prima lingua non \u00e8 l&#8217;inglese, ed \u00e8 specializzata nella traduzione di Shakespeare e la ricezione di Shakespeare a livello mondiale. All&#8217;interno dell&#8217;organizzazione ha lanciato una <a href=\"https:\/\/www.shakespeare.org.uk\/education\/efl\/\">nuova gamma di incontri formativi per coloro che imparano la lingua<\/a> e nel contesto dell\u2019anniversario di Shakespeare nel 2016 insieme al British Council ha partecipato allo sviluppo di corsi on-line Massive Open Online Course online <a href=\"https:\/\/www.futurelearn.com\/courses\/explore-english-shakespeare\/\"><em>Exploring English: Shakespeare<\/em> <\/a>. Inoltre, Lisa ha contribuito al programma della BBC nell&#8217;apprendimento della lingua <a href=\"http:\/\/www.bbc.co.uk\/learningenglish\/english\/course\/shakespeare\"><em>Shakespeare Speaks<\/em><\/a>, perch\u00e9 ha preparato regole d\u2019insegnamento per il <em>Digital Theatre Plus<\/em>. All&#8217;interno dell&#8217;organizzazione Lisa offre corsi di formazione per insegnanti di lingua ed \u00e8 regolarmente presente alle conferenze internazionali sulla didattica Shakespeariana per studenti che imparando la lingua.<\/p>","protected":false},"excerpt":{"rendered":"<\/p>\n<p class=\"hero-wrapper-info-subtitle\"><img loading=\"lazy\" decoding=\"async\" class=\"size-medium wp-image-125 aligncenter\" src=\"http:\/\/cultureshake.ph-karlsruhe.de\/wordpress\/wp-content\/uploads\/2016\/12\/SBT-\u00a9-Amy-Murrell-2010-168-small-300x199.jpg\" alt=\"\" width=\"300\" height=\"199\" srcset=\"https:\/\/cultureshake.ph-karlsruhe.de\/wordpress\/wp-content\/uploads\/2016\/12\/SBT-\u00a9-Amy-Murrell-2010-168-small-300x199.jpg 300w, https:\/\/cultureshake.ph-karlsruhe.de\/wordpress\/wp-content\/uploads\/2016\/12\/SBT-\u00a9-Amy-Murrell-2010-168-small-100x66.jpg 100w, https:\/\/cultureshake.ph-karlsruhe.de\/wordpress\/wp-content\/uploads\/2016\/12\/SBT-\u00a9-Amy-Murrell-2010-168-small-150x100.jpg 150w, https:\/\/cultureshake.ph-karlsruhe.de\/wordpress\/wp-content\/uploads\/2016\/12\/SBT-\u00a9-Amy-Murrell-2010-168-small-200x133.jpg 200w, https:\/\/cultureshake.ph-karlsruhe.de\/wordpress\/wp-content\/uploads\/2016\/12\/SBT-\u00a9-Amy-Murrell-2010-168-small-450x299.jpg 450w, https:\/\/cultureshake.ph-karlsruhe.de\/wordpress\/wp-content\/uploads\/2016\/12\/SBT-\u00a9-Amy-Murrell-2010-168-small-600x399.jpg 600w, https:\/\/cultureshake.ph-karlsruhe.de\/wordpress\/wp-content\/uploads\/2016\/12\/SBT-\u00a9-Amy-Murrell-2010-168-small.jpg 700w\" sizes=\"auto, (max-width: 300px) 100vw, 300px\" \/><\/p>\n<p class=\"hero-wrapper-info-subtitle\">Il Shakespeare Birthplace Trust \u00e8 un&#8217;organizzazione di beneficenza indipendente che si rivolge al pi\u00f9 importante patrimonio culturale del mondo di Shakespeare situato a Stratford-upon-Avon e incoraggia a rivivere e comprendere le sue opere, la sua vita e il tempo in cui visse,<\/p>\n<p><span class=\"ellipsis\">&hellip;<\/span><\/p>\n<div class=\"read-more\"><a href=\"https:\/\/cultureshake.ph-karlsruhe.de\/cusha\/it\/ueber-uns\/shakespeare-birthplace-trust-sbt\/\">Leggi altro &#8250;<\/a><\/div>\n<p><!-- end of .read-more --><\/p>\n","protected":false},"author":1,"featured_media":0,"parent":40,"menu_order":3,"comment_status":"closed","ping_status":"closed","template":"","meta":{"footnotes":""},"class_list":["post-49","page","type-page","status-publish","hentry"],"_links":{"self":[{"href":"https:\/\/cultureshake.ph-karlsruhe.de\/cusha\/it\/wp-json\/wp\/v2\/pages\/49","targetHints":{"allow":["GET"]}}],"collection":[{"href":"https:\/\/cultureshake.ph-karlsruhe.de\/cusha\/it\/wp-json\/wp\/v2\/pages"}],"about":[{"href":"https:\/\/cultureshake.ph-karlsruhe.de\/cusha\/it\/wp-json\/wp\/v2\/types\/page"}],"author":[{"embeddable":true,"href":"https:\/\/cultureshake.ph-karlsruhe.de\/cusha\/it\/wp-json\/wp\/v2\/users\/1"}],"replies":[{"embeddable":true,"href":"https:\/\/cultureshake.ph-karlsruhe.de\/cusha\/it\/wp-json\/wp\/v2\/comments?post=49"}],"version-history":[{"count":21,"href":"https:\/\/cultureshake.ph-karlsruhe.de\/cusha\/it\/wp-json\/wp\/v2\/pages\/49\/revisions"}],"predecessor-version":[{"id":1079,"href":"https:\/\/cultureshake.ph-karlsruhe.de\/cusha\/it\/wp-json\/wp\/v2\/pages\/49\/revisions\/1079"}],"up":[{"embeddable":true,"href":"https:\/\/cultureshake.ph-karlsruhe.de\/cusha\/it\/wp-json\/wp\/v2\/pages\/40"}],"wp:attachment":[{"href":"https:\/\/cultureshake.ph-karlsruhe.de\/cusha\/it\/wp-json\/wp\/v2\/media?parent=49"}],"curies":[{"name":"wp","href":"https:\/\/api.w.org\/{rel}","templated":true}]}}