{"id":47,"date":"2016-12-07T19:59:39","date_gmt":"2016-12-07T18:59:39","guid":{"rendered":"http:\/\/cultureshake.ph-karlsruhe.de\/cusha\/?page_id=47"},"modified":"2019-11-08T12:10:55","modified_gmt":"2019-11-08T11:10:55","slug":"ph-karlsruhe","status":"publish","type":"page","link":"https:\/\/cultureshake.ph-karlsruhe.de\/cusha\/it\/ueber-uns\/ph-karlsruhe\/","title":{"rendered":"Universit\u00e0 di studi educativi di Karlsruhe"},"content":{"rendered":"<p><img loading=\"lazy\" decoding=\"async\" class=\"aligncenter size-full wp-image-192\" src=\"http:\/\/cultureshake.ph-karlsruhe.de\/wordpress\/wp-content\/uploads\/2016\/12\/ph_600.jpg\" alt=\"\" width=\"600\" height=\"430\" srcset=\"https:\/\/cultureshake.ph-karlsruhe.de\/wordpress\/wp-content\/uploads\/2016\/12\/ph_600.jpg 600w, https:\/\/cultureshake.ph-karlsruhe.de\/wordpress\/wp-content\/uploads\/2016\/12\/ph_600-300x215.jpg 300w, https:\/\/cultureshake.ph-karlsruhe.de\/wordpress\/wp-content\/uploads\/2016\/12\/ph_600-100x72.jpg 100w, https:\/\/cultureshake.ph-karlsruhe.de\/wordpress\/wp-content\/uploads\/2016\/12\/ph_600-150x108.jpg 150w, https:\/\/cultureshake.ph-karlsruhe.de\/wordpress\/wp-content\/uploads\/2016\/12\/ph_600-200x143.jpg 200w, https:\/\/cultureshake.ph-karlsruhe.de\/wordpress\/wp-content\/uploads\/2016\/12\/ph_600-450x323.jpg 450w\" sizes=\"auto, (max-width: 600px) 100vw, 600px\" \/><\/p>\n<p>L&#8217;Universit\u00e0 di studi educativi di Karlsruhe \u00e8 una delle sei universit\u00e0 di studi educativi nello stato federale di Baden-Wuerttemberg. L&#8217;Universit\u00e0 di studi educativi \u00e8 speciale perch\u00e9 \u00e8 l&#8217;unica nello stato federale di Baden-W\u00fcrttemberg che offre il profilo universitario e consente la promozione e l&#8217;abilitazione. Gli studenti che vogliono diventare insegnanti nelle scuole primarie o nelle diverse scuole secondarie da noi incontrano l&#8217;integrazione di scienze dell&#8217;educazione, le scienze tecniche, l&#8217;elaborazione didattica dei contenuti scientifici ed anche l\u2019apprendistato nelle scuole durante lo studio. Dal 1999 viene svolto il profilo speciale del programma europeo d\u2019insegnamento European Teacher Course.<\/p>\n<p>&nbsp;<\/p>\n<p><img loading=\"lazy\" decoding=\"async\" class=\"alignleft size-full wp-image-187\" src=\"http:\/\/cultureshake.ph-karlsruhe.de\/wordpress\/wp-content\/uploads\/2016\/12\/spiral_600.jpg\" alt=\"\" width=\"300\" height=\"451\" srcset=\"https:\/\/cultureshake.ph-karlsruhe.de\/wordpress\/wp-content\/uploads\/2016\/12\/spiral_600.jpg 600w, https:\/\/cultureshake.ph-karlsruhe.de\/wordpress\/wp-content\/uploads\/2016\/12\/spiral_600-200x301.jpg 200w, https:\/\/cultureshake.ph-karlsruhe.de\/wordpress\/wp-content\/uploads\/2016\/12\/spiral_600-100x150.jpg 100w, https:\/\/cultureshake.ph-karlsruhe.de\/wordpress\/wp-content\/uploads\/2016\/12\/spiral_600-150x226.jpg 150w, https:\/\/cultureshake.ph-karlsruhe.de\/wordpress\/wp-content\/uploads\/2016\/12\/spiral_600-300x451.jpg 300w, https:\/\/cultureshake.ph-karlsruhe.de\/wordpress\/wp-content\/uploads\/2016\/12\/spiral_600-450x677.jpg 450w\" sizes=\"auto, (max-width: 300px) 100vw, 300px\" \/><\/p>\n<h3>La storia<\/h3>\n<p>Nel 1757 nella citt\u00e0 di Karlsruhe viene organizzato il primo corso di formazione e vengono adottati i regolamenti per gli esami di insegnamento. Nel 1768 in via &#8220;Kaiserstra\u00dfe&#8221; fu fondato il collegio per insegnanti. Nel 1807 l&#8217;edificio fu demolito e ricostruito nel 1823, in via &#8220;Markgrafenstra\u00dfe 48&#8221; vicino &#8220;Rondellplatz&#8221;, sotto la guida di Heinrich Wilhelm Katz (1763-1851), nel contesto della leadership educativa Pestalozzi-student Wilhelm Stern (1792- 1873). Frequentare il collegio per insegnanti divento obbligatorio per tutti i candidati protestanti. Dopo molti spostamenti nel 1870 l\u2019edificio in via &#8220;Bismarckstra\u00dfe 10 &#8221; dove oggi risiede la presente Universit\u00e0 di studi educativi di Karlsruhe, divento la case dell&#8217;istituto. Durante il 1931 e 1934 l&#8217;istituto fu temporaneamente chiuso, a causa della mancanza di opportunit\u00e0 lavorative. L&#8217;edificio in via &#8220;Bismarckstra\u00dfe&#8221; fu distrutto nel 1944 e ricostruito nel 1957. Nel 1958 inizio lo sviluppo dell&#8217;universit\u00e0 e il 29 maggio 1962 fu conferito il certificato di fondazione dell\u2019Universit\u00e0 di studi educativi di  Karlsruhe, nel 1965 segui la conferma ufficiale dello stato federale. In conformit\u00e0 con la legge, sullo stato giuridico della fondazione dell\u2019Universit\u00e0 di studi educatiti, nel 1971 le universit\u00e0 di studi educativi diventarono istituzioni scientifiche indipendenti. Il limitato diritto di promozione \u00e8 diventato un diritto illimitato di promozione, grazie all\u2019ammendamento del 1987. Nel 2005 segui il diritto illimitato per l&#8217;abilitazione.<\/p>\n<p><a href=\"https:\/\/www.ph-karlsruhe.de\/hochschule\/portraet\/geschichte\" rel=\"noopener noreferrer\" target=\"_blank\">Per saperne di pi\u00f9 sulla nostra storia<\/a><\/p>\n<p>&nbsp;<\/p>\n<h3>Internazionalizzazione <\/h3>\n<p>Nel 2012, il Senato dell\u2019Universit\u00e0 di studi educativi di Karlsruhe ha adottato una strategia d\u2018internazionalizzazione. L&#8217;obiettivo della strategia \u00e8 un\u2019alta qualit\u00e0 dello sviluppo dell\u2019universit\u00e0. <img loading=\"lazy\" decoding=\"async\" class=\"aligncenter size-full wp-image-191\" src=\"http:\/\/cultureshake.ph-karlsruhe.de\/wordpress\/wp-content\/uploads\/2016\/12\/kaleidoskop_600.jpg\" alt=\"\" width=\"600\" height=\"338\" srcset=\"https:\/\/cultureshake.ph-karlsruhe.de\/wordpress\/wp-content\/uploads\/2016\/12\/kaleidoskop_600.jpg 600w, https:\/\/cultureshake.ph-karlsruhe.de\/wordpress\/wp-content\/uploads\/2016\/12\/kaleidoskop_600-300x169.jpg 300w, https:\/\/cultureshake.ph-karlsruhe.de\/wordpress\/wp-content\/uploads\/2016\/12\/kaleidoskop_600-100x56.jpg 100w, https:\/\/cultureshake.ph-karlsruhe.de\/wordpress\/wp-content\/uploads\/2016\/12\/kaleidoskop_600-150x85.jpg 150w, https:\/\/cultureshake.ph-karlsruhe.de\/wordpress\/wp-content\/uploads\/2016\/12\/kaleidoskop_600-200x113.jpg 200w, https:\/\/cultureshake.ph-karlsruhe.de\/wordpress\/wp-content\/uploads\/2016\/12\/kaleidoskop_600-450x254.jpg 450w\" sizes=\"auto, (max-width: 600px) 100vw, 600px\" \/><br \/>\n<a href=\"https:\/\/www.ph-karlsruhe.de\/campus\/serviceeinrichtungen\/akademisches-auslandsamt\" rel=\"noopener noreferrer\" target=\"_blank\">Per saperne di pi\u00f9 sull&#8217;internazionalizzazione<\/a><\/p>\n<h3>CUSHA e l&#8217;Universit\u00e0 di studi educativi di Karlsruhe<\/h3>\n<p>Il progetto Erasmus + \u00e8 coordinato dall\u2018Universit\u00e0 di studi educativi di Karlsruhe. La responsabile del progetto \u00e8 <a href=\"https:\/\/www.ph-karlsruhe.de\/hochschule\/organisation\/fakultaet-b\/institut-fuer-transdisziplinaere-sozialwissenschaft#accordion_8026_5\" rel=\"noopener norefferer noreferrer\" target=\"_blank\">la dottoressa Annette Deschner<\/a> che si occupa del monitoraggio del progetto e la gestione tematica del progetto, specialmente nel campo della didattica culturale e multilingue. <\/p>\n<p><img loading=\"lazy\" decoding=\"async\" class=\"alignleft size-medium wp-image-204\" src=\"http:\/\/cultureshake.ph-karlsruhe.de\/wordpress\/wp-content\/uploads\/2017\/01\/Deschner_Portrait_1000x1279-235x300.jpg\" alt=\"\" width=\"235\" height=\"300\" srcset=\"https:\/\/cultureshake.ph-karlsruhe.de\/wordpress\/wp-content\/uploads\/2017\/01\/Deschner_Portrait_1000x1279-235x300.jpg 235w, https:\/\/cultureshake.ph-karlsruhe.de\/wordpress\/wp-content\/uploads\/2017\/01\/Deschner_Portrait_1000x1279-768x982.jpg 768w, https:\/\/cultureshake.ph-karlsruhe.de\/wordpress\/wp-content\/uploads\/2017\/01\/Deschner_Portrait_1000x1279-801x1024.jpg 801w, https:\/\/cultureshake.ph-karlsruhe.de\/wordpress\/wp-content\/uploads\/2017\/01\/Deschner_Portrait_1000x1279-100x128.jpg 100w, https:\/\/cultureshake.ph-karlsruhe.de\/wordpress\/wp-content\/uploads\/2017\/01\/Deschner_Portrait_1000x1279-150x192.jpg 150w, https:\/\/cultureshake.ph-karlsruhe.de\/wordpress\/wp-content\/uploads\/2017\/01\/Deschner_Portrait_1000x1279-200x256.jpg 200w, https:\/\/cultureshake.ph-karlsruhe.de\/wordpress\/wp-content\/uploads\/2017\/01\/Deschner_Portrait_1000x1279-300x384.jpg 300w, https:\/\/cultureshake.ph-karlsruhe.de\/wordpress\/wp-content\/uploads\/2017\/01\/Deschner_Portrait_1000x1279-450x576.jpg 450w, https:\/\/cultureshake.ph-karlsruhe.de\/wordpress\/wp-content\/uploads\/2017\/01\/Deschner_Portrait_1000x1279-600x767.jpg 600w, https:\/\/cultureshake.ph-karlsruhe.de\/wordpress\/wp-content\/uploads\/2017\/01\/Deschner_Portrait_1000x1279-900x1151.jpg 900w, https:\/\/cultureshake.ph-karlsruhe.de\/wordpress\/wp-content\/uploads\/2017\/01\/Deschner_Portrait_1000x1279.jpg 1000w\" sizes=\"auto, (max-width: 235px) 100vw, 235px\" \/>La dottoressa Annette Deschner lavora per l&#8217;Istituto di scienze sociali transdisciplinare e si occupa di CLIL (Content and Language Integrated Learning), didattica multilingue e studi culturali.<\/p>\n<p>&nbsp;<\/p>","protected":false},"excerpt":{"rendered":"<p><img loading=\"lazy\" decoding=\"async\" class=\"aligncenter size-full wp-image-192\" src=\"http:\/\/cultureshake.ph-karlsruhe.de\/wordpress\/wp-content\/uploads\/2016\/12\/ph_600.jpg\" alt=\"\" width=\"600\" height=\"430\" srcset=\"https:\/\/cultureshake.ph-karlsruhe.de\/wordpress\/wp-content\/uploads\/2016\/12\/ph_600.jpg 600w, https:\/\/cultureshake.ph-karlsruhe.de\/wordpress\/wp-content\/uploads\/2016\/12\/ph_600-300x215.jpg 300w, https:\/\/cultureshake.ph-karlsruhe.de\/wordpress\/wp-content\/uploads\/2016\/12\/ph_600-100x72.jpg 100w, https:\/\/cultureshake.ph-karlsruhe.de\/wordpress\/wp-content\/uploads\/2016\/12\/ph_600-150x108.jpg 150w, https:\/\/cultureshake.ph-karlsruhe.de\/wordpress\/wp-content\/uploads\/2016\/12\/ph_600-200x143.jpg 200w, https:\/\/cultureshake.ph-karlsruhe.de\/wordpress\/wp-content\/uploads\/2016\/12\/ph_600-450x323.jpg 450w\" sizes=\"auto, (max-width: 600px) 100vw, 600px\" \/><\/p>\n<p>L&#8217;Universit\u00e0 di studi educativi di Karlsruhe \u00e8 una delle sei universit\u00e0 di studi educativi nello stato federale di Baden-Wuerttemberg. L&#8217;Universit\u00e0 di studi educativi \u00e8 speciale perch\u00e9 \u00e8 l&#8217;unica nello stato federale di Baden-W\u00fcrttemberg che offre il profilo universitario e consente la promozione e l&#8217;abilitazione.<\/p>\n<p><span class=\"ellipsis\">&hellip;<\/span><\/p>\n<div class=\"read-more\"><a href=\"https:\/\/cultureshake.ph-karlsruhe.de\/cusha\/it\/ueber-uns\/ph-karlsruhe\/\">Leggi altro &#8250;<\/a><\/div>\n<p><!-- end of .read-more --><\/p>\n","protected":false},"author":1,"featured_media":0,"parent":40,"menu_order":1,"comment_status":"closed","ping_status":"closed","template":"","meta":{"footnotes":""},"class_list":["post-47","page","type-page","status-publish","hentry"],"_links":{"self":[{"href":"https:\/\/cultureshake.ph-karlsruhe.de\/cusha\/it\/wp-json\/wp\/v2\/pages\/47","targetHints":{"allow":["GET"]}}],"collection":[{"href":"https:\/\/cultureshake.ph-karlsruhe.de\/cusha\/it\/wp-json\/wp\/v2\/pages"}],"about":[{"href":"https:\/\/cultureshake.ph-karlsruhe.de\/cusha\/it\/wp-json\/wp\/v2\/types\/page"}],"author":[{"embeddable":true,"href":"https:\/\/cultureshake.ph-karlsruhe.de\/cusha\/it\/wp-json\/wp\/v2\/users\/1"}],"replies":[{"embeddable":true,"href":"https:\/\/cultureshake.ph-karlsruhe.de\/cusha\/it\/wp-json\/wp\/v2\/comments?post=47"}],"version-history":[{"count":21,"href":"https:\/\/cultureshake.ph-karlsruhe.de\/cusha\/it\/wp-json\/wp\/v2\/pages\/47\/revisions"}],"predecessor-version":[{"id":1067,"href":"https:\/\/cultureshake.ph-karlsruhe.de\/cusha\/it\/wp-json\/wp\/v2\/pages\/47\/revisions\/1067"}],"up":[{"embeddable":true,"href":"https:\/\/cultureshake.ph-karlsruhe.de\/cusha\/it\/wp-json\/wp\/v2\/pages\/40"}],"wp:attachment":[{"href":"https:\/\/cultureshake.ph-karlsruhe.de\/cusha\/it\/wp-json\/wp\/v2\/media?parent=47"}],"curies":[{"name":"wp","href":"https:\/\/api.w.org\/{rel}","templated":true}]}}