{"id":356,"date":"2017-07-02T16:47:10","date_gmt":"2017-07-02T14:47:10","guid":{"rendered":"http:\/\/cultureshake.ph-karlsruhe.de\/cusha\/?page_id=356"},"modified":"2018-05-21T17:08:09","modified_gmt":"2018-05-21T15:08:09","slug":"datenschutz","status":"publish","type":"page","link":"https:\/\/cultureshake.ph-karlsruhe.de\/cusha\/it\/datenschutz\/","title":{"rendered":"Informativa Sulla Privacy"},"content":{"rendered":"<p class=\"qtranxs-available-languages-message qtranxs-available-languages-message-it\">Ci spiace, ma questo articolo \u00e8 disponibile soltanto in <a href=\"https:\/\/cultureshake.ph-karlsruhe.de\/cusha\/de\/wp-json\/wp\/v2\/pages\/356\" class=\"qtranxs-available-language-link qtranxs-available-language-link-de\" title=\"Deutsch\">Deutsch<\/a>. Per ragioni di convenienza del visitatore, il contenuto \u00e8 mostrato sotto nella lingua alternativa. Puoi cliccare sul link per cambiare la lingua attiva.<\/p><p><\/p>\n<p>Diese Datenschutzerkl\u00e4rung kl\u00e4rt Sie \u00fcber die Art, den Umfang und Zweck der Verarbeitung von personenbezogenen Daten innerhalb unseres Onlineangebotes cultureshake.eu bzw. cultureshake.ph-karlsruhe.de auf. <\/p>\n<p><strong>Verantwortlicher<\/strong><br \/>\nP\u00e4dagogische Hochschule Karlsruhe<br \/>\nInstitut f\u00fcr Transdisziplin\u00e4re Sozialwissenschaft<br \/>\nDr. Annette Deschner<br \/>\nBismarckstra\u00dfe 10<br \/>\nD 76133 Karlsruhe<\/p>\n<p>\nDie P\u00e4dagogische Hochschule Karlsruhe verarbeitet personenbezogene Daten nur, wenn dies gesetzlich erlaubt ist oder die Nutzerin oder der Nutzer in die Datenverarbeitung eingewilligt hat.<br \/>\nPersonenbezogene Daten sind alle Informationen, die sich auf eine bestimmte oder bestimmbare nat\u00fcrliche Person beziehen.<br \/>\nDie rechtlichen Grundlagen des Datenschutzes finden sich in der EU-Datenschutzgrundverordnung, dem Landesdatenschutzgesetz (LDSG), dem Bundesdatenschutzgesetz (BDSG) und dem Telemediengesetz (TMG).<\/p>\n<p><strong>Der Datenschutzbeauftragte:<\/strong><br \/>\nDr. Stephan Rosebrock<br \/>\nKontakt: <a href=\"mailto:datenschutz@ph-karlsruhe.de\">datenschutz@ph-karlsruhe.de<\/a><\/p>\n<p><strong id=\"Cookies\">Einsatz von Cookies<\/strong><br \/>\nDiese Internetseite verwendet Session- sowie tempor\u00e4re Cookies. Unter einem Cookie wird eine Textdatei verstanden, die beim Besuch der Internetseite verschickt und auf der Festplatte des Besuchers zwischengespeichert wird. Bei erneutem Aufruf der Internetseite wird der empfangene Cookie vom Browser der Website wieder zur\u00fcck an den Server gesendet. Hierdurch kann der Server die durch diese Prozedur erhaltenen Informationen auswerten, z.B. kann so das Navigieren auf der Internetseite erleichtert werden. Session-Cookies werden nach Beendigung des Browsers gel\u00f6scht. Tempor\u00e4re Cookies haben l\u00e4ngere G\u00fcltigkeit. Die Cookies werden unter anderem f\u00fcr Funktionalit\u00e4ten wie Login, den Zugriff auf gesch\u00fctzte Seiten und die Webanalysesoftware \u201eMatomo\u201c ben\u00f6tigt.<br \/>\nDie Nutzung von Cookies kann unterbunden werden, dies ist \u00fcber die Einstellungen des Browsers m\u00f6glich. Bei der Deaktivierung von Cookies kann die Funktionalit\u00e4t dieser Website eingeschr\u00e4nkt sein.<\/p>\n<p><strong>Server Logs<\/strong><br \/>\nBei jedem Zugriff auf eine Seite und bei jedem Abruf einer Datei werden zu statistischen Zwecken und zur Fehlersuche folgende Daten protokolliert und ausgewertet:<br \/>\n&#8211;\tDatum und Uhrzeit<br \/>\n&#8211;\tAbgerufene Datei\/Webseite<br \/>\n&#8211;\tHTTPS Statuscode<br \/>\n&#8211;\tAnzahl der \u00fcbermittelten Daten (in Bytes)<br \/>\n&#8211;\tHTTP User Agent und Betriebssystem<br \/>\nPersonenbezogene Auswertungen mit diesen Daten sind ausgeschlossen.<\/p>\n<p><strong>Webanalyse<\/strong><br \/>\nDiese Internetpr\u00e4senz benutzt den Open Source Webanalysedienst \u201eMatomo\u201c. Die von \u201eMatomo\u201c verwendeten Cookies erm\u00f6glichen eine Analyse der Nutzung der Webseite. Die IP-Adresse des Besuchers wird vor der Speicherung auf den Server anonymisiert. Personenbezogene Auswertungen sind ausgeschlossen. \u201eMatomo\u201c ist auf einem Server der P\u00e4dagogischen Hochschule Karlsruhe installiert.<br \/>\nWenn Sie mit der Speicherung und Auswertung dieser Daten aus Ihrem Besuch nicht einverstanden sind, k\u00f6nnen Sie der Speicherung und Nutzung nachfolgend per Mausklick jederzeit widersprechen. In diesem Fall wird in Ihrem Browser ein sog. Opt-Out-Cookie abgelegt, was zur Folge hat, dass \u201eMatomo\u201c keinerlei Sitzungsdaten erhebt. Achtung: Wenn Sie Ihre Cookies l\u00f6schen, hat dies zur Folge, dass auch das Opt-Out-Cookie gel\u00f6scht wird und ggf. von Ihnen erneut aktiviert werden muss.<br \/>\nDie Logs mit den Daten der Nutzer werden sp\u00e4testens nach Ende des Projekts &#8220;CultureShake&#8221; zum 01.10.2019 gel\u00f6scht.<\/p>\n<p><span><iframe style=\"margin-top: -10px; border: 0; height: 200px; width: 600px;\" src=\"https:\/\/analytics.ph-karlsruhe.de\/index.php?module=CoreAdminHome&#038;action=optOut&#038;language=de\"><\/iframe><\/span>\n<\/p>\n<p><strong>Sichere Verbindung<\/strong><br \/>\nDiese Internetpr\u00e4senz nutzt aus Gr\u00fcnden der Sicherheit und zum Schutz der \u00dcbertragung vertraulicher Inhalte eine SSL-Verschl\u00fcsselung. <\/p>\n<p><strong>Umgang mit Kontaktdaten<\/strong><br \/>\nSollten Sie mit uns per-Email Kontakt aufnehmen, so verwendet die P\u00e4dagogische Hochschule Karlsruhe Ihre Daten nur, um mit Ihnen in Kontakt zu treten. Andere Verwendungen schlie\u00dfen wir aus.<\/p>\n<p><strong>Rechte des Nutzers: Auskunft, Berichtigung und L\u00f6schung<\/strong><br \/>\nSie als Nutzer erhalten auf Antrag Ihrerseits kostenlose Auskunft dar\u00fcber, welche personenbezogenen Daten \u00fcber Sie gespeichert wurden. Sofern Ihr Wunsch nicht mit einer gesetzlichen Pflicht zur Aufbewahrung von Daten (z. B. Vorratsdatenspeicherung) kollidiert, haben Sie ein Anrecht auf Berichtigung falscher Daten und auf die Sperrung oder L\u00f6schung Ihrer personenbezogenen Daten.<\/p>\n<p><strong>Hosting<\/strong><br \/>\nDie von uns in Anspruch genommenen Hosting-Leistungen dienen der Zurverf\u00fcgungstellung der folgenden Leistungen: Infrastruktur- und Plattformdienstleistungen, Sicherheitsleistungen sowie technische Wartungsleistungen, die wir zum Zwecke des Betriebs dieses Onlineangebotes einsetzen. <br \/>\nHierbei verarbeiten wir, bzw. unser Hostinganbieter Nutzungsdaten, Meta- und Kommunikationsdaten von Besuchern dieses Onlineangebotes auf Grundlage unserer berechtigten Interessen an einer effizienten und sicheren Zurverf\u00fcgungstellung dieses Onlineangebotes gem. Art. 6 Abs. 1 lit. f DSGVO i.V.m. Art. 28 DSGVO (Abschluss Auftragsverarbeitungsvertrag).<\/p>\n<p><strong>Einbindung von Diensten und Inhalten Dritter<\/strong><br \/>\nWir setzen innerhalb unseres Onlineangebotes auf Grundlage unserer berechtigten Interessen Inhalts- oder Serviceangebote von Drittanbietern ein, um deren Inhalte und Services, wie z.B. Videos oder Schriftarten einzubinden. <\/p>\n<p><em>YouTube<\/em><br \/>\nWir binden die Videos der Plattform \u201cYouTube\u201d des Anbieters Google LLC, 1600 Amphitheatre Parkway, Mountain View, CA 94043, USA, ein. Datenschutzerkl\u00e4rung: <a target=\"_blank\" href=\"https:\/\/www.google.com\/policies\/privacy\/\">https:\/\/www.google.com\/policies\/privacy\/<\/a>, Opt-Out: <a target=\"_blank\" href=\"https:\/\/adssettings.google.com\/authenticated\">https:\/\/adssettings.google.com\/authenticated<\/a>.<br \/>\n<\/p>","protected":false},"excerpt":{"rendered":"<p class=\"qtranxs-available-languages-message qtranxs-available-languages-message-it\">Ci spiace, ma questo articolo \u00e8 disponibile soltanto in <a href=\"https:\/\/cultureshake.ph-karlsruhe.de\/cusha\/de\/wp-json\/wp\/v2\/pages\/356\" class=\"qtranxs-available-language-link qtranxs-available-language-link-de\" title=\"Deutsch\">Deutsch<\/a>. Per ragioni di convenienza del visitatore, il contenuto \u00e8 mostrato sotto nella lingua alternativa. Puoi cliccare sul link per cambiare la lingua attiva.<\/p>\n<\/p>\n<p>Diese Datenschutzerkl\u00e4rung kl\u00e4rt Sie \u00fcber die Art,<\/p>\n<p><span class=\"ellipsis\">&hellip;<\/span><\/p>\n<div class=\"read-more\"><a href=\"https:\/\/cultureshake.ph-karlsruhe.de\/cusha\/it\/datenschutz\/\">Leggi altro &#8250;<\/a><\/div>\n<p><!-- end of .read-more --><\/p>\n","protected":false},"author":1,"featured_media":0,"parent":0,"menu_order":11,"comment_status":"closed","ping_status":"closed","template":"","meta":{"footnotes":""},"class_list":["post-356","page","type-page","status-publish","hentry"],"_links":{"self":[{"href":"https:\/\/cultureshake.ph-karlsruhe.de\/cusha\/it\/wp-json\/wp\/v2\/pages\/356","targetHints":{"allow":["GET"]}}],"collection":[{"href":"https:\/\/cultureshake.ph-karlsruhe.de\/cusha\/it\/wp-json\/wp\/v2\/pages"}],"about":[{"href":"https:\/\/cultureshake.ph-karlsruhe.de\/cusha\/it\/wp-json\/wp\/v2\/types\/page"}],"author":[{"embeddable":true,"href":"https:\/\/cultureshake.ph-karlsruhe.de\/cusha\/it\/wp-json\/wp\/v2\/users\/1"}],"replies":[{"embeddable":true,"href":"https:\/\/cultureshake.ph-karlsruhe.de\/cusha\/it\/wp-json\/wp\/v2\/comments?post=356"}],"version-history":[{"count":28,"href":"https:\/\/cultureshake.ph-karlsruhe.de\/cusha\/it\/wp-json\/wp\/v2\/pages\/356\/revisions"}],"predecessor-version":[{"id":668,"href":"https:\/\/cultureshake.ph-karlsruhe.de\/cusha\/it\/wp-json\/wp\/v2\/pages\/356\/revisions\/668"}],"wp:attachment":[{"href":"https:\/\/cultureshake.ph-karlsruhe.de\/cusha\/it\/wp-json\/wp\/v2\/media?parent=356"}],"curies":[{"name":"wp","href":"https:\/\/api.w.org\/{rel}","templated":true}]}}