{"id":789,"date":"2019-10-06T18:08:13","date_gmt":"2019-10-06T16:08:13","guid":{"rendered":"http:\/\/cultureshake.ph-karlsruhe.de\/cusha\/?page_id=789"},"modified":"2019-10-29T18:28:59","modified_gmt":"2019-10-29T17:28:59","slug":"goeteborg-23-29-09-2018","status":"publish","type":"page","link":"https:\/\/cultureshake.ph-karlsruhe.de\/cusha\/en\/aktivitaeten\/lernaktivitaeten\/goeteborg-23-29-09-2018\/","title":{"rendered":"Gothenburg, 23\/09 \u2013 29\/09\/2018"},"content":{"rendered":"<p>The third CultureShake learning activity at the English School Gothenburg (ESG) took place from 23\/09 to 29\/09\/2018.<\/p>\n<p>The EU Commission awarded this CultureShake learning activity with the European Year of Cultural Heritage Label:<\/p>\n<p><img loading=\"lazy\" decoding=\"async\" class=\"aligncenter size-full wp-image-791\" src=\"http:\/\/cultureshake.ph-karlsruhe.de\/wordpress\/wp-content\/uploads\/2019\/10\/CulturalHeritageLabel.jpg\" alt=\"\" width=\"424\" height=\"322\" srcset=\"https:\/\/cultureshake.ph-karlsruhe.de\/wordpress\/wp-content\/uploads\/2019\/10\/CulturalHeritageLabel.jpg 424w, https:\/\/cultureshake.ph-karlsruhe.de\/wordpress\/wp-content\/uploads\/2019\/10\/CulturalHeritageLabel-300x228.jpg 300w, https:\/\/cultureshake.ph-karlsruhe.de\/wordpress\/wp-content\/uploads\/2019\/10\/CulturalHeritageLabel-100x76.jpg 100w, https:\/\/cultureshake.ph-karlsruhe.de\/wordpress\/wp-content\/uploads\/2019\/10\/CulturalHeritageLabel-150x114.jpg 150w, https:\/\/cultureshake.ph-karlsruhe.de\/wordpress\/wp-content\/uploads\/2019\/10\/CulturalHeritageLabel-200x152.jpg 200w\" sizes=\"auto, (max-width: 424px) 100vw, 424px\" \/><\/p>\n<h3><strong>Aim<\/strong><\/h3>\n<p>The aim of this learning activity was to continue working on the project\u00b4s products and finalise the intellectual outputs with student involvement. This was the culminating activity in the series of the previous learning activities at Singen and Stratford. After having reflected on the input and experiences gained from the learning activity at Stratford, pupils discussed and reflected in the last face-to-face meeting how to integrate the developed methods into their \u201cPeer Teaching Material\u201d. The teaching material developed after the second learning activity at Stratford was tested in class prior to the Gothenburg learning activity. The underlying goal of this learning activity was to involve pupils in collaborative writing, reviewing their work, revising it, and editing together with experts, students and teachers the final draft of the peer teaching materials.<\/p>\n<h3><strong>Project objectives with this learning<\/strong><\/h3>\n<ul>\n<li>promote language learning and linguistic diversity<\/li>\n<li>promote multilingualism<\/li>\n<li>develop the European dimension in education particularly through the multilingual focus<\/li>\n<li>promote intercultural learning and open up spaces for transculturality<\/li>\n<li>support mobility between teachers and learners<\/li>\n<\/ul>\n<h3><strong>Content concept<\/strong><\/h3>\n<p>The content concept follows the description of the learning activity C1 in Singen. For this learning activity it was even possible for one refugee student to receive a travel allowance. In this case the content concept came to life because the refugee student did not feel different in this setting as the environment in Sweden was very multicultural.<\/p>\n<p>Preparations: The project partners had already planned the activities of this week two years in advance during the course of the contract initiation. Since the official start of the project on 01\/09\/2016 the conceptualisation was further specified, assessed and enhanced. Discussions with the workshop leaders and exploration of the extra-curricular learning environment took place during preparations in Gothenburg within the third transnational project meeting from 15\/05 to 17\/05\/2018.<\/p>\n<h3><strong>Participants<\/strong><\/h3>\n<p>Pupils and teachers of the Stiftelsen English School of Gothenburg (ESG) in Sweden hosted pupils from the Friedrich-W\u00f6hler Gymnasium (FWG). The learning activities were academically supported by Dr. Annette Deschner (University of Education, Karlsruhe), Dr. Mojca Kompara (Primorska University Koper in Slovenia) and Lisa Peter (tutor at the Shakespeare Birthplace Trust Stratford, UK).<\/p>\n<h3>The following activities took place during the week.<\/h3>\n<p><em>Sunday, 23 September 2018<\/em><br \/>\nThe learning activity started with the travel day on Sunday. Due to stormy weather there were delayed flights, which set the stage for our seven-day venture with focus on \u201cThe Tempest\u201d.<\/p>\n<p><em>Monday, 24 September 2018<\/em><br \/>\nMonday morning we all arrived at the ESG and were warmly welcomed by the head of school, Mr. Potter. Year 8 students gave their partners a school tour. After this first encounter, students continued work on the CUSHA online dictionary. At lunch time we all mingled with the school community and enjoyed the meal together as on most of the other days. The workshop during the afternoon was dedicated to group work on the peer teaching material. At the beginning of the Gothenburg learning activity pupils analysed the evaluations of the tested teaching materials in class. On late afternoon students were picked up by their parents and host families for an evening event. The consortium met for an administration meeting.<\/p>\n<p><em>Tuesday, 25 September 2018<\/em><br \/>\nTuesday morning started with the testing of the material so far developed. Year 3 students were delighted by being taught by their peers. During the afternoon the peer activities were evaluated and next peer teaching sessions planned. As evening activity the virtual geocache \u201cOur heritage: where the past meets the future\u201d took place. As the evening activity the virtual geocache \u201cOur heritage: where the past meets the future\u201d took place \u2013 in line with 2018 as the \u201cEU Year of Cultural Heritage\u201d and the awarded EU label for this learning activity. The EU Commission decided to give the European Heritage Label to the third learning activity of CultureShake. The multilingual geocache on the connection between Shakespeare and Gothenburg\u00b4s present and past contributed to the idea of the European Heritage Label.<\/p>\n<p><em>Wednesday, 26 September 2018<\/em><br \/>\nThe morning started with a session on Boal\u00b4s \u201cTheatre of the Oppressed\u201d (further information on Boal in terms of this project can be found in intellectual output 4) took place and was videotaped for e-Twinning sessions and webinars for further teacher education in intellectual output 5. This session was followed by one on the CUSHA online dictionary. In the afternoon students edited the products of the virtual cache and uploaded them. Evening activities for students were organised by the host families and the consortium was given an unforgettable tour through the Botanical Garden in Gothenburg.<\/p>\n<p><em>Thursday, 27 September 2018<\/em><br \/>\nOn Thursday we were invited to show, test and discuss our intellectual outputs at our stakeholder school \u00d6cker\u00f6 Seglande Gymnasieskola, an upper secondary school for students aged 16 to 19. This gave us the opportunity to test different material from intellectual outputs 1, 3 and 4 with another different school type and older students.<br \/>\nIn the morning the activities of the previous days were evaluated with the students. Based on this, activities were planned for the afternoon on \u00d6cker\u00f6. Petra Hult\u00e9n, our stakeholder and German teacher at this school, gave us a warm welcome and introduced us to the \u201cschool under sails\u201d. Next the CUSHA students and experts immersed the \u00d6cker\u00f6 students into the CultureShake intellectual outputs. Students and teachers from \u00d6cker\u00f6 Seglande Gymnasieskola gave positive feedback on the project products: at first the didactic approach and the topic was very new to them, but then with more information and input they said they connected with the topic and methods.<\/p>\n<p><em>Friday, 28 September 2018<\/em><br \/>\nThe feedback from \u00d6cker\u00f6 was discussed and evaluated. Students worked in the feedback into the peer teaching material. This was according to the same process as during the whole week: students were supervised by the experts from the Shakespeare Birthplace Trust, University of Education Karlsruhe and Primorska University, the leads of the intellectual outputs as well as by teachers.<\/p>\n<p>In the afternoon all CUSHA students met with year 8 students to go bowling. In the evening all were invited to a leaving party at one of the host family homes.<\/p>\n<p><em>Saturday, 20 September 2018<\/em><br \/>\nSaturday was our departure day:<\/p>\n<p><strong><em>\u201cThese our actors, as I foretold you, were all spirits, and are melted into air, into thin air\u201d<\/em><\/strong> (The Tempest 4.1.148-150).<\/p>","protected":false},"excerpt":{"rendered":"<p>The third CultureShake learning activity at the English School Gothenburg (ESG) took place from 23\/09 to 29\/09\/2018.<\/p>\n<p>The EU Commission awarded this CultureShake learning activity with the European Year of Cultural Heritage Label:<\/p>\n<p><img loading=\"lazy\" decoding=\"async\" class=\"aligncenter size-full wp-image-791\" src=\"http:\/\/cultureshake.ph-karlsruhe.de\/wordpress\/wp-content\/uploads\/2019\/10\/CulturalHeritageLabel.jpg\" alt=\"\" width=\"424\" height=\"322\" srcset=\"https:\/\/cultureshake.ph-karlsruhe.de\/wordpress\/wp-content\/uploads\/2019\/10\/CulturalHeritageLabel.jpg 424w, https:\/\/cultureshake.ph-karlsruhe.de\/wordpress\/wp-content\/uploads\/2019\/10\/CulturalHeritageLabel-300x228.jpg 300w, https:\/\/cultureshake.ph-karlsruhe.de\/wordpress\/wp-content\/uploads\/2019\/10\/CulturalHeritageLabel-100x76.jpg 100w, https:\/\/cultureshake.ph-karlsruhe.de\/wordpress\/wp-content\/uploads\/2019\/10\/CulturalHeritageLabel-150x114.jpg 150w, https:\/\/cultureshake.ph-karlsruhe.de\/wordpress\/wp-content\/uploads\/2019\/10\/CulturalHeritageLabel-200x152.jpg 200w\" sizes=\"auto, (max-width: 424px) 100vw, 424px\" \/><\/p>\n<p><strong>Aim<\/strong><\/p>\n<p>The aim of this learning activity was to continue working on the project\u00b4s products and finalise the intellectual outputs with student involvement.<\/p>\n<p><span class=\"ellipsis\">&hellip;<\/span><\/p>\n<div class=\"read-more\"><a href=\"https:\/\/cultureshake.ph-karlsruhe.de\/cusha\/en\/aktivitaeten\/lernaktivitaeten\/goeteborg-23-29-09-2018\/\">Read more &#8250;<\/a><\/div>\n<p><!-- end of .read-more --><\/p>\n","protected":false},"author":1,"featured_media":0,"parent":360,"menu_order":3,"comment_status":"closed","ping_status":"closed","template":"","meta":{"footnotes":""},"class_list":["post-789","page","type-page","status-publish","hentry"],"_links":{"self":[{"href":"https:\/\/cultureshake.ph-karlsruhe.de\/cusha\/en\/wp-json\/wp\/v2\/pages\/789","targetHints":{"allow":["GET"]}}],"collection":[{"href":"https:\/\/cultureshake.ph-karlsruhe.de\/cusha\/en\/wp-json\/wp\/v2\/pages"}],"about":[{"href":"https:\/\/cultureshake.ph-karlsruhe.de\/cusha\/en\/wp-json\/wp\/v2\/types\/page"}],"author":[{"embeddable":true,"href":"https:\/\/cultureshake.ph-karlsruhe.de\/cusha\/en\/wp-json\/wp\/v2\/users\/1"}],"replies":[{"embeddable":true,"href":"https:\/\/cultureshake.ph-karlsruhe.de\/cusha\/en\/wp-json\/wp\/v2\/comments?post=789"}],"version-history":[{"count":11,"href":"https:\/\/cultureshake.ph-karlsruhe.de\/cusha\/en\/wp-json\/wp\/v2\/pages\/789\/revisions"}],"predecessor-version":[{"id":1048,"href":"https:\/\/cultureshake.ph-karlsruhe.de\/cusha\/en\/wp-json\/wp\/v2\/pages\/789\/revisions\/1048"}],"up":[{"embeddable":true,"href":"https:\/\/cultureshake.ph-karlsruhe.de\/cusha\/en\/wp-json\/wp\/v2\/pages\/360"}],"wp:attachment":[{"href":"https:\/\/cultureshake.ph-karlsruhe.de\/cusha\/en\/wp-json\/wp\/v2\/media?parent=789"}],"curies":[{"name":"wp","href":"https:\/\/api.w.org\/{rel}","templated":true}]}}